{"id":64487,"date":"2026-04-16T13:29:23","date_gmt":"2026-04-16T10:29:23","guid":{"rendered":"https:\/\/ceasuri.md\/?post_type=product&#038;p=64487"},"modified":"2026-04-24T17:58:08","modified_gmt":"2026-04-24T14:58:08","slug":"poljot-international-tsars-of-russia-le-2427-1541511","status":"publish","type":"product","link":"https:\/\/ceasuri.md\/ru\/shop\/branduri\/poljot-international\/poljot-international-tsars-of-russia-le-2427-1541511\/","title":{"rendered":"\u0427\u0430\u0441\u044b POLJOT INTERNATIONAL TSARS OF RUSSIA LE 2427.1541511"},"content":{"rendered":"<p>Ceasul b\u0103rb\u0103tesc \u201e\u021aarii Rusiei\u201d este o \u00eentruchipare maiestuoas\u0103 a filosofiei m\u0103rcii \u201eP\u0103strarea Tradi\u021biilor\u201d, creat pentru adev\u0103ra\u021bii cunosc\u0103tori ai istoriei \u0219i esteticii imperiale.<br \/>\nCaracteristica unic\u0103 cheie a acestui model este simbolul statalit\u0103\u021bii ruse, vulturul bicefal, gravat cu laser \u0219i aurit cu m\u0103iestrie la ora 12. Acest simbol masiv al puterii este echilibrat armonios de cifre romane mari \u0219i un cadran convex, conferind accesoriului un caracter cu adev\u0103rat vintage \u0219i monumentalitate.<br \/>\nCeasul este echipat cu un mecanism automat cu indicator de dat\u0103 \u0219i zi, vizibil prin capacul transparent. Ergonomia atent\u0103, cu un buton separat pentru setarea rapid\u0103 a datei la ora 2, subliniaz\u0103 func\u021bionalitatea modelului.<br \/>\nAcest accesoriu elegant, \u00een care fiecare detaliu &#8211; de la ace p\u00e2n\u0103 la curea &#8211; este dedicat p\u0103str\u0103rii tradi\u021biei.<br \/>\nAcest model este lansat \u00eentr-o edi\u021bie limitat\u0103 de 300 de exemplare. Num\u0103rul de model 066 este disponibil.<\/p>","protected":false},"excerpt":{"rendered":"<p>Ceasul b\u0103rb\u0103tesc \u201e\u021aarii Rusiei\u201d este o \u00eentruchipare maiestuoas\u0103 a filosofiei m\u0103rcii \u201eP\u0103strarea Tradi\u021biilor\u201d, creat pentru adev\u0103ra\u021bii cunosc\u0103tori ai istoriei \u0219i esteticii imperiale. Caracteristica unic\u0103 cheie a acestui model este simbolul statalit\u0103\u021bii ruse, vulturul bicefal, gravat cu laser \u0219i aurit cu m\u0103iestrie la ora 12. Acest simbol masiv al puterii este echilibrat armonios de cifre romane [&hellip;]<\/p>\n","protected":false},"featured_media":64560,"comment_status":"open","ping_status":"closed","template":"","meta":{"_acf_changed":false},"product_brand":[],"product_cat":[18,20,106,205,569],"product_tag":[],"class_list":{"0":"post-64487","1":"product","2":"type-product","3":"status-publish","4":"has-post-thumbnail","6":"product_cat-branduri","7":"product_cat-ceasuri-barbati","8":"product_cat-ceasuri-premium","9":"product_cat-limited-edition","10":"product_cat-poljot-international","11":"pa_brand-poljot-international","12":"pa_braslet-piele","13":"pa_corpus-43-mm","14":"pa_forma-rotund","15":"pa_funcii-data","16":"pa_funcii-limited-edition","17":"pa_funcii-ziua-saptamanii","18":"pa_garatia-24-luni","19":"pa_korpus-argintiu","20":"pa_material-otel-inoxidabil","21":"pa_mehanizm-mecanic","22":"pa_mehanizm-mecanism-automatic","23":"pa_remeshok-maro","24":"pa_steklo-cristal-safir","25":"pa_strana-germania","26":"pa_voda-5-atm","28":"first","29":"instock","30":"taxable","31":"shipping-taxable","32":"purchasable","33":"product-type-simple"},"acf":[],"_links":{"self":[{"href":"https:\/\/ceasuri.md\/ru\/wp-json\/wp\/v2\/product\/64487","targetHints":{"allow":["GET"]}}],"collection":[{"href":"https:\/\/ceasuri.md\/ru\/wp-json\/wp\/v2\/product"}],"about":[{"href":"https:\/\/ceasuri.md\/ru\/wp-json\/wp\/v2\/types\/product"}],"replies":[{"embeddable":true,"href":"https:\/\/ceasuri.md\/ru\/wp-json\/wp\/v2\/comments?post=64487"}],"wp:featuredmedia":[{"embeddable":true,"href":"https:\/\/ceasuri.md\/ru\/wp-json\/wp\/v2\/media\/64560"}],"wp:attachment":[{"href":"https:\/\/ceasuri.md\/ru\/wp-json\/wp\/v2\/media?parent=64487"}],"wp:term":[{"taxonomy":"product_brand","embeddable":true,"href":"https:\/\/ceasuri.md\/ru\/wp-json\/wp\/v2\/product_brand?post=64487"},{"taxonomy":"product_cat","embeddable":true,"href":"https:\/\/ceasuri.md\/ru\/wp-json\/wp\/v2\/product_cat?post=64487"},{"taxonomy":"product_tag","embeddable":true,"href":"https:\/\/ceasuri.md\/ru\/wp-json\/wp\/v2\/product_tag?post=64487"}],"curies":[{"name":"wp","href":"https:\/\/api.w.org\/{rel}","templated":true}]}}