{"id":64486,"date":"2026-04-16T13:29:23","date_gmt":"2026-04-16T10:29:23","guid":{"rendered":"https:\/\/ceasuri.md\/?post_type=product&#038;p=64486"},"modified":"2026-04-24T17:57:44","modified_gmt":"2026-04-24T14:57:44","slug":"poljot-international-nastja-2723-1330102","status":"publish","type":"product","link":"https:\/\/ceasuri.md\/ru\/shop\/branduri\/poljot-international\/poljot-international-nastja-2723-1330102\/","title":{"rendered":"\u0427\u0430\u0441\u044b POLJOT INTERNATIONAL NASTJA 2723.1330102"},"content":{"rendered":"<p>Ceasul de dam\u0103 Nastja Lady Skeleton este o capodoper\u0103 exclusiv\u0103 creat\u0103 pentru femeile care apreciaz\u0103 arta mecanic\u0103 fin\u0103 \u0219i forma elegant\u0103.<br \/>\nCu carcasa sa compact\u0103, ceasul se potrive\u0219te perfect pe o \u00eencheietur\u0103 sub\u021bire, \u00eentruchip\u00e2nd delicate\u021bea \u0219i statutul posesoarei sale.<br \/>\nCadranul schelet deschis transform\u0103 citirea orei \u00eentr-o imagine captivant\u0103 a mecanismului automat. Este decorat cu pietre str\u0103lucitoare de zirconiu la pozi\u021biile orei 3, 6, 9 \u0219i 12, conferind o str\u0103lucire asem\u0103n\u0103toare unei bijuterii \u0219i subliniind caracterul s\u0103u luxos.<br \/>\nAce, vopsite \u00een albastru \u00een mod tradi\u021bional, confer\u0103 ceasului un farmec aparte &#8211; culoarea lor albastru intens contrasteaz\u0103 frumos cu tonurile calde ale carcasei \u0219i ale elegantei curele din piele maro.<br \/>\nAcesta este un accesoriu cu adev\u0103rat elegant, de neegalat \u00een sine.<\/p>","protected":false},"excerpt":{"rendered":"<p>Ceasul de dam\u0103 Nastja Lady Skeleton este o capodoper\u0103 exclusiv\u0103 creat\u0103 pentru femeile care apreciaz\u0103 arta mecanic\u0103 fin\u0103 \u0219i forma elegant\u0103. Cu carcasa sa compact\u0103, ceasul se potrive\u0219te perfect pe o \u00eencheietur\u0103 sub\u021bire, \u00eentruchip\u00e2nd delicate\u021bea \u0219i statutul posesoarei sale. Cadranul schelet deschis transform\u0103 citirea orei \u00eentr-o imagine captivant\u0103 a mecanismului automat. Este decorat cu pietre [&hellip;]<\/p>\n","protected":false},"featured_media":64556,"comment_status":"open","ping_status":"closed","template":"","meta":{"_acf_changed":false},"product_brand":[],"product_cat":[18,25,106,569],"product_tag":[],"class_list":{"0":"post-64486","1":"product","2":"type-product","3":"status-publish","4":"has-post-thumbnail","6":"product_cat-branduri","7":"product_cat-ceasuri-dama","8":"product_cat-ceasuri-premium","9":"product_cat-poljot-international","10":"pa_brand-poljot-international","11":"pa_braslet-piele","12":"pa_corpus-35-mm","13":"pa_decor-zirconiu","14":"pa_forma-rotund","15":"pa_funcii-schelet","16":"pa_garatia-24-luni","17":"pa_korpus-argintiu","18":"pa_material-otel-inoxidabil","19":"pa_mehanizm-mecanic","20":"pa_mehanizm-mecanism-automatic","21":"pa_remeshok-maro","22":"pa_steklo-cristal-safir","23":"pa_strana-germania","24":"pa_voda-5-atm","26":"first","27":"instock","28":"taxable","29":"shipping-taxable","30":"purchasable","31":"product-type-simple"},"acf":[],"_links":{"self":[{"href":"https:\/\/ceasuri.md\/ru\/wp-json\/wp\/v2\/product\/64486","targetHints":{"allow":["GET"]}}],"collection":[{"href":"https:\/\/ceasuri.md\/ru\/wp-json\/wp\/v2\/product"}],"about":[{"href":"https:\/\/ceasuri.md\/ru\/wp-json\/wp\/v2\/types\/product"}],"replies":[{"embeddable":true,"href":"https:\/\/ceasuri.md\/ru\/wp-json\/wp\/v2\/comments?post=64486"}],"wp:featuredmedia":[{"embeddable":true,"href":"https:\/\/ceasuri.md\/ru\/wp-json\/wp\/v2\/media\/64556"}],"wp:attachment":[{"href":"https:\/\/ceasuri.md\/ru\/wp-json\/wp\/v2\/media?parent=64486"}],"wp:term":[{"taxonomy":"product_brand","embeddable":true,"href":"https:\/\/ceasuri.md\/ru\/wp-json\/wp\/v2\/product_brand?post=64486"},{"taxonomy":"product_cat","embeddable":true,"href":"https:\/\/ceasuri.md\/ru\/wp-json\/wp\/v2\/product_cat?post=64486"},{"taxonomy":"product_tag","embeddable":true,"href":"https:\/\/ceasuri.md\/ru\/wp-json\/wp\/v2\/product_tag?post=64486"}],"curies":[{"name":"wp","href":"https:\/\/api.w.org\/{rel}","templated":true}]}}