{"id":64485,"date":"2026-04-16T13:29:23","date_gmt":"2026-04-16T10:29:23","guid":{"rendered":"https:\/\/ceasuri.md\/?post_type=product&#038;p=64485"},"modified":"2026-04-24T17:57:31","modified_gmt":"2026-04-24T14:57:31","slug":"poljot-international-tourbillon-xviii-le-3400-t-xviii-bg","status":"publish","type":"product","link":"https:\/\/ceasuri.md\/ru\/shop\/branduri\/poljot-international\/poljot-international-tourbillon-xviii-le-3400-t-xviii-bg\/","title":{"rendered":"\u0427\u0430\u0441\u044b POLJOT INTERNATIONAL TOURBILLON XVIII LE 3400.T-XVIII-BG"},"content":{"rendered":"<p>Ceasul b\u0103rb\u0103tesc Poljot-International Tourbillon este o not\u0103 de legend\u0103, acum accesibil\u0103 oric\u0103rui cunosc\u0103tor al mecanicii fine.<br \/>\nTurbilonul, un simbol al preciziei excep\u021bionale inventat \u00een 1795, \u00ee\u0219i g\u0103se\u0219te \u00eentruchiparea \u00een aceast\u0103 serie aniversar\u0103, dedicat\u0103 unei ere a marilor descoperiri \u0219i inova\u021bii.<br \/>\nCaracteristica principal\u0103 a modelului este captivantul cadru al turbillonului la ora 6, unde acul secundar este reprezentat de un acul inovator \u00een form\u0103 de \u201epunte\u201d. Aceast\u0103 perfec\u021biune vizual\u0103 este completat\u0103 de mecanism, cu pun\u021bi decorate cu dungi Geneva \u0219i \u0219uruburi albastre.<br \/>\nDe remarcat \u00een mod special este impresionanta rezerv\u0103 de putere de cel pu\u021bin 72 de ore, permi\u021b\u00e2nd \u00eentoarcerea ceasului o singur\u0103 dat\u0103 la trei zile.<br \/>\nCadranul periat cu raze de soare, cu indici aplica\u021bi, este protejat de un cristal de safir convex. Carcasa meticulos lucrat\u0103 se potrive\u0219te perfect pe orice \u00eencheietur\u0103 datorit\u0103 combina\u021biei de finisaje: luneta lustruit\u0103 contrasteaz\u0103 cu marginile laterale mate, sub\u021biind vizual silueta.<br \/>\nAcesta nu este doar un ceas, ci o edi\u021bie limitat\u0103 (doar 100 de buc\u0103\u021bi) care reprezint\u0103 cadoul perfect \u0219i eviden\u021biaz\u0103 statutul proprietarului s\u0103u de adev\u0103rat explorator. Este disponibil modelul cu num\u0103rul 022.<\/p>","protected":false},"excerpt":{"rendered":"<p>Ceasul b\u0103rb\u0103tesc Poljot-International Tourbillon este o not\u0103 de legend\u0103, acum accesibil\u0103 oric\u0103rui cunosc\u0103tor al mecanicii fine. Turbilonul, un simbol al preciziei excep\u021bionale inventat \u00een 1795, \u00ee\u0219i g\u0103se\u0219te \u00eentruchiparea \u00een aceast\u0103 serie aniversar\u0103, dedicat\u0103 unei ere a marilor descoperiri \u0219i inova\u021bii. Caracteristica principal\u0103 a modelului este captivantul cadru al turbillonului la ora 6, unde acul secundar [&hellip;]<\/p>\n","protected":false},"featured_media":64552,"comment_status":"open","ping_status":"closed","template":"","meta":{"_acf_changed":false},"product_brand":[],"product_cat":[18,20,106,205,569],"product_tag":[],"class_list":{"0":"post-64485","1":"product","2":"type-product","3":"status-publish","4":"has-post-thumbnail","6":"product_cat-branduri","7":"product_cat-ceasuri-barbati","8":"product_cat-ceasuri-premium","9":"product_cat-limited-edition","10":"product_cat-poljot-international","11":"pa_brand-poljot-international","12":"pa_braslet-piele","13":"pa_corpus-42-mm","14":"pa_forma-rotund","15":"pa_funcii-limited-edition","16":"pa_funcii-semischelet","17":"pa_garatia-24-luni","18":"pa_korpus-roz-gold","19":"pa_material-otel-inoxidabil","20":"pa_mehanizm-bobinaj-manual","21":"pa_mehanizm-mecanic","22":"pa_remeshok-maro","23":"pa_steklo-cristal-safir","24":"pa_strana-germania","25":"pa_voda-5-atm","27":"first","28":"instock","29":"taxable","30":"shipping-taxable","31":"purchasable","32":"product-type-simple"},"acf":[],"_links":{"self":[{"href":"https:\/\/ceasuri.md\/ru\/wp-json\/wp\/v2\/product\/64485","targetHints":{"allow":["GET"]}}],"collection":[{"href":"https:\/\/ceasuri.md\/ru\/wp-json\/wp\/v2\/product"}],"about":[{"href":"https:\/\/ceasuri.md\/ru\/wp-json\/wp\/v2\/types\/product"}],"replies":[{"embeddable":true,"href":"https:\/\/ceasuri.md\/ru\/wp-json\/wp\/v2\/comments?post=64485"}],"wp:featuredmedia":[{"embeddable":true,"href":"https:\/\/ceasuri.md\/ru\/wp-json\/wp\/v2\/media\/64552"}],"wp:attachment":[{"href":"https:\/\/ceasuri.md\/ru\/wp-json\/wp\/v2\/media?parent=64485"}],"wp:term":[{"taxonomy":"product_brand","embeddable":true,"href":"https:\/\/ceasuri.md\/ru\/wp-json\/wp\/v2\/product_brand?post=64485"},{"taxonomy":"product_cat","embeddable":true,"href":"https:\/\/ceasuri.md\/ru\/wp-json\/wp\/v2\/product_cat?post=64485"},{"taxonomy":"product_tag","embeddable":true,"href":"https:\/\/ceasuri.md\/ru\/wp-json\/wp\/v2\/product_tag?post=64485"}],"curies":[{"name":"wp","href":"https:\/\/api.w.org\/{rel}","templated":true}]}}