{"id":64484,"date":"2026-04-16T13:29:22","date_gmt":"2026-04-16T10:29:22","guid":{"rendered":"https:\/\/ceasuri.md\/?post_type=product&#038;p=64484"},"modified":"2026-04-24T17:58:29","modified_gmt":"2026-04-24T14:58:29","slug":"poljot-international-hermitage-le-7500-1940713","status":"publish","type":"product","link":"https:\/\/ceasuri.md\/ru\/shop\/branduri\/poljot-international\/poljot-international-hermitage-le-7500-1940713\/","title":{"rendered":"\u0427\u0430\u0441\u044b POLJOT INTERNATIONAL HERMITAGE LE 7500.1940713"},"content":{"rendered":"<p>Ceasul b\u0103rb\u0103tesc Alexander Shorokhov \u201eHermitage\u201d este un omagiu adus marii arte \u0219i istoriei unuia dintre cele mai mari muzee din lume, fondat \u00een 1764.<br \/>\nPrincipala caracteristic\u0103 unic\u0103 a acestui model este scheletizarea sa artistic\u0103, inspirat\u0103 de arhitectura rafinat\u0103 \u0219i comorile imperiale ale Ermitajului.<br \/>\nCadranul este o \u00eempletire magistral\u0103 de arabescuri tradi\u021bionale, forme rotunjite \u0219i fluide, transform\u00e2nd mecanismul \u00eentr-o p\u00e2nz\u0103 vie. Inelele centrale ofer\u0103 o vedere captivant\u0103 asupra balansierului \u0219i a barilletului \u00een func\u021biune, completate armonios de un rotor delicat scheletizat. Combina\u021bia de elemente argintii \u0219i bej confer\u0103 acestui ceas de m\u00e2n\u0103 un caracter nobil \u0219i atemporal, amintind de capodoperele atemporale ale marilor mae\u0219tri.<br \/>\nCalitatea suprem\u0103 a finisajului mecanismului, asociat\u0103 cu o curea din piele de vi\u021bel neagr\u0103 moale, creeaz\u0103 o carism\u0103 unic\u0103, care se simte din primul moment \u00een care este purtat la \u00eencheietura m\u00e2inii.<br \/>\nAcesta nu este doar un ceas original, ci un accesoriu cu adev\u0103rat elegant pentru cunosc\u0103torii de istorie \u0219i art\u0103 avangardist\u0103. Dac\u0103 sunte\u021bi \u00een c\u0103utarea cadoului perfect care s\u0103 exprime grandoarea momentului \u0219i un gust impecabil, modelul Hermitage este o alegere excep\u021bional\u0103.<br \/>\nModelul este lansat \u00eentr-o edi\u021bie limitat\u0103 de 500 de exemplare. Este disponibil modelul cu num\u0103rul 153.<\/p>","protected":false},"excerpt":{"rendered":"<p>Ceasul b\u0103rb\u0103tesc Alexander Shorokhov \u201eHermitage\u201d este un omagiu adus marii arte \u0219i istoriei unuia dintre cele mai mari muzee din lume, fondat \u00een 1764. Principala caracteristic\u0103 unic\u0103 a acestui model este scheletizarea sa artistic\u0103, inspirat\u0103 de arhitectura rafinat\u0103 \u0219i comorile imperiale ale Ermitajului. Cadranul este o \u00eempletire magistral\u0103 de arabescuri tradi\u021bionale, forme rotunjite \u0219i fluide, [&hellip;]<\/p>\n","protected":false},"featured_media":64548,"comment_status":"open","ping_status":"closed","template":"","meta":{"_acf_changed":false},"product_brand":[],"product_cat":[18,20,106,205,569],"product_tag":[],"class_list":{"0":"post-64484","1":"product","2":"type-product","3":"status-publish","4":"has-post-thumbnail","6":"product_cat-branduri","7":"product_cat-ceasuri-barbati","8":"product_cat-ceasuri-premium","9":"product_cat-limited-edition","10":"product_cat-poljot-international","11":"pa_brand-poljot-international","12":"pa_braslet-piele","13":"pa_corpus-43-mm","14":"pa_forma-rotund","15":"pa_funcii-limited-edition","16":"pa_funcii-schelet","17":"pa_garatia-24-luni","18":"pa_korpus-argintiu","19":"pa_material-otel-inoxidabil","20":"pa_mehanizm-mecanic","21":"pa_mehanizm-mecanism-automatic","22":"pa_remeshok-negru","23":"pa_steklo-cristal-safir","24":"pa_strana-germania","25":"pa_voda-5-atm","27":"first","28":"instock","29":"taxable","30":"shipping-taxable","31":"purchasable","32":"product-type-simple"},"acf":[],"_links":{"self":[{"href":"https:\/\/ceasuri.md\/ru\/wp-json\/wp\/v2\/product\/64484","targetHints":{"allow":["GET"]}}],"collection":[{"href":"https:\/\/ceasuri.md\/ru\/wp-json\/wp\/v2\/product"}],"about":[{"href":"https:\/\/ceasuri.md\/ru\/wp-json\/wp\/v2\/types\/product"}],"replies":[{"embeddable":true,"href":"https:\/\/ceasuri.md\/ru\/wp-json\/wp\/v2\/comments?post=64484"}],"wp:featuredmedia":[{"embeddable":true,"href":"https:\/\/ceasuri.md\/ru\/wp-json\/wp\/v2\/media\/64548"}],"wp:attachment":[{"href":"https:\/\/ceasuri.md\/ru\/wp-json\/wp\/v2\/media?parent=64484"}],"wp:term":[{"taxonomy":"product_brand","embeddable":true,"href":"https:\/\/ceasuri.md\/ru\/wp-json\/wp\/v2\/product_brand?post=64484"},{"taxonomy":"product_cat","embeddable":true,"href":"https:\/\/ceasuri.md\/ru\/wp-json\/wp\/v2\/product_cat?post=64484"},{"taxonomy":"product_tag","embeddable":true,"href":"https:\/\/ceasuri.md\/ru\/wp-json\/wp\/v2\/product_tag?post=64484"}],"curies":[{"name":"wp","href":"https:\/\/api.w.org\/{rel}","templated":true}]}}