{"id":64482,"date":"2026-05-12T11:57:57","date_gmt":"2026-05-12T08:57:57","guid":{"rendered":"https:\/\/ceasuri.md\/?post_type=product&#038;p=64482"},"modified":"2026-05-12T11:58:03","modified_gmt":"2026-05-12T08:58:03","slug":"alexander-shorokhoff-flensi-le-as-dd06-tr","status":"publish","type":"product","link":"https:\/\/ceasuri.md\/ru\/shop\/branduri\/alexander-shorokhoff\/alexander-shorokhoff-flensi-le-as-dd06-tr\/","title":{"rendered":"\u0427\u0430\u0441\u044b ALEXANDER SHOROKHOFF FLENSI LE AS.DD06-TR"},"content":{"rendered":"<p>Ceasul Alexander Shorokhoff \u201eFlensi\u201d este o adev\u0103rat\u0103 oper\u0103 de art\u0103 la \u00eencheietura m\u00e2inii, inspirat\u0103 de magia lumii subacvatice \u0219i de lini\u0219tea unei promenade de pe malul m\u0103rii.<br \/>\nCaracteristica unic\u0103 a modelului const\u0103 \u00een cadranul s\u0103u multistratificat, realizat din patru nuan\u021be diferite de sidef natural. Gradientul rafinat de la lumin\u0103 la \u00eentuneric imit\u0103 magistral ad\u00e2ncimea apei, dezv\u0103luind o scen\u0103 3D captivant\u0103 cu pe\u0219ti colora\u021bi, avangardi\u0219ti, o ancor\u0103 vintage \u0219i un mesaj misterios \u00eentr-o sticl\u0103.<br \/>\nAcest accesoriu este conceput pentru cei care apreciaz\u0103 exclusivitatea \u0219i solu\u021biile de design \u00eendr\u0103zne\u021be. Luneta de \u00eenalt\u0103 tehnologie, realizat\u0103 din titan durabil \u0219i anodizat\u0103, se potrive\u0219te perfect cu paleta de culori a cadranului, \u00een timp ce capacul carcasei este \u00eempodobit cu o imagine 3D artistic\u0103 a unei perechi de broa\u0219te \u021bestoase.<br \/>\nCureaua, cu sloganul \u201eArt\u0103 la \u00eencheietura m\u00e2inii\u201d, subliniaz\u0103 filosofia m\u0103rcii \u0219i asigur\u0103 confort chiar \u0219i \u00een contact cu apa.<br \/>\nO edi\u021bie limitat\u0103 de doar 60 de exemplare la nivel mondial face din acest ceas o pies\u0103 de colec\u021bie rar\u0103. Este disponibil \u0219i modelul cu num\u0103rul 18.<br \/>\nEste cadoul perfect pentru un b\u0103rbat care \u00ee\u0219i dore\u0219te s\u0103-\u0219i eviden\u021bieze individualitatea printr-o combina\u021bie unic\u0103 de fiabilitate \u0219i estetic\u0103 avangardist\u0103.<\/p>","protected":false},"excerpt":{"rendered":"<p>Ceasul Alexander Shorokhoff \u201eFlensi\u201d este o adev\u0103rat\u0103 oper\u0103 de art\u0103 la \u00eencheietura m\u00e2inii, inspirat\u0103 de magia lumii subacvatice \u0219i de lini\u0219tea unei promenade de pe malul m\u0103rii. Caracteristica unic\u0103 a modelului const\u0103 \u00een cadranul s\u0103u multistratificat, realizat din patru nuan\u021be diferite de sidef natural. Gradientul rafinat de la lumin\u0103 la \u00eentuneric imit\u0103 magistral ad\u00e2ncimea apei, [&hellip;]<\/p>\n","protected":false},"featured_media":65556,"comment_status":"open","ping_status":"closed","template":"","meta":{"_acf_changed":false},"product_brand":[],"product_cat":[570,20,106,205],"product_tag":[],"class_list":{"0":"post-64482","1":"product","2":"type-product","3":"status-publish","4":"has-post-thumbnail","6":"product_cat-alexander-shorokhoff","7":"product_cat-ceasuri-barbati","8":"product_cat-ceasuri-premium","9":"product_cat-limited-edition","10":"pa_brand-alexander-shorokhoff","11":"pa_braslet-cauciuc","12":"pa_corpus-45-mm","13":"pa_forma-rotund","14":"pa_funcii-data","15":"pa_funcii-limited-edition","16":"pa_garatia-24-luni","17":"pa_korpus-bicolor","18":"pa_material-otel-inoxidabil","19":"pa_material-titan","20":"pa_mehanizm-mecanic","21":"pa_mehanizm-mecanism-automatic","22":"pa_remeshok-negru","23":"pa_steklo-cristal-safir","24":"pa_strana-germania","25":"pa_voda-10-atm","27":"first","28":"instock","29":"taxable","30":"shipping-taxable","31":"purchasable","32":"product-type-simple"},"acf":[],"_links":{"self":[{"href":"https:\/\/ceasuri.md\/ru\/wp-json\/wp\/v2\/product\/64482","targetHints":{"allow":["GET"]}}],"collection":[{"href":"https:\/\/ceasuri.md\/ru\/wp-json\/wp\/v2\/product"}],"about":[{"href":"https:\/\/ceasuri.md\/ru\/wp-json\/wp\/v2\/types\/product"}],"replies":[{"embeddable":true,"href":"https:\/\/ceasuri.md\/ru\/wp-json\/wp\/v2\/comments?post=64482"}],"wp:featuredmedia":[{"embeddable":true,"href":"https:\/\/ceasuri.md\/ru\/wp-json\/wp\/v2\/media\/65556"}],"wp:attachment":[{"href":"https:\/\/ceasuri.md\/ru\/wp-json\/wp\/v2\/media?parent=64482"}],"wp:term":[{"taxonomy":"product_brand","embeddable":true,"href":"https:\/\/ceasuri.md\/ru\/wp-json\/wp\/v2\/product_brand?post=64482"},{"taxonomy":"product_cat","embeddable":true,"href":"https:\/\/ceasuri.md\/ru\/wp-json\/wp\/v2\/product_cat?post=64482"},{"taxonomy":"product_tag","embeddable":true,"href":"https:\/\/ceasuri.md\/ru\/wp-json\/wp\/v2\/product_tag?post=64482"}],"curies":[{"name":"wp","href":"https:\/\/api.w.org\/{rel}","templated":true}]}}