{"id":64481,"date":"2026-04-16T13:04:00","date_gmt":"2026-04-16T10:04:00","guid":{"rendered":"https:\/\/ceasuri.md\/?post_type=product&#038;p=64481"},"modified":"2026-04-24T17:43:48","modified_gmt":"2026-04-24T14:43:48","slug":"alexander-shorokhoff-frozy-le-as-frz01-1z","status":"publish","type":"product","link":"https:\/\/ceasuri.md\/ru\/shop\/branduri\/alexander-shorokhoff\/alexander-shorokhoff-frozy-le-as-frz01-1z\/","title":{"rendered":"\u0427\u0430\u0441\u044b ALEXANDER SHOROKHOFF FROZY LE AS.FRZ01-1Z"},"content":{"rendered":"<p>\u201eFrozy\u201d este probabil cea mai izbitoare \u0219i \u00eendr\u0103znea\u021b\u0103 inova\u021bie a anului, creat\u0103 pentru adev\u0103ra\u021bi colec\u021bionari \u0219i cunosc\u0103tori ai designului avangardist.<br \/>\nCarcasa \u00een trepte complet reimaginat\u0103, a c\u0103rei suprafa\u021b\u0103 seam\u0103n\u0103 cu praful str\u0103lucitor de diamant, este realizat\u0103 printr-un proces special de sablare, perfec\u021bionat cu meticulozitate de artizanii manufacturii, conferind accesoriului o profunzime estetic\u0103 incredibil\u0103 \u0219i o str\u0103lucire exclusiv\u0103.<br \/>\nCadranul str\u0103lucitor din agat albastru creeaz\u0103 un dialog vizual captivant cu bezelul radiant. Un secundar fuchsia vibrant adaug\u0103 o not\u0103 dinamic\u0103 \u0219i contemporan\u0103, \u00een timp ce coroana \u00een trepte completeaz\u0103 armonios aspectul ceasului.<br \/>\nPrin capacul transparent al carcasei, se poate admira mi\u0219carea automat\u0103 cu rotorul gravat manual &#8211; o adev\u0103rat\u0103 capodoper\u0103 a m\u0103iestriei de precizie.<br \/>\nAcest ceas original, limitat la doar 60 de exemplare la nivel mondial, va fi cadoul perfect \u0219i un simbol al statutului excep\u021bional. Este disponibil modelul cu num\u0103rul 04.<br \/>\nAcest accesoriu elegant \u00eembin\u0103 inspira\u021bia cristalin\u0103 cu c\u0103ldura m\u00e2inilor umane.<\/p>","protected":false},"excerpt":{"rendered":"<p>\u201eFrozy\u201d este probabil cea mai izbitoare \u0219i \u00eendr\u0103znea\u021b\u0103 inova\u021bie a anului, creat\u0103 pentru adev\u0103ra\u021bi colec\u021bionari \u0219i cunosc\u0103tori ai designului avangardist. Carcasa \u00een trepte complet reimaginat\u0103, a c\u0103rei suprafa\u021b\u0103 seam\u0103n\u0103 cu praful str\u0103lucitor de diamant, este realizat\u0103 printr-un proces special de sablare, perfec\u021bionat cu meticulozitate de artizanii manufacturii, conferind accesoriului o profunzime estetic\u0103 incredibil\u0103 \u0219i o [&hellip;]<\/p>\n","protected":false},"featured_media":64600,"comment_status":"open","ping_status":"closed","template":"","meta":{"_acf_changed":false},"product_brand":[],"product_cat":[570,18,20,25,106,205],"product_tag":[],"class_list":{"0":"post-64481","1":"product","2":"type-product","3":"status-publish","4":"has-post-thumbnail","6":"product_cat-alexander-shorokhoff","7":"product_cat-branduri","8":"product_cat-ceasuri-barbati","9":"product_cat-ceasuri-dama","10":"product_cat-ceasuri-premium","11":"product_cat-limited-edition","12":"pa_brand-alexander-shorokhoff","13":"pa_braslet-piele","14":"pa_corpus-40mm","15":"pa_forma-rotund","16":"pa_funcii-data","17":"pa_funcii-limited-edition","18":"pa_garatia-24-luni","19":"pa_korpus-argintiu","20":"pa_material-otel-inoxidabil","21":"pa_mehanizm-mecanic","22":"pa_mehanizm-mecanism-automatic","23":"pa_remeshok-violet","24":"pa_steklo-cristal-safir","25":"pa_strana-germania","26":"pa_voda-5-atm","28":"first","29":"instock","30":"taxable","31":"shipping-taxable","32":"purchasable","33":"product-type-simple"},"acf":[],"_links":{"self":[{"href":"https:\/\/ceasuri.md\/ru\/wp-json\/wp\/v2\/product\/64481","targetHints":{"allow":["GET"]}}],"collection":[{"href":"https:\/\/ceasuri.md\/ru\/wp-json\/wp\/v2\/product"}],"about":[{"href":"https:\/\/ceasuri.md\/ru\/wp-json\/wp\/v2\/types\/product"}],"replies":[{"embeddable":true,"href":"https:\/\/ceasuri.md\/ru\/wp-json\/wp\/v2\/comments?post=64481"}],"wp:featuredmedia":[{"embeddable":true,"href":"https:\/\/ceasuri.md\/ru\/wp-json\/wp\/v2\/media\/64600"}],"wp:attachment":[{"href":"https:\/\/ceasuri.md\/ru\/wp-json\/wp\/v2\/media?parent=64481"}],"wp:term":[{"taxonomy":"product_brand","embeddable":true,"href":"https:\/\/ceasuri.md\/ru\/wp-json\/wp\/v2\/product_brand?post=64481"},{"taxonomy":"product_cat","embeddable":true,"href":"https:\/\/ceasuri.md\/ru\/wp-json\/wp\/v2\/product_cat?post=64481"},{"taxonomy":"product_tag","embeddable":true,"href":"https:\/\/ceasuri.md\/ru\/wp-json\/wp\/v2\/product_tag?post=64481"}],"curies":[{"name":"wp","href":"https:\/\/api.w.org\/{rel}","templated":true}]}}