{"id":64480,"date":"2026-04-16T13:04:00","date_gmt":"2026-04-16T10:04:00","guid":{"rendered":"https:\/\/ceasuri.md\/?post_type=product&#038;p=64480"},"modified":"2026-04-23T13:42:24","modified_gmt":"2026-04-23T10:42:24","slug":"alexander-shorokhoff-happy-second-le-as-hs-03","status":"publish","type":"product","link":"https:\/\/ceasuri.md\/ru\/shop\/alexander-shorokhoff-2\/alexander-shorokhoff-happy-second-le-as-hs-03\/","title":{"rendered":"Ceas ALEXANDER SHOROKHOFF HAPPY SECOND LE AS.HS-03"},"content":{"rendered":"<p>Ceasul Alexander Shorokhoff \u201eHappy Second\u201d este un manifest al bucuriei \u0219i artei avangardiste, conceput pentru a evoca emo\u021bii la fiecare privire la \u00eencheietura m\u00e2inii.<br \/>\nTr\u0103s\u0103tura distinctiv\u0103 a modelului const\u0103 \u00een cadranul s\u0103u vibrant: la prima vedere, un cadran negru simplu dezv\u0103luie o interac\u021biune complex\u0103 de linii \u00een relief \u0219i dreptunghiuri din anumite unghiuri, cre\u00e2nd o conexiune estetic\u0103 profund\u0103 cu purt\u0103torul.<br \/>\nAcul secundar multicolor transform\u0103 trecerea timpului \u00eentr-un \u201edans\u201d, \u00een timp ce cifrele vibrante de la ora 6 subliniaz\u0103 caracterul \u00eendr\u0103zne\u021b \u0219i modern al accesoriului.<br \/>\nAbordarea inovatoare a produc\u0103torului este evident\u0103 \u0219i \u00een designul carcasei, care men\u021bine o zvelte\u021be surprinz\u0103toare pentru un cronograf complex. \u00cen loc de cristalul bombat obi\u0219nuit, acesta folose\u0219te un cristal cilindric de safir unic, cre\u00e2nd un contrast izbitor \u0219i asigur\u00e2nd o potrivire perfect\u0103 pe orice \u00eencheietur\u0103.<br \/>\nAcest accesoriu cu adev\u0103rat elegant va fi cadoul perfect, aduc\u00e2nd armonie \u0219i accente vibrante \u00een fiecare moment al vie\u021bii. Valoarea de colec\u021bie este accentuat\u0103 de edi\u021bia limitat\u0103: au fost produse doar 50 de buc\u0103\u021bi. Este disponibil \u0219i modelul cu num\u0103rul 20.<\/p>","protected":false},"excerpt":{"rendered":"<p>Ceasul Alexander Shorokhoff \u201eHappy Second\u201d este un manifest al bucuriei \u0219i artei avangardiste, conceput pentru a evoca emo\u021bii la fiecare privire la \u00eencheietura m\u00e2inii. Tr\u0103s\u0103tura distinctiv\u0103 a modelului const\u0103 \u00een cadranul s\u0103u vibrant: la prima vedere, un cadran negru simplu dezv\u0103luie o interac\u021biune complex\u0103 de linii \u00een relief \u0219i dreptunghiuri din anumite unghiuri, cre\u00e2nd o [&hellip;]<\/p>\n","protected":false},"featured_media":64593,"comment_status":"open","ping_status":"closed","template":"","meta":{"_acf_changed":false},"product_brand":[],"product_cat":[1832,18,20,106,205],"product_tag":[],"class_list":{"0":"post-64480","1":"product","2":"type-product","3":"status-publish","4":"has-post-thumbnail","6":"product_cat-alexander-shorokhoff-2","7":"product_cat-branduri","8":"product_cat-ceasuri-barbati","9":"product_cat-ceasuri-premium","10":"product_cat-limited-edition","11":"pa_brand-alexander-shorokhoff","12":"pa_braslet-piele","13":"pa_corpus-42-mm","14":"pa_forma-rotund","15":"pa_funcii-cronograf","16":"pa_funcii-data","17":"pa_funcii-limited-edition","18":"pa_garatia-24-luni","19":"pa_korpus-argintiu","20":"pa_material-otel-inoxidabil","21":"pa_mehanizm-mecanic","22":"pa_mehanizm-mecanism-automatic","23":"pa_remeshok-negru","24":"pa_steklo-cristal-safir","25":"pa_strana-germania","26":"pa_voda-5-atm","28":"first","29":"instock","30":"taxable","31":"shipping-taxable","32":"purchasable","33":"product-type-simple"},"acf":[],"_links":{"self":[{"href":"https:\/\/ceasuri.md\/ru\/wp-json\/wp\/v2\/product\/64480","targetHints":{"allow":["GET"]}}],"collection":[{"href":"https:\/\/ceasuri.md\/ru\/wp-json\/wp\/v2\/product"}],"about":[{"href":"https:\/\/ceasuri.md\/ru\/wp-json\/wp\/v2\/types\/product"}],"replies":[{"embeddable":true,"href":"https:\/\/ceasuri.md\/ru\/wp-json\/wp\/v2\/comments?post=64480"}],"wp:featuredmedia":[{"embeddable":true,"href":"https:\/\/ceasuri.md\/ru\/wp-json\/wp\/v2\/media\/64593"}],"wp:attachment":[{"href":"https:\/\/ceasuri.md\/ru\/wp-json\/wp\/v2\/media?parent=64480"}],"wp:term":[{"taxonomy":"product_brand","embeddable":true,"href":"https:\/\/ceasuri.md\/ru\/wp-json\/wp\/v2\/product_brand?post=64480"},{"taxonomy":"product_cat","embeddable":true,"href":"https:\/\/ceasuri.md\/ru\/wp-json\/wp\/v2\/product_cat?post=64480"},{"taxonomy":"product_tag","embeddable":true,"href":"https:\/\/ceasuri.md\/ru\/wp-json\/wp\/v2\/product_tag?post=64480"}],"curies":[{"name":"wp","href":"https:\/\/api.w.org\/{rel}","templated":true}]}}