{"id":64479,"date":"2026-04-16T13:04:00","date_gmt":"2026-04-16T10:04:00","guid":{"rendered":"https:\/\/ceasuri.md\/?post_type=product&#038;p=64479"},"modified":"2026-04-23T13:42:24","modified_gmt":"2026-04-23T10:42:24","slug":"alexander-shorokhoff-kandy-as-kd02-4g","status":"publish","type":"product","link":"https:\/\/ceasuri.md\/ru\/shop\/alexander-shorokhoff-2\/alexander-shorokhoff-kandy-as-kd02-4g\/","title":{"rendered":"Ceas ALEXANDER SHOROKHOFF KANDY AS.KD02-4G"},"content":{"rendered":"<p>Ceasul Alexander Shorokhoff Kandy, de culoare neagr\u0103, este un triumf al designului modern \u0219i al materialelor neconven\u021bionale, creat pentru cei care caut\u0103 mai mult dec\u00e2t un simplu ceas.<br \/>\nDesignul inovator al carcasei: un strat PVD negru, profund \u0219i lucios, ofer\u0103 fundalul perfect pentru un design \u00eendr\u0103zne\u021b. \u00cen loc de emailul tradi\u021bional, lateralele ceasului sunt \u00eempodobite cu trei fire rafinate \u00een nuan\u021be de argintiu sau auriu-roz, conferind accesoriului o profunzime arhitectural\u0103 incredibil\u0103 \u0219i un luciu futurist.<br \/>\nAceste detalii subtile, dar semnificative, transform\u0103 o form\u0103 clasic\u0103 \u00eentr-o oper\u0103 de art\u0103 extraordinar\u0103 \u0219i atr\u0103g\u0103toare. Acest ceas \u00eentruchipeaz\u0103 filosofia m\u0103rcii, unde fiecare linie conteaz\u0103.<br \/>\nAcesta nu este doar un ceas original, ci un accesoriu cu adev\u0103rat elegant, care va eviden\u021bia individualitatea \u0219i \u00eendr\u0103zneala proprietarului s\u0103u.<\/p>","protected":false},"excerpt":{"rendered":"<p>Ceasul Alexander Shorokhoff Kandy, de culoare neagr\u0103, este un triumf al designului modern \u0219i al materialelor neconven\u021bionale, creat pentru cei care caut\u0103 mai mult dec\u00e2t un simplu ceas. Designul inovator al carcasei: un strat PVD negru, profund \u0219i lucios, ofer\u0103 fundalul perfect pentru un design \u00eendr\u0103zne\u021b. \u00cen loc de emailul tradi\u021bional, lateralele ceasului sunt \u00eempodobite [&hellip;]<\/p>\n","protected":false},"featured_media":64587,"comment_status":"open","ping_status":"closed","template":"","meta":{"_acf_changed":false},"product_brand":[],"product_cat":[1832,18,20,106],"product_tag":[],"class_list":{"0":"post-64479","1":"product","2":"type-product","3":"status-publish","4":"has-post-thumbnail","6":"product_cat-alexander-shorokhoff-2","7":"product_cat-branduri","8":"product_cat-ceasuri-barbati","9":"product_cat-ceasuri-premium","10":"pa_brand-alexander-shorokhoff","11":"pa_braslet-piele","12":"pa_corpus-41x41-mm","13":"pa_forma-patrat","14":"pa_funcii-data","15":"pa_garatia-24-luni","16":"pa_korpus-galben","17":"pa_material-otel-inoxidabil","18":"pa_mehanizm-mecanic","19":"pa_mehanizm-mecanism-automatic","20":"pa_remeshok-maro","21":"pa_steklo-cristal-safir","22":"pa_strana-germania","23":"pa_voda-3-atm","25":"first","26":"instock","27":"taxable","28":"shipping-taxable","29":"purchasable","30":"product-type-simple"},"acf":[],"_links":{"self":[{"href":"https:\/\/ceasuri.md\/ru\/wp-json\/wp\/v2\/product\/64479","targetHints":{"allow":["GET"]}}],"collection":[{"href":"https:\/\/ceasuri.md\/ru\/wp-json\/wp\/v2\/product"}],"about":[{"href":"https:\/\/ceasuri.md\/ru\/wp-json\/wp\/v2\/types\/product"}],"replies":[{"embeddable":true,"href":"https:\/\/ceasuri.md\/ru\/wp-json\/wp\/v2\/comments?post=64479"}],"wp:featuredmedia":[{"embeddable":true,"href":"https:\/\/ceasuri.md\/ru\/wp-json\/wp\/v2\/media\/64587"}],"wp:attachment":[{"href":"https:\/\/ceasuri.md\/ru\/wp-json\/wp\/v2\/media?parent=64479"}],"wp:term":[{"taxonomy":"product_brand","embeddable":true,"href":"https:\/\/ceasuri.md\/ru\/wp-json\/wp\/v2\/product_brand?post=64479"},{"taxonomy":"product_cat","embeddable":true,"href":"https:\/\/ceasuri.md\/ru\/wp-json\/wp\/v2\/product_cat?post=64479"},{"taxonomy":"product_tag","embeddable":true,"href":"https:\/\/ceasuri.md\/ru\/wp-json\/wp\/v2\/product_tag?post=64479"}],"curies":[{"name":"wp","href":"https:\/\/api.w.org\/{rel}","templated":true}]}}