{"id":64478,"date":"2026-04-16T13:03:53","date_gmt":"2026-04-16T10:03:53","guid":{"rendered":"https:\/\/ceasuri.md\/?post_type=product&#038;p=64478"},"modified":"2026-04-24T17:46:07","modified_gmt":"2026-04-24T14:46:07","slug":"alexander-shorokhoff-neva-le-as-nev04-4","status":"publish","type":"product","link":"https:\/\/ceasuri.md\/ru\/shop\/branduri\/alexander-shorokhoff\/alexander-shorokhoff-neva-le-as-nev04-4\/","title":{"rendered":"\u0427\u0430\u0441\u044b ALEXANDER SHOROKHOFF NEVA LE AS.NEV04-4"},"content":{"rendered":"<p>Ceasul b\u0103rb\u0103tesc NEVA BLACK este o od\u0103 adus\u0103 grandorii \u0219i misterului r\u00e2ului Neva, adus\u0103 la \u00eencheietura m\u00e2inii tale.<br \/>\nTr\u0103s\u0103tura distinctiv\u0103 a acestui model este ghilo\u0219area sa magistral\u0103, cu un model asem\u0103n\u0103tor valurilor pe cadranul negru intens, \u0219i secundarul s\u0103u gra\u021bios curbat, stilizat ca litera \u201eN\u201d.<br \/>\nCombina\u021bia dintre un fundal \u00eenchis \u0219i accente str\u0103lucitoare de aur roz, inclusiv cifra distinctiv\u0103 mare \u201e60\u201d, confer\u0103 accesoriului o aur\u0103 de lux \u0219i mister, subliniind gustul impecabil al proprietarului.<br \/>\n\u00cen spatele acestui ceas bate o inim\u0103 mecanic\u0103 rar\u0103 &#8211; calibrul rusesc 3105.Poljot, un descendent direct al renumitului mecanism elve\u021bian Valjoux 7734. Fiecare pies\u0103 este supus\u0103 unei revizii complete \u0219i unei gravuri manuale magistrale la Manufactura Alexander Shorokhov, transform\u00e2nd mecanismul \u00eentr-o adev\u0103rat\u0103 capodoper\u0103, vizibil\u0103 prin capacul din cristal de safir.<br \/>\nValoarea de colec\u021bie a seriei este subliniat\u0103 de edi\u021bia sa strict limitat\u0103: sunt produse doar 30 de buc\u0103\u021bi. Este disponibil \u0219i modelul cu num\u0103rul 16.<br \/>\nAcest accesoriu elegant combin\u0103 istoria cu m\u0103iestria avangardist\u0103.<\/p>","protected":false},"excerpt":{"rendered":"<p>Ceasul b\u0103rb\u0103tesc NEVA BLACK este o od\u0103 adus\u0103 grandorii \u0219i misterului r\u00e2ului Neva, adus\u0103 la \u00eencheietura m\u00e2inii tale. Tr\u0103s\u0103tura distinctiv\u0103 a acestui model este ghilo\u0219area sa magistral\u0103, cu un model asem\u0103n\u0103tor valurilor pe cadranul negru intens, \u0219i secundarul s\u0103u gra\u021bios curbat, stilizat ca litera \u201eN\u201d. Combina\u021bia dintre un fundal \u00eenchis \u0219i accente str\u0103lucitoare de aur [&hellip;]<\/p>\n","protected":false},"featured_media":64580,"comment_status":"open","ping_status":"closed","template":"","meta":{"_acf_changed":false},"product_brand":[],"product_cat":[570,18,20,106,205],"product_tag":[],"class_list":{"0":"post-64478","1":"product","2":"type-product","3":"status-publish","4":"has-post-thumbnail","6":"product_cat-alexander-shorokhoff","7":"product_cat-branduri","8":"product_cat-ceasuri-barbati","9":"product_cat-ceasuri-premium","10":"product_cat-limited-edition","11":"pa_brand-alexander-shorokhoff","12":"pa_braslet-piele","13":"pa_corpus-44-mm","14":"pa_forma-rotund","15":"pa_funcii-data","16":"pa_funcii-limited-edition","17":"pa_funcii-offset-second-hand","18":"pa_garatia-24-luni","19":"pa_korpus-negru","20":"pa_material-otel-inoxidabil","21":"pa_mehanizm-bobinaj-manual","22":"pa_mehanizm-mecanic","23":"pa_remeshok-negru","24":"pa_steklo-cristal-safir","25":"pa_strana-germania","26":"pa_voda-5-atm","28":"first","29":"instock","30":"taxable","31":"shipping-taxable","32":"purchasable","33":"product-type-simple"},"acf":[],"_links":{"self":[{"href":"https:\/\/ceasuri.md\/ru\/wp-json\/wp\/v2\/product\/64478","targetHints":{"allow":["GET"]}}],"collection":[{"href":"https:\/\/ceasuri.md\/ru\/wp-json\/wp\/v2\/product"}],"about":[{"href":"https:\/\/ceasuri.md\/ru\/wp-json\/wp\/v2\/types\/product"}],"replies":[{"embeddable":true,"href":"https:\/\/ceasuri.md\/ru\/wp-json\/wp\/v2\/comments?post=64478"}],"wp:featuredmedia":[{"embeddable":true,"href":"https:\/\/ceasuri.md\/ru\/wp-json\/wp\/v2\/media\/64580"}],"wp:attachment":[{"href":"https:\/\/ceasuri.md\/ru\/wp-json\/wp\/v2\/media?parent=64478"}],"wp:term":[{"taxonomy":"product_brand","embeddable":true,"href":"https:\/\/ceasuri.md\/ru\/wp-json\/wp\/v2\/product_brand?post=64478"},{"taxonomy":"product_cat","embeddable":true,"href":"https:\/\/ceasuri.md\/ru\/wp-json\/wp\/v2\/product_cat?post=64478"},{"taxonomy":"product_tag","embeddable":true,"href":"https:\/\/ceasuri.md\/ru\/wp-json\/wp\/v2\/product_tag?post=64478"}],"curies":[{"name":"wp","href":"https:\/\/api.w.org\/{rel}","templated":true}]}}