{"id":64017,"date":"2026-03-23T12:17:29","date_gmt":"2026-03-23T10:17:29","guid":{"rendered":"http:\/\/new.ceasuri.md\/shop\/uncategorized\/casio-g-shock-dw-5600jv-7er\/"},"modified":"2026-05-05T18:18:37","modified_gmt":"2026-05-05T15:18:37","slug":"casio-g-shock-dw-5600jv-7er","status":"publish","type":"product","link":"https:\/\/ceasuri.md\/ru\/shop\/branduri\/casio-g-shock-dw-5600jv-7er\/","title":{"rendered":"\u0427\u0430\u0441\u044b CASIO G-SHOCK DW-5600JV-7ER"},"content":{"rendered":"<p>Modelul, creat \u00een colaborare cu artistul Joshua Vides, este un manifest al artei contemporane \u0219i al rezisten\u021bei f\u0103r\u0103 compromisuri, lansat \u00een 1983.<\/p>\n<p>Principala caracteristic\u0103 unic\u0103 a acestui model const\u0103 \u00een transformarea sa grafic\u0103 total\u0103: ilustra\u021biile caracteristice alb-negru \u00een stilul benzilor desenate sunt aplicate pe \u00eentreaga suprafa\u021b\u0103 \u2014 de la cadran \u0219i lunet\u0103 p\u00e2n\u0103 la curea.<\/p>\n<p>Carcasa alb\u0103 cu finisaj lucios creeaz\u0103 un contrast puternic cu liniile negre, transform\u00e2nd ceasul \u00eentr-un obiect de art\u0103 spectaculos.<\/p>\n<p>O aten\u021bie special\u0103 merit\u0103 cadranul original, care ascunde un secret: la activarea ilumin\u0103rii, pe ecran apare semnul distinctiv al artistului \u2014 \u201ePilon\u201d.<\/p>\n<p>Acest ceas este livrat \u00eentr-un ambalaj special de designer, care subliniaz\u0103 statutul de edi\u021bie limitat\u0103.<\/p>\n<p>Nu este vorba doar de un ceas original, ci de un accesoriu pentru cei care apreciaz\u0103 cultura street art \u0219i designul industrial.<\/p>","protected":false},"excerpt":{"rendered":"<p>Modelul, creat \u00een colaborare cu artistul Joshua Vides, este un manifest al artei contemporane \u0219i al rezisten\u021bei f\u0103r\u0103 compromisuri, lansat \u00een 1983. Principala caracteristic\u0103 unic\u0103 a acestui model const\u0103 \u00een transformarea sa grafic\u0103 total\u0103: ilustra\u021biile caracteristice alb-negru \u00een stilul benzilor desenate sunt aplicate pe \u00eentreaga suprafa\u021b\u0103 \u2014 de la cadran \u0219i lunet\u0103 p\u00e2n\u0103 la curea. [&hellip;]<\/p>\n","protected":false},"featured_media":64018,"comment_status":"closed","ping_status":"open","template":"","meta":{"_acf_changed":false},"product_brand":[],"product_cat":[18,20],"product_tag":[],"class_list":{"0":"post-64017","1":"product","2":"type-product","3":"status-publish","4":"has-post-thumbnail","6":"product_cat-branduri","7":"product_cat-ceasuri-barbati","8":"pa_brand-casio","9":"pa_brand-g-shock","10":"pa_braslet-plastic","11":"pa_corpus-43x49mm","12":"pa_forma-octogonala","13":"pa_funcii-alarma","14":"pa_funcii-calendar","15":"pa_funcii-cronometru","16":"pa_funcii-iluminare","17":"pa_funcii-special-edition","18":"pa_garatia-24-luni","19":"pa_korpus-alb","20":"pa_korpus-negru","21":"pa_kvarc-quartz","22":"pa_material-plastic","23":"pa_mehanizm-electronic","24":"pa_remeshok-alb","25":"pa_remeshok-negru","26":"pa_steklo-cristal-mineral","27":"pa_strana-japonia","28":"pa_voda-20-atm","30":"first","31":"instock","32":"purchasable","33":"product-type-simple"},"acf":[],"_links":{"self":[{"href":"https:\/\/ceasuri.md\/ru\/wp-json\/wp\/v2\/product\/64017","targetHints":{"allow":["GET"]}}],"collection":[{"href":"https:\/\/ceasuri.md\/ru\/wp-json\/wp\/v2\/product"}],"about":[{"href":"https:\/\/ceasuri.md\/ru\/wp-json\/wp\/v2\/types\/product"}],"replies":[{"embeddable":true,"href":"https:\/\/ceasuri.md\/ru\/wp-json\/wp\/v2\/comments?post=64017"}],"wp:featuredmedia":[{"embeddable":true,"href":"https:\/\/ceasuri.md\/ru\/wp-json\/wp\/v2\/media\/64018"}],"wp:attachment":[{"href":"https:\/\/ceasuri.md\/ru\/wp-json\/wp\/v2\/media?parent=64017"}],"wp:term":[{"taxonomy":"product_brand","embeddable":true,"href":"https:\/\/ceasuri.md\/ru\/wp-json\/wp\/v2\/product_brand?post=64017"},{"taxonomy":"product_cat","embeddable":true,"href":"https:\/\/ceasuri.md\/ru\/wp-json\/wp\/v2\/product_cat?post=64017"},{"taxonomy":"product_tag","embeddable":true,"href":"https:\/\/ceasuri.md\/ru\/wp-json\/wp\/v2\/product_tag?post=64017"}],"curies":[{"name":"wp","href":"https:\/\/api.w.org\/{rel}","templated":true}]}}