{"id":64007,"date":"2026-03-23T12:17:28","date_gmt":"2026-03-23T10:17:28","guid":{"rendered":"http:\/\/new.ceasuri.md\/shop\/uncategorized\/casio-edifice-efk-110d-2aer\/"},"modified":"2026-05-05T18:18:38","modified_gmt":"2026-05-05T15:18:38","slug":"casio-edifice-efk-110d-2aer","status":"publish","type":"product","link":"https:\/\/ceasuri.md\/ru\/shop\/branduri\/casio\/casio-edifice-efk-110d-2aer\/","title":{"rendered":"\u0427\u0430\u0441\u044b CASIO EDIFICE EFK-110D-2AER"},"content":{"rendered":"<p>Acest model este \u00eentruchiparea unui stil clasic rafinat, cu un caracter dinamic, care va fi apreciat nu doar de iubitorii de ma\u0219ini sport, ci \u0219i de cunosc\u0103torii minimalismului rafinat.<\/p>\n<p>Particularitatea sa const\u0103 \u00een carcasa compact\u0103 de 38 de milimetri, completat\u0103 de un cadran cu o textur\u0103 u\u0219oar\u0103, creat\u0103 printr-o tehnologie special\u0103 de galvanizare. Acest detaliu confer\u0103 accesoriului o ad\u00e2ncime vizual\u0103 deosebit\u0103 \u0219i un caracter exclusivist.<\/p>\n<p>Mecanismul automat de fabrica\u021bie japonez\u0103, cu o rezerv\u0103 de mers de p\u00e2n\u0103 la 42 de ore, subliniaz\u0103 fiabilitatea \u0219i perfec\u021biunea tehnic\u0103 a modelului.<\/p>\n<p>Capacul transparent al carcasei permite observarea func\u021bion\u0103rii fascinante a mecanismului, transform\u00e2nd ceasul \u00eentr-o adev\u0103rat\u0103 oper\u0103 de art\u0103 inginereasc\u0103.<\/p>\n<p>Sticla de safir cu o rezisten\u021b\u0103 excep\u021bional\u0103 la zg\u00e2rieturi \u0219i impermeabilitatea de p\u00e2n\u0103 la 10 bari fac din acest accesoriu un companion ideal.<\/p>\n<p>\u00cen fa\u021ba dumneavoastr\u0103 se afl\u0103 un ceas care va deveni simbolul statutului dumneavoastr\u0103.<\/p>","protected":false},"excerpt":{"rendered":"<p>Acest model este \u00eentruchiparea unui stil clasic rafinat, cu un caracter dinamic, care va fi apreciat nu doar de iubitorii de ma\u0219ini sport, ci \u0219i de cunosc\u0103torii minimalismului rafinat. Particularitatea sa const\u0103 \u00een carcasa compact\u0103 de 38 de milimetri, completat\u0103 de un cadran cu o textur\u0103 u\u0219oar\u0103, creat\u0103 printr-o tehnologie special\u0103 de galvanizare. Acest detaliu [&hellip;]<\/p>\n","protected":false},"featured_media":64008,"comment_status":"closed","ping_status":"open","template":"","meta":{"_acf_changed":false},"product_brand":[],"product_cat":[27,20,536],"product_tag":[],"class_list":{"0":"post-64007","1":"product","2":"type-product","3":"status-publish","4":"has-post-thumbnail","6":"product_cat-casio","7":"product_cat-ceasuri-barbati","8":"product_cat-edifice","9":"pa_brand-casio","10":"pa_brand-edifice","11":"pa_braslet-otel-inoxidabil","12":"pa_corpus-38-mm","13":"pa_forma-rotund","14":"pa_funcii-data","15":"pa_garatia-24-luni","16":"pa_korpus-argintiu","17":"pa_material-otel-inoxidabil","18":"pa_mehanizm-mecanic","19":"pa_mehanizm-mecanism-automatic","20":"pa_remeshok-argintiu","21":"pa_steklo-cristal-safir","22":"pa_strana-japonia","23":"pa_voda-10-atm","25":"first","26":"instock","27":"purchasable","28":"product-type-simple"},"acf":[],"_links":{"self":[{"href":"https:\/\/ceasuri.md\/ru\/wp-json\/wp\/v2\/product\/64007","targetHints":{"allow":["GET"]}}],"collection":[{"href":"https:\/\/ceasuri.md\/ru\/wp-json\/wp\/v2\/product"}],"about":[{"href":"https:\/\/ceasuri.md\/ru\/wp-json\/wp\/v2\/types\/product"}],"replies":[{"embeddable":true,"href":"https:\/\/ceasuri.md\/ru\/wp-json\/wp\/v2\/comments?post=64007"}],"wp:featuredmedia":[{"embeddable":true,"href":"https:\/\/ceasuri.md\/ru\/wp-json\/wp\/v2\/media\/64008"}],"wp:attachment":[{"href":"https:\/\/ceasuri.md\/ru\/wp-json\/wp\/v2\/media?parent=64007"}],"wp:term":[{"taxonomy":"product_brand","embeddable":true,"href":"https:\/\/ceasuri.md\/ru\/wp-json\/wp\/v2\/product_brand?post=64007"},{"taxonomy":"product_cat","embeddable":true,"href":"https:\/\/ceasuri.md\/ru\/wp-json\/wp\/v2\/product_cat?post=64007"},{"taxonomy":"product_tag","embeddable":true,"href":"https:\/\/ceasuri.md\/ru\/wp-json\/wp\/v2\/product_tag?post=64007"}],"curies":[{"name":"wp","href":"https:\/\/api.w.org\/{rel}","templated":true}]}}