{"id":63981,"date":"2026-04-03T03:23:13","date_gmt":"2026-04-03T00:23:13","guid":{"rendered":"http:\/\/new.ceasuri.md\/shop\/uncategorized\/casio-edifice-special-edition-ecb-2300hr-1aer\/"},"modified":"2026-04-20T02:01:27","modified_gmt":"2026-04-19T23:01:27","slug":"casio-edifice-special-edition-ecb-2300hr-1aer","status":"publish","type":"product","link":"https:\/\/ceasuri.md\/ru\/shop\/branduri\/casio\/casio-edifice-special-edition-ecb-2300hr-1aer\/","title":{"rendered":"Ceas CASIO EDIFICE Special Edition ECB-2300HR-1AER"},"content":{"rendered":"<p>24 octombrie 1965 &#8211; o zi istoric\u0103 \u00een care RA272 a adus companiei Honda prima victorie \u00een Formula 1 la Marele Premiu al Mexicului.<\/p>\n<p>Echipa de design EDIFICE a lucrat \u00eendeaproape cu Honda, studiind fiecare detaliu al modelului RA272, o ma\u0219in\u0103 de curse legendar\u0103, pentru a surprinde spiritul \u0219i ingineria acestei ma\u0219ini emblematice.<\/p>\n<p>Luneta, vopsit\u0103 \u00een alb autentic de campionat, se potrive\u0219te exact cu culoarea modelului RA272, marc\u00e2nd prima dat\u0103 c\u00e2nd nuan\u021ba caracteristic\u0103 a ma\u0219inii a fost aplicat\u0103 pe o carcas\u0103 de ceas. Num\u0103rul \u201e60\u201d este gravat cu litere aurii la marcajul de 60 de minute de pe cadran pentru a comemora aniversarea acestei victorii istorice, \u00een timp ce inelul ro\u0219u al cadranului reflect\u0103 designul Hinomaru aplicat carcasei modelului RA272.<\/p>\n<p>Fiecare detaliu de design \u00ee\u0219i spune propria poveste. Data \u0219i ora exacte a primei victorii Honda \u00een Formula 1 sunt gravate pe spatele laturii scurte a curelei de piele. Bucla curelei este gravat\u0103 cu cuvintele liderului echipei, Yoshio Nakamura: \u201eVeni, Vidi, Vici\u201d &#8211; \u201eAm venit, am v\u0103zut, am cucerit\u201d. Partea lung\u0103 a curelei prezint\u0103 specifica\u021biile motorului RA272 \u0219i desenele originale. Spatele carcasei afi\u0219eaz\u0103 cu m\u00e2ndrie sigla oficial\u0103 care comemoreaz\u0103 triumful Honda.<\/p>\n<p>Carcasa combin\u0103 r\u0103\u0219ina armat\u0103 cu fibr\u0103 de carbon \u0219i o\u021belul inoxidabil pentru rezisten\u021b\u0103 \u0219i durabilitate. Cristalul de safir rezistent la zg\u00e2rieturi, rezisten\u021ba la ap\u0103 p\u00e2n\u0103 la 10 bari \u0219i \u00eenc\u0103rcarea Tough Solar v\u0103 asigur\u0103 c\u0103 sunte\u021bi \u00eentotdeauna gata de ac\u021biune. Sincronizarea smartphone-ului prin Bluetooth\u00ae permite accesul facil la ora corectat\u0103 automat, afi\u0219area convenabil\u0103 a orei mondiale \u0219i multe altele.<\/p>\n<p>Conceput pentru fanii Honda din \u00eentreaga lume, acest ceas edi\u021bie special\u0103 aduce mo\u0219tenirea F1 \u0219i spiritul de inova\u021bie al Honda direct la \u00eencheietura m\u00e2inii.<\/p>","protected":false},"excerpt":{"rendered":"<p>24 octombrie 1965 &#8211; o zi istoric\u0103 \u00een care RA272 a adus companiei Honda prima victorie \u00een Formula 1 la Marele Premiu al Mexicului. Echipa de design EDIFICE a lucrat \u00eendeaproape cu Honda, studiind fiecare detaliu al modelului RA272, o ma\u0219in\u0103 de curse legendar\u0103, pentru a surprinde spiritul \u0219i ingineria acestei ma\u0219ini emblematice. Luneta, vopsit\u0103 [&hellip;]<\/p>\n","protected":false},"featured_media":63982,"comment_status":"closed","ping_status":"open","template":"","meta":{"_acf_changed":false},"product_brand":[],"product_cat":[27,20,536],"product_tag":[],"class_list":{"0":"post-63981","1":"product","2":"type-product","3":"status-publish","4":"has-post-thumbnail","6":"product_cat-casio","7":"product_cat-ceasuri-barbati","8":"product_cat-edifice","9":"pa_brand-casio","10":"pa_brand-edifice","11":"pa_braslet-piele","12":"pa_corpus-46-mm","13":"pa_forma-rotund","14":"pa_funcii-alarma","15":"pa_funcii-bluetooth-smart","16":"pa_funcii-calendar","17":"pa_funcii-cronometru","18":"pa_funcii-dual-time","19":"pa_funcii-iluminare","20":"pa_funcii-rezerva-de-energie","21":"pa_funcii-special-edition","22":"pa_funcii-timp-mondial","23":"pa_garatia-24-luni","24":"pa_korpus-argintiu","25":"pa_kvarc-quartz","26":"pa_material-carbon","27":"pa_material-otel-inoxidabil","28":"pa_mehanizm-baterie-solara","29":"pa_remeshok-alb","30":"pa_steklo-cristal-safir","31":"pa_strana-japonia","32":"pa_voda-10-atm","34":"first","35":"instock","36":"purchasable","37":"product-type-simple"},"acf":[],"_links":{"self":[{"href":"https:\/\/ceasuri.md\/ru\/wp-json\/wp\/v2\/product\/63981","targetHints":{"allow":["GET"]}}],"collection":[{"href":"https:\/\/ceasuri.md\/ru\/wp-json\/wp\/v2\/product"}],"about":[{"href":"https:\/\/ceasuri.md\/ru\/wp-json\/wp\/v2\/types\/product"}],"replies":[{"embeddable":true,"href":"https:\/\/ceasuri.md\/ru\/wp-json\/wp\/v2\/comments?post=63981"}],"wp:featuredmedia":[{"embeddable":true,"href":"https:\/\/ceasuri.md\/ru\/wp-json\/wp\/v2\/media\/63982"}],"wp:attachment":[{"href":"https:\/\/ceasuri.md\/ru\/wp-json\/wp\/v2\/media?parent=63981"}],"wp:term":[{"taxonomy":"product_brand","embeddable":true,"href":"https:\/\/ceasuri.md\/ru\/wp-json\/wp\/v2\/product_brand?post=63981"},{"taxonomy":"product_cat","embeddable":true,"href":"https:\/\/ceasuri.md\/ru\/wp-json\/wp\/v2\/product_cat?post=63981"},{"taxonomy":"product_tag","embeddable":true,"href":"https:\/\/ceasuri.md\/ru\/wp-json\/wp\/v2\/product_tag?post=63981"}],"curies":[{"name":"wp","href":"https:\/\/api.w.org\/{rel}","templated":true}]}}