{"id":63979,"date":"2026-02-25T07:47:19","date_gmt":"2026-02-25T05:47:19","guid":{"rendered":"http:\/\/new.ceasuri.md\/shop\/uncategorized\/casio-edifice-efr-575c-8aef\/"},"modified":"2026-05-01T20:13:44","modified_gmt":"2026-05-01T17:13:44","slug":"casio-edifice-efr-575c-8aef","status":"publish","type":"product","link":"https:\/\/ceasuri.md\/ru\/shop\/branduri\/casio\/casio-edifice-efr-575c-8aef\/","title":{"rendered":"\u0427\u0430\u0441\u044b CASIO EDIFICE EFR-575C-8AEF"},"content":{"rendered":"<p>Un cronograf elegant \u0219i impresionant, inspirat de panourile de instrumente convexe ale ma\u0219inilor sport clasice.<\/p>\n<p>Cadranul gri cu gradient accentueaz\u0103 \u0219i mai mult tema auto retro.<\/p>\n<p>Cristalul mineral are un profil bombat sofisticat &#8211; o aluzie la ma\u0219inile sport vintage \u0219i la sticla curbat\u0103 \u00eent\u00e2lnit\u0103 pe bordurile clasice.<\/p>\n<p>Luneta sub\u021bire maximizeaz\u0103 spa\u021biul de afi\u0219are al cadranului pentru cronograf: un subcadran la ora 9 indic\u0103 minutele, la ora 6 secundele, iar la ora 3 afi\u0219ajul de 24 de ore.<\/p>\n<p>Butoanele clasice completeaz\u0103 designul cronografului, iar cureaua din material textil adaug\u0103 o not\u0103 casual.<\/p>\n<p>Rezistent la ap\u0103 p\u00e2n\u0103 la 100 de metri, acest ceas este o alegere versatil\u0103 at\u00e2t pentru purtarea de zi cu zi, c\u00e2t \u0219i pentru timpul liber.<\/p>\n<p>Acest model combin\u0103 estetica inspirat\u0103 din motorsport cu func\u021bionalitatea practic\u0103.<\/p>","protected":false},"excerpt":{"rendered":"<p>Un cronograf elegant \u0219i impresionant, inspirat de panourile de instrumente convexe ale ma\u0219inilor sport clasice. Cadranul gri cu gradient accentueaz\u0103 \u0219i mai mult tema auto retro. Cristalul mineral are un profil bombat sofisticat &#8211; o aluzie la ma\u0219inile sport vintage \u0219i la sticla curbat\u0103 \u00eent\u00e2lnit\u0103 pe bordurile clasice. Luneta sub\u021bire maximizeaz\u0103 spa\u021biul de afi\u0219are al [&hellip;]<\/p>\n","protected":false},"featured_media":63980,"comment_status":"closed","ping_status":"open","template":"","meta":{"_acf_changed":false},"product_brand":[],"product_cat":[27,20,536],"product_tag":[],"class_list":{"0":"post-63979","1":"product","2":"type-product","3":"status-publish","4":"has-post-thumbnail","6":"product_cat-casio","7":"product_cat-ceasuri-barbati","8":"product_cat-edifice","9":"pa_brand-casio","10":"pa_brand-edifice","11":"pa_braslet-textile","12":"pa_corpus-41-mm","13":"pa_forma-rotund","14":"pa_funcii-cronograf","15":"pa_funcii-data","16":"pa_garatia-24-luni","17":"pa_korpus-argintiu","18":"pa_kvarc-quartz","19":"pa_material-otel-inoxidabil","20":"pa_mehanizm-quartz","21":"pa_remeshok-gri","22":"pa_steklo-cristal-mineral","23":"pa_strana-japonia","24":"pa_voda-10-atm","26":"first","27":"instock","28":"purchasable","29":"product-type-simple"},"acf":[],"_links":{"self":[{"href":"https:\/\/ceasuri.md\/ru\/wp-json\/wp\/v2\/product\/63979","targetHints":{"allow":["GET"]}}],"collection":[{"href":"https:\/\/ceasuri.md\/ru\/wp-json\/wp\/v2\/product"}],"about":[{"href":"https:\/\/ceasuri.md\/ru\/wp-json\/wp\/v2\/types\/product"}],"replies":[{"embeddable":true,"href":"https:\/\/ceasuri.md\/ru\/wp-json\/wp\/v2\/comments?post=63979"}],"wp:featuredmedia":[{"embeddable":true,"href":"https:\/\/ceasuri.md\/ru\/wp-json\/wp\/v2\/media\/63980"}],"wp:attachment":[{"href":"https:\/\/ceasuri.md\/ru\/wp-json\/wp\/v2\/media?parent=63979"}],"wp:term":[{"taxonomy":"product_brand","embeddable":true,"href":"https:\/\/ceasuri.md\/ru\/wp-json\/wp\/v2\/product_brand?post=63979"},{"taxonomy":"product_cat","embeddable":true,"href":"https:\/\/ceasuri.md\/ru\/wp-json\/wp\/v2\/product_cat?post=63979"},{"taxonomy":"product_tag","embeddable":true,"href":"https:\/\/ceasuri.md\/ru\/wp-json\/wp\/v2\/product_tag?post=63979"}],"curies":[{"name":"wp","href":"https:\/\/api.w.org\/{rel}","templated":true}]}}