{"id":63973,"date":"2026-04-03T03:22:36","date_gmt":"2026-04-03T00:22:36","guid":{"rendered":"http:\/\/new.ceasuri.md\/shop\/uncategorized\/casio-edifice-efr-575d-4aef\/"},"modified":"2026-04-07T05:18:35","modified_gmt":"2026-04-07T02:18:35","slug":"casio-edifice-efr-575d-4aef","status":"publish","type":"product","link":"https:\/\/ceasuri.md\/ru\/shop\/branduri\/casio\/casio-edifice-efr-575d-4aef\/","title":{"rendered":"Ceas CASIO EDIFICE EFR-575D-4AEF"},"content":{"rendered":"<p>Un cronograf elegant \u0219i impresionant, inspirat de panourile de instrumente convexe ale ma\u0219inilor sport clasice.<\/p>\n<p>Cadranul ro\u0219u \u00een gradient, cu un efect subtil de \u201epulsare\u201d, accentueaz\u0103 \u0219i mai mult tema auto retro.<\/p>\n<p>Cristalul mineral are un profil bombat sofisticat &#8211; o aluzie la ma\u0219inile sport vintage \u0219i la sticla curbat\u0103 \u00eent\u00e2lnit\u0103 pe tablourile de bord clasice.<\/p>\n<p>Luneta sub\u021bire maximizeaz\u0103 spa\u021biul de afi\u0219are al cadranului pentru cronograf: un subcadran la ora 9 indic\u0103 minutele, la ora 6 secundele, iar la ora 3 afi\u0219ajul de 24 de ore.<\/p>\n<p>Butoanele clasice completeaz\u0103 designul cronografului, iar o br\u0103\u021bar\u0103 durabil\u0103 din o\u021bel inoxidabil adaug\u0103 durabilitate \u0219i o senza\u021bie premium.<\/p>\n<p>Rezistent la ap\u0103 p\u00e2n\u0103 la 100 de metri, acest ceas este o alegere versatil\u0103 at\u00e2t pentru purtarea de zi cu zi, c\u00e2t \u0219i pentru timpul liber.<\/p>\n<p>Modelul combin\u0103 estetica inspirat\u0103 din motorsport cu func\u021bionalitatea practic\u0103, fiind la fel de potrivit at\u00e2t pentru \u021binute casual, c\u00e2t \u0219i pentru cele mai elegante.<\/p>","protected":false},"excerpt":{"rendered":"<p>Un cronograf elegant \u0219i impresionant, inspirat de panourile de instrumente convexe ale ma\u0219inilor sport clasice. Cadranul ro\u0219u \u00een gradient, cu un efect subtil de \u201epulsare\u201d, accentueaz\u0103 \u0219i mai mult tema auto retro. Cristalul mineral are un profil bombat sofisticat &#8211; o aluzie la ma\u0219inile sport vintage \u0219i la sticla curbat\u0103 \u00eent\u00e2lnit\u0103 pe tablourile de bord [&hellip;]<\/p>\n","protected":false},"featured_media":63974,"comment_status":"closed","ping_status":"open","template":"","meta":{"_acf_changed":false},"product_brand":[],"product_cat":[27,20,536],"product_tag":[],"class_list":{"0":"post-63973","1":"product","2":"type-product","3":"status-publish","4":"has-post-thumbnail","6":"product_cat-casio","7":"product_cat-ceasuri-barbati","8":"product_cat-edifice","9":"pa_brand-casio","10":"pa_brand-edifice","11":"pa_braslet-otel-inoxidabil","12":"pa_corpus-41-mm","13":"pa_forma-rotund","14":"pa_funcii-cronograf","15":"pa_funcii-data","16":"pa_garatia-24-luni","17":"pa_korpus-argintiu","18":"pa_material-otel-inoxidabil","19":"pa_mehanizm-quartz","20":"pa_remeshok-argintiu","21":"pa_steklo-cristal-mineral","22":"pa_strana-japonia","23":"pa_voda-10-atm","25":"first","26":"instock","27":"purchasable","28":"product-type-simple"},"acf":[],"_links":{"self":[{"href":"https:\/\/ceasuri.md\/ru\/wp-json\/wp\/v2\/product\/63973","targetHints":{"allow":["GET"]}}],"collection":[{"href":"https:\/\/ceasuri.md\/ru\/wp-json\/wp\/v2\/product"}],"about":[{"href":"https:\/\/ceasuri.md\/ru\/wp-json\/wp\/v2\/types\/product"}],"replies":[{"embeddable":true,"href":"https:\/\/ceasuri.md\/ru\/wp-json\/wp\/v2\/comments?post=63973"}],"wp:featuredmedia":[{"embeddable":true,"href":"https:\/\/ceasuri.md\/ru\/wp-json\/wp\/v2\/media\/63974"}],"wp:attachment":[{"href":"https:\/\/ceasuri.md\/ru\/wp-json\/wp\/v2\/media?parent=63973"}],"wp:term":[{"taxonomy":"product_brand","embeddable":true,"href":"https:\/\/ceasuri.md\/ru\/wp-json\/wp\/v2\/product_brand?post=63973"},{"taxonomy":"product_cat","embeddable":true,"href":"https:\/\/ceasuri.md\/ru\/wp-json\/wp\/v2\/product_cat?post=63973"},{"taxonomy":"product_tag","embeddable":true,"href":"https:\/\/ceasuri.md\/ru\/wp-json\/wp\/v2\/product_tag?post=63973"}],"curies":[{"name":"wp","href":"https:\/\/api.w.org\/{rel}","templated":true}]}}