{"id":63966,"date":"2026-04-03T03:22:36","date_gmt":"2026-04-03T00:22:36","guid":{"rendered":"http:\/\/new.ceasuri.md\/shop\/uncategorized\/casio-g-shock-ga-2100cm-5aer\/"},"modified":"2026-04-20T02:01:30","modified_gmt":"2026-04-19T23:01:30","slug":"casio-g-shock-ga-2100cm-5aer","status":"publish","type":"product","link":"https:\/\/ceasuri.md\/ru\/shop\/branduri\/casio\/casio-g-shock-ga-2100cm-5aer\/","title":{"rendered":"Ceas CASIO G-SHOCK GA-2100CM-5AER"},"content":{"rendered":"<p>Acest model combin\u0103 stilul modern de strad\u0103 cu durabilitatea legendar\u0103 \u00eentr-un design de camuflaj uimitor.<\/p>\n<p>Modelul distinctiv al popularului model sub\u021bire GA-2100 ascunde artistic logo-ul emblematic G-Shock \u201eG\u201d, \u00een timp ce imprimeul metalic adaug\u0103 o nou\u0103 not\u0103 sofisticat\u0103 aspectului clasic de camuflaj. Schema elegant\u0103 de culori completeaz\u0103 perfect stilul Gorpcore \u0219i moda urban\u0103 pentru \u021binute sport.<\/p>\n<p>Acest ceas este conceput pentru un stil de via\u021b\u0103 activ: construc\u021bia Carbon Core Guard \u0219i rezisten\u021ba la \u0219ocuri garanteaz\u0103 fiabilitate chiar \u0219i \u00een condi\u021bii dificile, iar rezisten\u021ba la ap\u0103 p\u00e2n\u0103 la 200 de metri \u00eel face companionul ideal pentru activit\u0103\u021bi \u0219i aventuri \u00een aer liber.<\/p>\n<p>Carcasa \u0219i cureaua sunt fabricate din r\u0103\u0219in\u0103 ecologic\u0103, biodegradabil\u0103, derivat\u0103 din resurse regenerabile, cum ar fi porumbul. Aceast\u0103 alegere a materialului reduce impactul asupra mediului f\u0103r\u0103 a compromite durabilitatea caracteristic\u0103 G-Shock.<\/p>","protected":false},"excerpt":{"rendered":"<p>Acest model combin\u0103 stilul modern de strad\u0103 cu durabilitatea legendar\u0103 \u00eentr-un design de camuflaj uimitor. Modelul distinctiv al popularului model sub\u021bire GA-2100 ascunde artistic logo-ul emblematic G-Shock \u201eG\u201d, \u00een timp ce imprimeul metalic adaug\u0103 o nou\u0103 not\u0103 sofisticat\u0103 aspectului clasic de camuflaj. Schema elegant\u0103 de culori completeaz\u0103 perfect stilul Gorpcore \u0219i moda urban\u0103 pentru \u021binute [&hellip;]<\/p>\n","protected":false},"featured_media":63967,"comment_status":"closed","ping_status":"open","template":"","meta":{"_acf_changed":false},"product_brand":[],"product_cat":[27,20,25,419],"product_tag":[],"class_list":{"0":"post-63966","1":"product","2":"type-product","3":"status-publish","4":"has-post-thumbnail","6":"product_cat-casio","7":"product_cat-ceasuri-barbati","8":"product_cat-ceasuri-dama","9":"product_cat-g-shock","10":"pa_brand-casio","11":"pa_brand-g-shock","12":"pa_braslet-plastic","13":"pa_corpus-45x49mm","14":"pa_forma-octogonala","15":"pa_funcii-alarma","16":"pa_funcii-calendar","17":"pa_funcii-cronometru","18":"pa_funcii-dual-time","19":"pa_funcii-iluminare","20":"pa_funcii-timp-mondial","21":"pa_funcii-ziua-saptamanii","22":"pa_garatia-24-luni","23":"pa_korpus-multicolor","24":"pa_kvarc-quartz","25":"pa_material-carbon","26":"pa_material-plastic","27":"pa_mehanizm-electronic","28":"pa_mehanizm-quartz","29":"pa_remeshok-multicolor","30":"pa_steklo-cristal-mineral","31":"pa_strana-japonia","32":"pa_voda-20-atm","34":"first","35":"instock","36":"purchasable","37":"product-type-simple"},"acf":[],"_links":{"self":[{"href":"https:\/\/ceasuri.md\/ru\/wp-json\/wp\/v2\/product\/63966","targetHints":{"allow":["GET"]}}],"collection":[{"href":"https:\/\/ceasuri.md\/ru\/wp-json\/wp\/v2\/product"}],"about":[{"href":"https:\/\/ceasuri.md\/ru\/wp-json\/wp\/v2\/types\/product"}],"replies":[{"embeddable":true,"href":"https:\/\/ceasuri.md\/ru\/wp-json\/wp\/v2\/comments?post=63966"}],"wp:featuredmedia":[{"embeddable":true,"href":"https:\/\/ceasuri.md\/ru\/wp-json\/wp\/v2\/media\/63967"}],"wp:attachment":[{"href":"https:\/\/ceasuri.md\/ru\/wp-json\/wp\/v2\/media?parent=63966"}],"wp:term":[{"taxonomy":"product_brand","embeddable":true,"href":"https:\/\/ceasuri.md\/ru\/wp-json\/wp\/v2\/product_brand?post=63966"},{"taxonomy":"product_cat","embeddable":true,"href":"https:\/\/ceasuri.md\/ru\/wp-json\/wp\/v2\/product_cat?post=63966"},{"taxonomy":"product_tag","embeddable":true,"href":"https:\/\/ceasuri.md\/ru\/wp-json\/wp\/v2\/product_tag?post=63966"}],"curies":[{"name":"wp","href":"https:\/\/api.w.org\/{rel}","templated":true}]}}