{"id":63952,"date":"2026-04-03T03:22:36","date_gmt":"2026-04-03T00:22:36","guid":{"rendered":"http:\/\/new.ceasuri.md\/shop\/uncategorized\/casio-g-shock-special-edition-gma-p2126w-8aer\/"},"modified":"2026-04-20T02:01:31","modified_gmt":"2026-04-19T23:01:31","slug":"casio-g-shock-special-edition-gma-p2126w-8aer","status":"publish","type":"product","link":"https:\/\/ceasuri.md\/ru\/shop\/branduri\/casio\/casio-g-shock-special-edition-gma-p2126w-8aer\/","title":{"rendered":"\u0427\u0430\u0441\u044b CASIO G-SHOCK Special Edition GMA-P2126W-8AER"},"content":{"rendered":"<p>Anul acesta, Casio celebreaz\u0103 din nou femeile cu un model special G-SHOCK dedicat Zilei Interna\u021bionale a Femeii, 8 martie.<\/p>\n<p>Acest model valorific\u0103 designul compact original al modelului GMA-P2110, cu o schem\u0103 de culori monocrom\u0103 ce evoc\u0103 o imagine a unei for\u021be neclintite.<\/p>\n<p>Carcasa gri \u00eenchis se joac\u0103 cu umbrele, ad\u0103ug\u00e2nd profunzime \u0219i dimensiune, \u00een timp ce accentele aurii simbolizeaz\u0103 razele de speran\u021b\u0103 care str\u0103lucesc printr-o lume monocromatic\u0103.<\/p>\n<p>Acest ceas combin\u0103 for\u021ba \u0219i frumuse\u021bea, \u00eentr-un design \u0219i o dimensiune ideale pentru stilul de zi cu zi &#8211; un ceas pentru femeile care tr\u0103iesc fiecare zi cu for\u021b\u0103 \u0219i \u00eencredere.<\/p>\n<p>Rezistent la \u0219ocuri \u0219i la ap\u0103 p\u00e2n\u0103 la 20 de bari, acest ceas este construit pentru a rezista. Iluminarea de fundal cu LED asigur\u0103 o lizibilitate optim\u0103, \u00een timp ce o func\u021bie de or\u0103 mondial\u0103, un cronometru, un cronometru cu num\u0103r\u0103toare invers\u0103 \u0219i cinci alarme zilnice ofer\u0103 o func\u021bionalitate excelent\u0103.<\/p>\n<p>Componentele cheie ale lunetei \u0219i ale curelei sunt fabricate din r\u0103\u0219in\u0103 biodegradabil\u0103. Produs folosind resurse organice regenerabile, se a\u0219teapt\u0103 ca acest material s\u0103 ajute la reducerea impactului ceasului asupra mediului.<\/p>\n<p>G-SHOCK \u00eentruchipeaz\u0103 o lume \u00een care femeile \u00ee\u0219i croiesc propriile drumuri \u0219i realizeaz\u0103 tot ce \u00ee\u0219i doresc.<\/p>","protected":false},"excerpt":{"rendered":"<p>Anul acesta, Casio celebreaz\u0103 din nou femeile cu un model special G-SHOCK dedicat Zilei Interna\u021bionale a Femeii, 8 martie. Acest model valorific\u0103 designul compact original al modelului GMA-P2110, cu o schem\u0103 de culori monocrom\u0103 ce evoc\u0103 o imagine a unei for\u021be neclintite. Carcasa gri \u00eenchis se joac\u0103 cu umbrele, ad\u0103ug\u00e2nd profunzime \u0219i dimensiune, \u00een timp [&hellip;]<\/p>\n","protected":false},"featured_media":63953,"comment_status":"closed","ping_status":"open","template":"","meta":{"_acf_changed":false},"product_brand":[],"product_cat":[27,25,419],"product_tag":[],"class_list":{"0":"post-63952","1":"product","2":"type-product","3":"status-publish","4":"has-post-thumbnail","6":"product_cat-casio","7":"product_cat-ceasuri-dama","8":"product_cat-g-shock","9":"pa_brand-casio","10":"pa_brand-g-shock","11":"pa_braslet-plastic","12":"pa_corpus-41x46mm","13":"pa_forma-octogonala","14":"pa_funcii-alarma","15":"pa_funcii-calendar","16":"pa_funcii-cronometru","17":"pa_funcii-dual-time","18":"pa_funcii-iluminare","19":"pa_funcii-special-edition","20":"pa_funcii-timp-mondial","21":"pa_garatia-24-luni","22":"pa_korpus-gri","23":"pa_kvarc-quartz","24":"pa_material-plastic","25":"pa_mehanizm-electronic","26":"pa_mehanizm-quartz","27":"pa_remeshok-gri","28":"pa_steklo-cristal-mineral","29":"pa_strana-japonia","30":"pa_voda-20-atm","32":"first","33":"instock","34":"purchasable","35":"product-type-simple"},"acf":[],"_links":{"self":[{"href":"https:\/\/ceasuri.md\/ru\/wp-json\/wp\/v2\/product\/63952","targetHints":{"allow":["GET"]}}],"collection":[{"href":"https:\/\/ceasuri.md\/ru\/wp-json\/wp\/v2\/product"}],"about":[{"href":"https:\/\/ceasuri.md\/ru\/wp-json\/wp\/v2\/types\/product"}],"replies":[{"embeddable":true,"href":"https:\/\/ceasuri.md\/ru\/wp-json\/wp\/v2\/comments?post=63952"}],"wp:featuredmedia":[{"embeddable":true,"href":"https:\/\/ceasuri.md\/ru\/wp-json\/wp\/v2\/media\/63953"}],"wp:attachment":[{"href":"https:\/\/ceasuri.md\/ru\/wp-json\/wp\/v2\/media?parent=63952"}],"wp:term":[{"taxonomy":"product_brand","embeddable":true,"href":"https:\/\/ceasuri.md\/ru\/wp-json\/wp\/v2\/product_brand?post=63952"},{"taxonomy":"product_cat","embeddable":true,"href":"https:\/\/ceasuri.md\/ru\/wp-json\/wp\/v2\/product_cat?post=63952"},{"taxonomy":"product_tag","embeddable":true,"href":"https:\/\/ceasuri.md\/ru\/wp-json\/wp\/v2\/product_tag?post=63952"}],"curies":[{"name":"wp","href":"https:\/\/api.w.org\/{rel}","templated":true}]}}