{"id":63943,"date":"2026-04-03T03:22:36","date_gmt":"2026-04-03T00:22:36","guid":{"rendered":"http:\/\/new.ceasuri.md\/shop\/uncategorized\/casio-g-shock-gmw-bz5000gd-9er\/"},"modified":"2026-04-07T05:18:32","modified_gmt":"2026-04-07T02:18:32","slug":"casio-g-shock-gmw-bz5000gd-9er","status":"publish","type":"product","link":"https:\/\/ceasuri.md\/ru\/shop\/branduri\/casio\/casio-g-shock-gmw-bz5000gd-9er\/","title":{"rendered":"Ceas CASIO G-SHOCK GMW-BZ5000GD-9ER"},"content":{"rendered":"<p>Inspirat de primul model G-SHOCK, acest model duce evolu\u021bia func\u021bionalit\u0103\u021bii \u0219i a materialelor la un nou nivel cu un design complet nou \u0219i inovator.<\/p>\n<p>Baz\u00e2ndu-se pe peste 40 de ani de experien\u021b\u0103 \u00een testarea \u0219ocurilor, oamenii \u0219i inteligen\u021ba artificial\u0103 s-au combinat pentru a reimagina structura \u0219i forma &#8211; o piatr\u0103 de hotar \u00een design \u0219i inginerie.<\/p>\n<p>\u00cen interior, un strat protector polimeric durabil absoarbe \u0219ocurile prin deformare temporar\u0103, cre\u00e2nd un ceas complet metalic care \u00eendepline\u0219te \u00een continuare standardele \u00eenalte ale G-SHOCK pentru rezisten\u021ba la \u0219ocuri. Carcasa, cu capacul din spate \u00een\u0219urubat, asigur\u0103 o rezisten\u021b\u0103 complet\u0103 la ap\u0103.<\/p>\n<p>O tehnologie nou\u0103, extrem de eficient\u0103 &#8211; familiar\u0103 modelelor sport G-SHOCK &#8211; a fost dezvoltat\u0103 pentru afi\u0219ajul LCD MIP de \u00eenalt\u0103 rezolu\u021bie cu memorie de pixeli. Afi\u0219ajul ofer\u0103 opt stiluri diferite de afi\u0219are: alege\u021bi dintre dou\u0103 op\u021biuni: STANDARD (u\u0219or de citit) \u0219i CLASIC (stil tradi\u021bional cu 7 segmente) &#8211; fiecare cu patru moduri diferite de afi\u0219are.<\/p>\n<p>Afi\u0219ajul MIP cu contrast ridicat ofer\u0103 unghiuri largi de vizualizare, o lizibilitate excelent\u0103 \u00een lumina soarelui \u0219i este alimentat de lumin\u0103, cum ar fi lumina soarelui sau lumina l\u0103mpii.<\/p>\n<p>C\u00e2nd este asociat cu telefonul prin Bluetooth (folosind aplica\u021bia CASIO WATCHES), pute\u021bi seta cu u\u0219urin\u021b\u0103 ora exact\u0103, alarmele \u0219i alte func\u021bii. Un plus convenabil este func\u021bia Find My Phone, care faciliteaz\u0103 localizarea unui telefon pierdut.<\/p>\n<p>Cu tehnologia Multiband 6, tehnologia Tough Solar \u0219i o iluminare de fundal LED puternic\u0103, ve\u021bi fi perfect preg\u0103tit pentru orice situa\u021bie.<\/p>","protected":false},"excerpt":{"rendered":"<p>Inspirat de primul model G-SHOCK, acest model duce evolu\u021bia func\u021bionalit\u0103\u021bii \u0219i a materialelor la un nou nivel cu un design complet nou \u0219i inovator. Baz\u00e2ndu-se pe peste 40 de ani de experien\u021b\u0103 \u00een testarea \u0219ocurilor, oamenii \u0219i inteligen\u021ba artificial\u0103 s-au combinat pentru a reimagina structura \u0219i forma &#8211; o piatr\u0103 de hotar \u00een design \u0219i [&hellip;]<\/p>\n","protected":false},"featured_media":63944,"comment_status":"closed","ping_status":"open","template":"","meta":{"_acf_changed":false},"product_brand":[],"product_cat":[27,20,419],"product_tag":[],"class_list":{"0":"post-63943","1":"product","2":"type-product","3":"status-publish","4":"has-post-thumbnail","6":"product_cat-casio","7":"product_cat-ceasuri-barbati","8":"product_cat-g-shock","9":"pa_brand-casio","10":"pa_brand-g-shock","11":"pa_braslet-otel-inoxidabil","12":"pa_corpus-44x49mm","13":"pa_forma-octogonala","14":"pa_funcii-alarma","15":"pa_funcii-bluetooth-smart","16":"pa_funcii-calendar","17":"pa_funcii-cronometru","18":"pa_funcii-iluminare","19":"pa_funcii-rezerva-de-energie","20":"pa_funcii-timp-mondial","21":"pa_garatia-24-luni","22":"pa_korpus-auriu","23":"pa_material-otel-inoxidabil","24":"pa_mehanizm-baterie-solara","25":"pa_remeshok-auriu","26":"pa_steklo-cristal-mineral","27":"pa_strana-japonia","28":"pa_voda-20-atm","30":"first","31":"instock","32":"purchasable","33":"product-type-simple"},"acf":[],"_links":{"self":[{"href":"https:\/\/ceasuri.md\/ru\/wp-json\/wp\/v2\/product\/63943","targetHints":{"allow":["GET"]}}],"collection":[{"href":"https:\/\/ceasuri.md\/ru\/wp-json\/wp\/v2\/product"}],"about":[{"href":"https:\/\/ceasuri.md\/ru\/wp-json\/wp\/v2\/types\/product"}],"replies":[{"embeddable":true,"href":"https:\/\/ceasuri.md\/ru\/wp-json\/wp\/v2\/comments?post=63943"}],"wp:featuredmedia":[{"embeddable":true,"href":"https:\/\/ceasuri.md\/ru\/wp-json\/wp\/v2\/media\/63944"}],"wp:attachment":[{"href":"https:\/\/ceasuri.md\/ru\/wp-json\/wp\/v2\/media?parent=63943"}],"wp:term":[{"taxonomy":"product_brand","embeddable":true,"href":"https:\/\/ceasuri.md\/ru\/wp-json\/wp\/v2\/product_brand?post=63943"},{"taxonomy":"product_cat","embeddable":true,"href":"https:\/\/ceasuri.md\/ru\/wp-json\/wp\/v2\/product_cat?post=63943"},{"taxonomy":"product_tag","embeddable":true,"href":"https:\/\/ceasuri.md\/ru\/wp-json\/wp\/v2\/product_tag?post=63943"}],"curies":[{"name":"wp","href":"https:\/\/api.w.org\/{rel}","templated":true}]}}