{"id":63935,"date":"2026-04-03T03:22:36","date_gmt":"2026-04-03T00:22:36","guid":{"rendered":"http:\/\/new.ceasuri.md\/shop\/uncategorized\/casio-pro-trek-prg-69-1er\/"},"modified":"2026-04-07T05:18:31","modified_gmt":"2026-04-07T02:18:31","slug":"casio-pro-trek-prg-69-1er","status":"publish","type":"product","link":"https:\/\/ceasuri.md\/ru\/shop\/branduri\/casio\/casio-pro-trek-prg-69-1er\/","title":{"rendered":"Ceas CASIO PRO TREK PRG-69-1ER"},"content":{"rendered":"<p>Porne\u0219te \u00een c\u0103l\u0103torie cu ceasurile PRO TREK pentru activit\u0103\u021bi \u00een aer liber.<\/p>\n<p>Ceasuri inovatoare \u2014 ceasuri digitale PRO TREK cu carcas\u0103 octogonal\u0103. Acestea \u00eenlocuiesc carcasa tradi\u021bional\u0103 rotund\u0103 cu un design nou \u0219i str\u0103lucitor, inspirat de echipamentul rezistent pentru activit\u0103\u021bi \u00een aer liber. Compact ca dimensiune, dar \u00eendr\u0103zne\u021b ca form\u0103, este companionul ideal pentru aventurile \u00een natur\u0103, c\u00e2nd este necesar s\u0103 ave\u021bi cu voi un minim de echipament.<\/p>\n<p>Carcasa rezistent\u0103 la foc protejeaz\u0103 ceasul de sc\u00e2nteile focului, iar bioplasticul ecologic reflect\u0103 dragostea dvs. pentru natur\u0103. Cureaua este fabricat\u0103 din bio-uretan moale, care asigur\u0103 at\u00e2t un confort excelent, c\u00e2t \u0219i ecologic.<\/p>\n<p>Sistemul fiabil de \u00eenc\u0103rcare solar\u0103 asigur\u0103 \u00eenc\u0103rcarea constant\u0103 a ceasului la lumina soarelui sau \u00een interior, astfel \u00eenc\u00e2t nu trebuie s\u0103 v\u0103 face\u021bi griji cu privire la \u00eenc\u0103rcarea bateriei, chiar \u0219i \u00een timpul drume\u021biilor lungi sau excursiilor la munte.<\/p>\n<p>Echipat cu un senzor triplu care determin\u0103 direc\u021bia, presiunea atmosferic\u0103 \u0219i temperatura, acest ceas ofer\u0103 informa\u021bii precise necesare pentru alpinism sau drume\u021bii. Urm\u0103ri\u021bi direc\u021bia, altitudinea \u0219i presiunea atmosferic\u0103 cu o singur\u0103 ap\u0103sare a butonului din partea dreapt\u0103 a ceasului. Afi\u0219ajul digital mare ofer\u0103 o vizibilitate excelent\u0103 pentru verificarea informa\u021biilor \u00een orice condi\u021bii.<\/p>","protected":false},"excerpt":{"rendered":"<p>Porne\u0219te \u00een c\u0103l\u0103torie cu ceasurile PRO TREK pentru activit\u0103\u021bi \u00een aer liber. Ceasuri inovatoare \u2014 ceasuri digitale PRO TREK cu carcas\u0103 octogonal\u0103. Acestea \u00eenlocuiesc carcasa tradi\u021bional\u0103 rotund\u0103 cu un design nou \u0219i str\u0103lucitor, inspirat de echipamentul rezistent pentru activit\u0103\u021bi \u00een aer liber. Compact ca dimensiune, dar \u00eendr\u0103zne\u021b ca form\u0103, este companionul ideal pentru aventurile \u00een [&hellip;]<\/p>\n","protected":false},"featured_media":63936,"comment_status":"closed","ping_status":"open","template":"","meta":{"_acf_changed":false},"product_brand":[],"product_cat":[27,571,20],"product_tag":[],"class_list":{"0":"post-63935","1":"product","2":"type-product","3":"status-publish","4":"has-post-thumbnail","6":"product_cat-casio","7":"product_cat-casio-protrek","8":"product_cat-ceasuri-barbati","9":"pa_brand-casio","10":"pa_brand-casio-protrek","11":"pa_braslet-plastic","12":"pa_corpus-46x53-mm","13":"pa_forma-octogonala","14":"pa_funcii-alarma","15":"pa_funcii-altimetru","16":"pa_funcii-barometru","17":"pa_funcii-busola","18":"pa_funcii-calendar","19":"pa_funcii-cronometru","20":"pa_funcii-iluminare","21":"pa_funcii-rezerva-de-energie","22":"pa_funcii-termometru","23":"pa_funcii-timp-mondial","24":"pa_garatia-24-luni","25":"pa_korpus-negru","26":"pa_material-otel-inoxidabil","27":"pa_material-plastic","28":"pa_mehanizm-baterie-solara","29":"pa_remeshok-negru","30":"pa_steklo-cristal-mineral","31":"pa_strana-japonia","32":"pa_voda-10-atm","34":"first","35":"instock","36":"purchasable","37":"product-type-simple"},"acf":[],"_links":{"self":[{"href":"https:\/\/ceasuri.md\/ru\/wp-json\/wp\/v2\/product\/63935","targetHints":{"allow":["GET"]}}],"collection":[{"href":"https:\/\/ceasuri.md\/ru\/wp-json\/wp\/v2\/product"}],"about":[{"href":"https:\/\/ceasuri.md\/ru\/wp-json\/wp\/v2\/types\/product"}],"replies":[{"embeddable":true,"href":"https:\/\/ceasuri.md\/ru\/wp-json\/wp\/v2\/comments?post=63935"}],"wp:featuredmedia":[{"embeddable":true,"href":"https:\/\/ceasuri.md\/ru\/wp-json\/wp\/v2\/media\/63936"}],"wp:attachment":[{"href":"https:\/\/ceasuri.md\/ru\/wp-json\/wp\/v2\/media?parent=63935"}],"wp:term":[{"taxonomy":"product_brand","embeddable":true,"href":"https:\/\/ceasuri.md\/ru\/wp-json\/wp\/v2\/product_brand?post=63935"},{"taxonomy":"product_cat","embeddable":true,"href":"https:\/\/ceasuri.md\/ru\/wp-json\/wp\/v2\/product_cat?post=63935"},{"taxonomy":"product_tag","embeddable":true,"href":"https:\/\/ceasuri.md\/ru\/wp-json\/wp\/v2\/product_tag?post=63935"}],"curies":[{"name":"wp","href":"https:\/\/api.w.org\/{rel}","templated":true}]}}