{"id":63931,"date":"2026-04-03T01:49:00","date_gmt":"2026-04-02T22:49:00","guid":{"rendered":"http:\/\/new.ceasuri.md\/shop\/uncategorized\/seiko-wall-clock-qxa849s\/"},"modified":"2026-04-23T17:45:25","modified_gmt":"2026-04-23T14:45:25","slug":"seiko-wall-clock-qxa849s","status":"publish","type":"product","link":"https:\/\/ceasuri.md\/ru\/shop\/branduri\/seiko-wall-clock-qxa849s\/","title":{"rendered":"Ceas SEIKO WALL CLOCK QXA849S"},"content":{"rendered":"<p>SEIKO este un brand japonez de renume mondial, recunoscut pentru m\u0103iestria excep\u021bional\u0103, precizia \u0219i designul atemporal.<\/p>\n<p>Ceasurile de perete Seiko combin\u0103 perfect func\u021bionalitatea \u0219i frumuse\u021bea, fiind concepute pentru a \u00eembun\u0103t\u0103\u021bi orice spa\u021biu &#8211; de la o cas\u0103 modern\u0103 la un birou.<\/p>\n<p>Cu mi\u0219c\u0103rile lor precise cu cuar\u021b, acele silen\u021bioase \u0219i o gam\u0103 larg\u0103 de designuri &#8211; de la clasic la contemporan &#8211; aceste ceasuri sunt mai mult dec\u00e2t simple dispozitive de m\u0103surare a timpului. Sunt elemente decorative care \u00eentruchipeaz\u0103 elegan\u021ba \u0219i fiabilitatea.<\/p>","protected":false},"excerpt":{"rendered":"<p>SEIKO este un brand japonez de renume mondial, recunoscut pentru m\u0103iestria excep\u021bional\u0103, precizia \u0219i designul atemporal. Ceasurile de perete Seiko combin\u0103 perfect func\u021bionalitatea \u0219i frumuse\u021bea, fiind concepute pentru a \u00eembun\u0103t\u0103\u021bi orice spa\u021biu &#8211; de la o cas\u0103 modern\u0103 la un birou. Cu mi\u0219c\u0103rile lor precise cu cuar\u021b, acele silen\u021bioase \u0219i o gam\u0103 larg\u0103 de designuri [&hellip;]<\/p>\n","protected":false},"featured_media":63932,"comment_status":"closed","ping_status":"open","template":"","meta":{"_acf_changed":false},"product_brand":[],"product_cat":[18,594,689],"product_tag":[],"class_list":{"0":"post-63931","1":"product","2":"type-product","3":"status-publish","4":"has-post-thumbnail","6":"product_cat-branduri","7":"product_cat-ceas-interior","8":"product_cat-ceas-interior-cu-alarma","9":"pa_brand-seiko","10":"pa_corpus-45-cm","11":"pa_forma-rotund","12":"pa_garatia-24-luni","13":"pa_korpus-argintiu","14":"pa_kvarc-quartz","15":"pa_material-aluminiu","16":"pa_mehanizm-quartz","17":"pa_steklo-plastic","18":"pa_strana-japonia","20":"first","21":"instock","22":"purchasable","23":"product-type-simple"},"acf":[],"_links":{"self":[{"href":"https:\/\/ceasuri.md\/ru\/wp-json\/wp\/v2\/product\/63931","targetHints":{"allow":["GET"]}}],"collection":[{"href":"https:\/\/ceasuri.md\/ru\/wp-json\/wp\/v2\/product"}],"about":[{"href":"https:\/\/ceasuri.md\/ru\/wp-json\/wp\/v2\/types\/product"}],"replies":[{"embeddable":true,"href":"https:\/\/ceasuri.md\/ru\/wp-json\/wp\/v2\/comments?post=63931"}],"wp:featuredmedia":[{"embeddable":true,"href":"https:\/\/ceasuri.md\/ru\/wp-json\/wp\/v2\/media\/63932"}],"wp:attachment":[{"href":"https:\/\/ceasuri.md\/ru\/wp-json\/wp\/v2\/media?parent=63931"}],"wp:term":[{"taxonomy":"product_brand","embeddable":true,"href":"https:\/\/ceasuri.md\/ru\/wp-json\/wp\/v2\/product_brand?post=63931"},{"taxonomy":"product_cat","embeddable":true,"href":"https:\/\/ceasuri.md\/ru\/wp-json\/wp\/v2\/product_cat?post=63931"},{"taxonomy":"product_tag","embeddable":true,"href":"https:\/\/ceasuri.md\/ru\/wp-json\/wp\/v2\/product_tag?post=63931"}],"curies":[{"name":"wp","href":"https:\/\/api.w.org\/{rel}","templated":true}]}}