{"id":63925,"date":"2026-04-03T01:48:01","date_gmt":"2026-04-02T22:48:01","guid":{"rendered":"http:\/\/new.ceasuri.md\/shop\/uncategorized\/seiko-wall-clock-qxa850s\/"},"modified":"2026-04-20T02:00:20","modified_gmt":"2026-04-19T23:00:20","slug":"seiko-wall-clock-qxa850s","status":"publish","type":"product","link":"https:\/\/ceasuri.md\/ru\/shop\/ceas-interior-cu-alarma\/ceas-interior-ceas-interior-cu-alarma\/seiko-wall-clock-qxa850s\/","title":{"rendered":"\u0427\u0430\u0441\u044b SEIKO WALL CLOCK QXA850S"},"content":{"rendered":"<p>Acest ceas de perete \u00een stilul unui ceas de buzunar Seiko are un cadran alb \u0219i o carcas\u0103 rotund\u0103 din aluminiu argintiu, cu secundar silen\u021bios.<\/p>\n<p>Conceput s\u0103 semene cu un ceas de buzunar clasic, f\u0103r\u0103 capac, combin\u0103 elegan\u021ba vintage cu un afi\u0219aj clar \u0219i u\u0219or de citit al orei.<\/p>","protected":false},"excerpt":{"rendered":"<p>Acest ceas de perete \u00een stilul unui ceas de buzunar Seiko are un cadran alb \u0219i o carcas\u0103 rotund\u0103 din aluminiu argintiu, cu secundar silen\u021bios. Conceput s\u0103 semene cu un ceas de buzunar clasic, f\u0103r\u0103 capac, combin\u0103 elegan\u021ba vintage cu un afi\u0219aj clar \u0219i u\u0219or de citit al orei.<\/p>","protected":false},"featured_media":63926,"comment_status":"closed","ping_status":"open","template":"","meta":{"_acf_changed":false},"product_brand":[],"product_cat":[842,588],"product_tag":[],"class_list":{"0":"post-63925","1":"product","2":"type-product","3":"status-publish","4":"has-post-thumbnail","6":"product_cat-ceas-interior-ceas-interior-cu-alarma","7":"product_cat-seiko","8":"pa_brand-seiko","9":"pa_corpus-26-cm","10":"pa_forma-rotund","11":"pa_garatia-24-luni","12":"pa_korpus-argintiu","13":"pa_kvarc-quartz","14":"pa_material-aluminiu","15":"pa_mehanizm-quartz","16":"pa_steklo-plastic","17":"pa_strana-japonia","19":"first","20":"instock","21":"purchasable","22":"product-type-simple"},"acf":[],"_links":{"self":[{"href":"https:\/\/ceasuri.md\/ru\/wp-json\/wp\/v2\/product\/63925","targetHints":{"allow":["GET"]}}],"collection":[{"href":"https:\/\/ceasuri.md\/ru\/wp-json\/wp\/v2\/product"}],"about":[{"href":"https:\/\/ceasuri.md\/ru\/wp-json\/wp\/v2\/types\/product"}],"replies":[{"embeddable":true,"href":"https:\/\/ceasuri.md\/ru\/wp-json\/wp\/v2\/comments?post=63925"}],"wp:featuredmedia":[{"embeddable":true,"href":"https:\/\/ceasuri.md\/ru\/wp-json\/wp\/v2\/media\/63926"}],"wp:attachment":[{"href":"https:\/\/ceasuri.md\/ru\/wp-json\/wp\/v2\/media?parent=63925"}],"wp:term":[{"taxonomy":"product_brand","embeddable":true,"href":"https:\/\/ceasuri.md\/ru\/wp-json\/wp\/v2\/product_brand?post=63925"},{"taxonomy":"product_cat","embeddable":true,"href":"https:\/\/ceasuri.md\/ru\/wp-json\/wp\/v2\/product_cat?post=63925"},{"taxonomy":"product_tag","embeddable":true,"href":"https:\/\/ceasuri.md\/ru\/wp-json\/wp\/v2\/product_tag?post=63925"}],"curies":[{"name":"wp","href":"https:\/\/api.w.org\/{rel}","templated":true}]}}