{"id":63915,"date":"2026-04-03T01:48:01","date_gmt":"2026-04-02T22:48:01","guid":{"rendered":"http:\/\/new.ceasuri.md\/shop\/uncategorized\/seiko-wall-clock-qxm620g\/"},"modified":"2026-04-20T02:00:23","modified_gmt":"2026-04-19T23:00:23","slug":"seiko-wall-clock-qxm620g","status":"publish","type":"product","link":"https:\/\/ceasuri.md\/ru\/shop\/ceas-interior-cu-alarma\/ceas-interior-ceas-interior-cu-alarma\/seiko-wall-clock-qxm620g\/","title":{"rendered":"\u0427\u0430\u0441\u044b SEIKO WALL CLOCK QXM620G"},"content":{"rendered":"<p>Ceasul muzical Seiko \u201eDancing Dial\u201d Melodies in Motion este o experien\u021b\u0103 captivant\u0103 \u0219i magic\u0103.<\/p>\n<p>La \u00eenceputul fiec\u0103rei ore, cadranele se rotesc \u0219i danseaz\u0103 pe melodiile lini\u0219titoare, cre\u00e2nd un spectacol captivant \u0219i vesel.<\/p>\n<p>Al\u0103tura\u021bi-v\u0103 \u201eFestivalului de Aur\u201d cu acest ceas captivant Melodies in Motion.<\/p>\n<p>Un cer \u00eenstelat auriu este umplut cu artificii orbitoare de o parte \u0219i de alta a cadranului format din \u0219ase p\u0103r\u021bi, \u00eempodobit cu cristale multicolore \u00een form\u0103 de stea pe un fundal de bronz \u00eenchis.<\/p>\n<p>C\u00e2nd se aude una dintre cele 30 de melodii, cadranul format din \u0219ase p\u0103r\u021bi se dezintegreaz\u0103, iar trei decora\u021biuni colorate din jurul s\u0103u \u00eencep s\u0103 se legene \u00eenainte \u0219i \u00eenapoi. Cristalele de sub cadran se rotesc continuu.<\/p>","protected":false},"excerpt":{"rendered":"<p>Ceasul muzical Seiko \u201eDancing Dial\u201d Melodies in Motion este o experien\u021b\u0103 captivant\u0103 \u0219i magic\u0103. La \u00eenceputul fiec\u0103rei ore, cadranele se rotesc \u0219i danseaz\u0103 pe melodiile lini\u0219titoare, cre\u00e2nd un spectacol captivant \u0219i vesel. Al\u0103tura\u021bi-v\u0103 \u201eFestivalului de Aur\u201d cu acest ceas captivant Melodies in Motion. Un cer \u00eenstelat auriu este umplut cu artificii orbitoare de o parte [&hellip;]<\/p>\n","protected":false},"featured_media":63916,"comment_status":"closed","ping_status":"open","template":"","meta":{"_acf_changed":false},"product_brand":[],"product_cat":[842,588],"product_tag":[],"class_list":{"0":"post-63915","1":"product","2":"type-product","3":"status-publish","4":"has-post-thumbnail","6":"product_cat-ceas-interior-ceas-interior-cu-alarma","7":"product_cat-seiko","8":"pa_brand-seiko","9":"pa_corpus-41x44cm","10":"pa_forma-oval","11":"pa_garatia-24-luni","12":"pa_korpus-auriu","13":"pa_kvarc-quartz","14":"pa_material-plastic","15":"pa_mehanizm-quartz","16":"pa_steklo-plastic","17":"pa_strana-japonia","19":"first","20":"instock","21":"purchasable","22":"product-type-simple"},"acf":[],"_links":{"self":[{"href":"https:\/\/ceasuri.md\/ru\/wp-json\/wp\/v2\/product\/63915","targetHints":{"allow":["GET"]}}],"collection":[{"href":"https:\/\/ceasuri.md\/ru\/wp-json\/wp\/v2\/product"}],"about":[{"href":"https:\/\/ceasuri.md\/ru\/wp-json\/wp\/v2\/types\/product"}],"replies":[{"embeddable":true,"href":"https:\/\/ceasuri.md\/ru\/wp-json\/wp\/v2\/comments?post=63915"}],"wp:featuredmedia":[{"embeddable":true,"href":"https:\/\/ceasuri.md\/ru\/wp-json\/wp\/v2\/media\/63916"}],"wp:attachment":[{"href":"https:\/\/ceasuri.md\/ru\/wp-json\/wp\/v2\/media?parent=63915"}],"wp:term":[{"taxonomy":"product_brand","embeddable":true,"href":"https:\/\/ceasuri.md\/ru\/wp-json\/wp\/v2\/product_brand?post=63915"},{"taxonomy":"product_cat","embeddable":true,"href":"https:\/\/ceasuri.md\/ru\/wp-json\/wp\/v2\/product_cat?post=63915"},{"taxonomy":"product_tag","embeddable":true,"href":"https:\/\/ceasuri.md\/ru\/wp-json\/wp\/v2\/product_tag?post=63915"}],"curies":[{"name":"wp","href":"https:\/\/api.w.org\/{rel}","templated":true}]}}