{"id":63911,"date":"2026-02-10T12:54:23","date_gmt":"2026-02-10T10:54:23","guid":{"rendered":"http:\/\/new.ceasuri.md\/shop\/uncategorized\/seiko-wall-clock-qxm621k\/"},"modified":"2026-05-01T20:13:15","modified_gmt":"2026-05-01T17:13:15","slug":"seiko-wall-clock-qxm621k","status":"publish","type":"product","link":"https:\/\/ceasuri.md\/ru\/shop\/ceas-interior-cu-alarma\/ceas-interior-ceas-interior-cu-alarma\/seiko-wall-clock-qxm621k\/","title":{"rendered":"\u0427\u0430\u0441\u044b SEIKO WALL CLOCK QXM621K"},"content":{"rendered":"<p>Ceasul muzical Seiko \u201eDancing Dial\u201d Melodies in Motion este at\u00e2t fermec\u0103tor, c\u00e2t \u0219i magic.<\/p>\n<p>Este unul dintre cele mai populare ceasuri, \u0219i pe bun\u0103 dreptate. \u00cen partea de sus a fiec\u0103rei ore, cadranele se rotesc \u0219i danseaz\u0103 \u00een ritmul unor melodii lini\u0219titoare, cre\u00e2nd un spectacol captivant \u0219i vesel.<\/p>\n<p>V\u0103 prezent\u0103m \u201eOnyx\u201d &#8211; cel mai modern \u0219i minimalist ceas Seiko Melodies in Motion. \u00cen timp ce alte modele se concentreaz\u0103 pe un design juc\u0103u\u0219, \u201eOnyx\u201d este conceput pentru a fi pl\u0103cut din punct de vedere estetic, datorit\u0103 uimitorului s\u0103u cadran tridimensional.<\/p>\n<p>Luna interioar\u0103 este realizat\u0103 din metal negru lucios, luna exterioar\u0103 din negru mat, iar cifrele delicate sunt aplicate direct pe panoul de sticl\u0103.<\/p>\n<p>Pe m\u0103sur\u0103 ce se apropie ora, cadranul interior prinde via\u021b\u0103 \u0219i se rote\u0219te \u00een ritmul uneia dintre cele 40 de melodii, p\u00e2n\u0103 c\u00e2nd acestea se \u00eembin\u0103, \u00eencheind spectacolul cu o melodie final\u0103.<\/p>","protected":false},"excerpt":{"rendered":"<p>Ceasul muzical Seiko \u201eDancing Dial\u201d Melodies in Motion este at\u00e2t fermec\u0103tor, c\u00e2t \u0219i magic. Este unul dintre cele mai populare ceasuri, \u0219i pe bun\u0103 dreptate. \u00cen partea de sus a fiec\u0103rei ore, cadranele se rotesc \u0219i danseaz\u0103 \u00een ritmul unor melodii lini\u0219titoare, cre\u00e2nd un spectacol captivant \u0219i vesel. V\u0103 prezent\u0103m \u201eOnyx\u201d &#8211; cel mai modern [&hellip;]<\/p>\n","protected":false},"featured_media":63912,"comment_status":"closed","ping_status":"open","template":"","meta":{"_acf_changed":false},"product_brand":[],"product_cat":[842,588],"product_tag":[],"class_list":{"0":"post-63911","1":"product","2":"type-product","3":"status-publish","4":"has-post-thumbnail","6":"product_cat-ceas-interior-ceas-interior-cu-alarma","7":"product_cat-seiko","8":"pa_brand-seiko","9":"pa_corpus-39-cm","10":"pa_forma-rotund","11":"pa_garatia-24-luni","12":"pa_korpus-negru","13":"pa_kvarc-quartz","14":"pa_material-plastic","15":"pa_mehanizm-quartz","16":"pa_steklo-plastic","17":"pa_strana-japonia","19":"first","20":"instock","21":"purchasable","22":"product-type-simple"},"acf":[],"_links":{"self":[{"href":"https:\/\/ceasuri.md\/ru\/wp-json\/wp\/v2\/product\/63911","targetHints":{"allow":["GET"]}}],"collection":[{"href":"https:\/\/ceasuri.md\/ru\/wp-json\/wp\/v2\/product"}],"about":[{"href":"https:\/\/ceasuri.md\/ru\/wp-json\/wp\/v2\/types\/product"}],"replies":[{"embeddable":true,"href":"https:\/\/ceasuri.md\/ru\/wp-json\/wp\/v2\/comments?post=63911"}],"wp:featuredmedia":[{"embeddable":true,"href":"https:\/\/ceasuri.md\/ru\/wp-json\/wp\/v2\/media\/63912"}],"wp:attachment":[{"href":"https:\/\/ceasuri.md\/ru\/wp-json\/wp\/v2\/media?parent=63911"}],"wp:term":[{"taxonomy":"product_brand","embeddable":true,"href":"https:\/\/ceasuri.md\/ru\/wp-json\/wp\/v2\/product_brand?post=63911"},{"taxonomy":"product_cat","embeddable":true,"href":"https:\/\/ceasuri.md\/ru\/wp-json\/wp\/v2\/product_cat?post=63911"},{"taxonomy":"product_tag","embeddable":true,"href":"https:\/\/ceasuri.md\/ru\/wp-json\/wp\/v2\/product_tag?post=63911"}],"curies":[{"name":"wp","href":"https:\/\/api.w.org\/{rel}","templated":true}]}}