{"id":63907,"date":"2026-04-03T01:48:01","date_gmt":"2026-04-02T22:48:01","guid":{"rendered":"http:\/\/new.ceasuri.md\/shop\/uncategorized\/seiko-classic-solar-sne525p1\/"},"modified":"2026-04-20T00:46:18","modified_gmt":"2026-04-19T21:46:18","slug":"seiko-classic-solar-sne525p1","status":"publish","type":"product","link":"https:\/\/ceasuri.md\/ru\/shop\/branduri\/seiko\/seiko-classic-solar-sne525p1\/","title":{"rendered":"Ceas SEIKO CLASSIC Solar SNE525P1"},"content":{"rendered":"<p>Acest ceas b\u0103rb\u0103tesc din o\u021bel inoxidabil are un cadran albastru \u0219i un afi\u0219aj pentru dat\u0103, fiind practic pentru purtarea zilnic\u0103.<\/p>\n<p>Ceasul dispune de tehnologie solar\u0103, care transform\u0103 orice surs\u0103 de lumin\u0103 \u00een energie, elimin\u00e2nd necesitatea schimb\u0103rii bateriilor \u0219i asigur\u00e2nd o rezerv\u0103 lung\u0103 de putere.<\/p>\n<p>Elegantul cadran albastru este de fapt un senzor care furnizeaz\u0103 ceasului energia necesar\u0103.<\/p>\n<p>Br\u0103\u021bara din o\u021bel inoxidabil confer\u0103 ceasului un aspect durabil, dar sofisticat, \u00een timp ce geamul de safir ofer\u0103 o protec\u021bie de lung\u0103 durat\u0103.<\/p>\n<p>Rezisten\u021ba la ap\u0103 p\u00e2n\u0103 la 10 bar (100 m) \u0219i func\u021bia de protec\u021bie la supra\u00eenc\u0103rcare asigur\u0103 o func\u021bionare fiabil\u0103 \u0219i performan\u021be moderne.<\/p>\n<p>Tehnologiile inovatoare \u0219i elementele clasice de design Seiko fac din acest ceas b\u0103rb\u0103tesc un accesoriu fiabil \u0219i elegant.<\/p>","protected":false},"excerpt":{"rendered":"<p>Acest ceas b\u0103rb\u0103tesc din o\u021bel inoxidabil are un cadran albastru \u0219i un afi\u0219aj pentru dat\u0103, fiind practic pentru purtarea zilnic\u0103. Ceasul dispune de tehnologie solar\u0103, care transform\u0103 orice surs\u0103 de lumin\u0103 \u00een energie, elimin\u00e2nd necesitatea schimb\u0103rii bateriilor \u0219i asigur\u00e2nd o rezerv\u0103 lung\u0103 de putere. Elegantul cadran albastru este de fapt un senzor care furnizeaz\u0103 ceasului [&hellip;]<\/p>\n","protected":false},"featured_media":63908,"comment_status":"closed","ping_status":"open","template":"","meta":{"_acf_changed":false},"product_brand":[],"product_cat":[20,588],"product_tag":[],"class_list":{"0":"post-63907","1":"product","2":"type-product","3":"status-publish","4":"has-post-thumbnail","6":"product_cat-ceasuri-barbati","7":"product_cat-seiko","8":"pa_brand-seiko","9":"pa_braslet-otel-inoxidabil","10":"pa_corpus-40-mm","11":"pa_forma-rotund","12":"pa_funcii-data","13":"pa_funcii-ziua-saptamanii","14":"pa_garatia-24-luni","15":"pa_korpus-argintiu","16":"pa_kvarc-quartz","17":"pa_material-otel-inoxidabil","18":"pa_mehanizm-baterie-solara","19":"pa_remeshok-argintiu","20":"pa_steklo-cristal-safir","21":"pa_strana-japonia","22":"pa_voda-10-atm","24":"first","25":"instock","26":"purchasable","27":"product-type-simple"},"acf":[],"_links":{"self":[{"href":"https:\/\/ceasuri.md\/ru\/wp-json\/wp\/v2\/product\/63907","targetHints":{"allow":["GET"]}}],"collection":[{"href":"https:\/\/ceasuri.md\/ru\/wp-json\/wp\/v2\/product"}],"about":[{"href":"https:\/\/ceasuri.md\/ru\/wp-json\/wp\/v2\/types\/product"}],"replies":[{"embeddable":true,"href":"https:\/\/ceasuri.md\/ru\/wp-json\/wp\/v2\/comments?post=63907"}],"wp:featuredmedia":[{"embeddable":true,"href":"https:\/\/ceasuri.md\/ru\/wp-json\/wp\/v2\/media\/63908"}],"wp:attachment":[{"href":"https:\/\/ceasuri.md\/ru\/wp-json\/wp\/v2\/media?parent=63907"}],"wp:term":[{"taxonomy":"product_brand","embeddable":true,"href":"https:\/\/ceasuri.md\/ru\/wp-json\/wp\/v2\/product_brand?post=63907"},{"taxonomy":"product_cat","embeddable":true,"href":"https:\/\/ceasuri.md\/ru\/wp-json\/wp\/v2\/product_cat?post=63907"},{"taxonomy":"product_tag","embeddable":true,"href":"https:\/\/ceasuri.md\/ru\/wp-json\/wp\/v2\/product_tag?post=63907"}],"curies":[{"name":"wp","href":"https:\/\/api.w.org\/{rel}","templated":true}]}}