{"id":63899,"date":"2026-02-10T12:54:22","date_gmt":"2026-02-10T10:54:22","guid":{"rendered":"http:\/\/new.ceasuri.md\/shop\/uncategorized\/seiko-prospex-sea-divers-solar-sne599p1\/"},"modified":"2026-05-01T20:13:08","modified_gmt":"2026-05-01T17:13:08","slug":"seiko-prospex-sea-divers-solar-sne599p1","status":"publish","type":"product","link":"https:\/\/ceasuri.md\/ru\/shop\/branduri\/seiko\/seiko-prospex-sea-divers-solar-sne599p1\/","title":{"rendered":"\u0427\u0430\u0441\u044b SEIKO PROSPEX Sea Diver\u2019s Solar SNE599P1"},"content":{"rendered":"<p>Acest ceas clasic de scafandru prezint\u0103 mo\u0219tenirea Seiko \u00een domeniul ceasurilor de scafandru, dat\u00e2nd din 1965, c\u00e2nd marca a creat primul ceas de scafandru din Japonia.<\/p>\n<p>Sub cristalul de safir rezistent la zg\u00e2rieturi se afl\u0103 un cadran negru cu indici mari acoperi\u021bi cu Lumibrite. Cu acele \u0219i indicii clar vizibili care \u00eendeplinesc standardele profesionale de scufund\u0103ri, acest ceas este potrivit at\u00e2t pentru expedi\u021biile subacvatice, c\u00e2t \u0219i pentru purtarea zilnic\u0103 pe uscat.<\/p>\n<p>Modelul are o lunet\u0103 rotativ\u0103 unidirec\u021bional\u0103 neagr\u0103. Designul carcasei complet neagr\u0103 a acestui ceas a fost reproiectat pentru a permite finisajului s\u0103u rafinat s\u0103 fie \u00een centrul aten\u021biei.<\/p>\n<p>Progresele tehnice \u00een domeniul mecanismului \u00eenc\u0103rcat cu energie solar\u0103 au dus la o carcas\u0103 deosebit de sub\u021bire, care m\u0103soar\u0103 doar 11,3 mm. Ceasul se \u00eencarc\u0103 at\u00e2t \u00een \u200b\u200blumin\u0103 natural\u0103, c\u00e2t \u0219i artificial\u0103. Precizia este de +\/- 15 secunde pe lun\u0103, iar rezerva de putere la o \u00eenc\u0103rcare complet\u0103 este de 10 luni.<\/p>\n<p>Prospex este o combina\u021bie a cuvintelor \u201eprofesional\u201d \u0219i \u201eperforman\u021b\u0103 tehnic\u0103\u201d. Ceasurile Seiko Prospex sunt concepute av\u00e2nd \u00een vedere caracterul practic, fiabilitatea \u0219i durabilitatea, \u00eendeplinind standardele \u00eenalte cerute \u00een condi\u021bii extreme at\u00e2t de pasiona\u021bii de sport, c\u00e2t \u0219i de aventurieri.<\/p>","protected":false},"excerpt":{"rendered":"<p>Acest ceas clasic de scafandru prezint\u0103 mo\u0219tenirea Seiko \u00een domeniul ceasurilor de scafandru, dat\u00e2nd din 1965, c\u00e2nd marca a creat primul ceas de scafandru din Japonia. Sub cristalul de safir rezistent la zg\u00e2rieturi se afl\u0103 un cadran negru cu indici mari acoperi\u021bi cu Lumibrite. Cu acele \u0219i indicii clar vizibili care \u00eendeplinesc standardele profesionale de [&hellip;]<\/p>\n","protected":false},"featured_media":63900,"comment_status":"closed","ping_status":"open","template":"","meta":{"_acf_changed":false},"product_brand":[],"product_cat":[20,588],"product_tag":[],"class_list":{"0":"post-63899","1":"product","2":"type-product","3":"status-publish","4":"has-post-thumbnail","6":"product_cat-ceasuri-barbati","7":"product_cat-seiko","8":"pa_brand-seiko","9":"pa_braslet-otel-inoxidabil","10":"pa_corpus-41-mm","11":"pa_forma-rotund","12":"pa_funcii-data","13":"pa_garatia-24-luni","14":"pa_korpus-negru","15":"pa_kvarc-quartz","16":"pa_material-otel-inoxidabil","17":"pa_mehanizm-baterie-solara","18":"pa_remeshok-negru","19":"pa_steklo-cristal-safir","20":"pa_strana-japonia","21":"pa_voda-20-atm","23":"first","24":"instock","25":"purchasable","26":"product-type-simple"},"acf":[],"_links":{"self":[{"href":"https:\/\/ceasuri.md\/ru\/wp-json\/wp\/v2\/product\/63899","targetHints":{"allow":["GET"]}}],"collection":[{"href":"https:\/\/ceasuri.md\/ru\/wp-json\/wp\/v2\/product"}],"about":[{"href":"https:\/\/ceasuri.md\/ru\/wp-json\/wp\/v2\/types\/product"}],"replies":[{"embeddable":true,"href":"https:\/\/ceasuri.md\/ru\/wp-json\/wp\/v2\/comments?post=63899"}],"wp:featuredmedia":[{"embeddable":true,"href":"https:\/\/ceasuri.md\/ru\/wp-json\/wp\/v2\/media\/63900"}],"wp:attachment":[{"href":"https:\/\/ceasuri.md\/ru\/wp-json\/wp\/v2\/media?parent=63899"}],"wp:term":[{"taxonomy":"product_brand","embeddable":true,"href":"https:\/\/ceasuri.md\/ru\/wp-json\/wp\/v2\/product_brand?post=63899"},{"taxonomy":"product_cat","embeddable":true,"href":"https:\/\/ceasuri.md\/ru\/wp-json\/wp\/v2\/product_cat?post=63899"},{"taxonomy":"product_tag","embeddable":true,"href":"https:\/\/ceasuri.md\/ru\/wp-json\/wp\/v2\/product_tag?post=63899"}],"curies":[{"name":"wp","href":"https:\/\/api.w.org\/{rel}","templated":true}]}}