{"id":63894,"date":"2026-02-10T12:54:22","date_gmt":"2026-02-10T10:54:22","guid":{"rendered":"http:\/\/new.ceasuri.md\/shop\/uncategorized\/seiko-prospex-sea-divers-spb481j1\/"},"modified":"2026-05-01T20:13:03","modified_gmt":"2026-05-01T17:13:03","slug":"seiko-prospex-sea-divers-spb481j1","status":"publish","type":"product","link":"https:\/\/ceasuri.md\/ru\/shop\/branduri\/seiko\/seiko-prospex-sea-divers-spb481j1\/","title":{"rendered":"\u0427\u0430\u0441\u044b SEIKO PROSPEX Sea Diver\u2019s SPB481J1"},"content":{"rendered":"<p>Acest ceas combin\u0103 calit\u0103\u021bile unui ceas sport cu elegan\u021ba unuia clasic.<\/p>\n<p>Sub cristalul de safir rezistent la zg\u00e2rieturi se afl\u0103 un cadran cu un model lini\u0219tit de coast\u0103. Luneta poligonal\u0103 neagr\u0103, cu marginile sale u\u0219or curbate, nu numai c\u0103 adaug\u0103 o estetic\u0103 modern\u0103, dar este conceput\u0103 \u0219i pentru a \u00eembun\u0103t\u0103\u021bi aderen\u021ba, f\u0103c\u00e2nd rotirea lunetei rapid\u0103 \u0219i confortabil\u0103.<\/p>\n<p>Ace \u0219i indexurile sunt acoperite cu Lumibrite pentru o vizibilitate ridicat\u0103 \u00een condi\u021bii de lumin\u0103 slab\u0103.<\/p>\n<p>Acest ceas mecanic automat este rezistent la ap\u0103 p\u00e2n\u0103 la 300 de metri \u0219i este echipat cu un mecanism intern fiabil 6R55, asigur\u00e2nd precizie \u0219i o rezerv\u0103 de putere de trei zile.<\/p>\n<p>Prospex este o combina\u021bie \u00eentre cuvintele \u201eprofesional\u201d \u0219i \u201etehnic\u201d. Concepute av\u00e2nd \u00een vedere caracterul practic, fiabilitatea \u0219i durabilitatea, ceasurile Seiko Prospex \u00eendeplinesc standardele \u00eenalte cerute \u00een condi\u021bii extreme at\u00e2t pentru pasiona\u021bii de sport, c\u00e2t \u0219i pentru aventurieri.<\/p>","protected":false},"excerpt":{"rendered":"<p>Acest ceas combin\u0103 calit\u0103\u021bile unui ceas sport cu elegan\u021ba unuia clasic. Sub cristalul de safir rezistent la zg\u00e2rieturi se afl\u0103 un cadran cu un model lini\u0219tit de coast\u0103. Luneta poligonal\u0103 neagr\u0103, cu marginile sale u\u0219or curbate, nu numai c\u0103 adaug\u0103 o estetic\u0103 modern\u0103, dar este conceput\u0103 \u0219i pentru a \u00eembun\u0103t\u0103\u021bi aderen\u021ba, f\u0103c\u00e2nd rotirea lunetei rapid\u0103 [&hellip;]<\/p>\n","protected":false},"featured_media":63895,"comment_status":"closed","ping_status":"open","template":"","meta":{"_acf_changed":false},"product_brand":[],"product_cat":[20,588],"product_tag":[],"class_list":{"0":"post-63894","1":"product","2":"type-product","3":"status-publish","4":"has-post-thumbnail","6":"product_cat-ceasuri-barbati","7":"product_cat-seiko","8":"pa_brand-seiko","9":"pa_braslet-otel-inoxidabil","10":"pa_corpus-41-mm","11":"pa_forma-rotund","12":"pa_funcii-data","13":"pa_garatia-24-luni","14":"pa_korpus-argintiu","15":"pa_material-otel-inoxidabil","16":"pa_mehanizm-mecanic","17":"pa_mehanizm-mecanism-automatic","18":"pa_remeshok-argintiu","19":"pa_steklo-cristal-safir","20":"pa_strana-japonia","21":"pa_voda-30-atm","23":"first","24":"instock","25":"purchasable","26":"product-type-simple"},"acf":[],"_links":{"self":[{"href":"https:\/\/ceasuri.md\/ru\/wp-json\/wp\/v2\/product\/63894","targetHints":{"allow":["GET"]}}],"collection":[{"href":"https:\/\/ceasuri.md\/ru\/wp-json\/wp\/v2\/product"}],"about":[{"href":"https:\/\/ceasuri.md\/ru\/wp-json\/wp\/v2\/types\/product"}],"replies":[{"embeddable":true,"href":"https:\/\/ceasuri.md\/ru\/wp-json\/wp\/v2\/comments?post=63894"}],"wp:featuredmedia":[{"embeddable":true,"href":"https:\/\/ceasuri.md\/ru\/wp-json\/wp\/v2\/media\/63895"}],"wp:attachment":[{"href":"https:\/\/ceasuri.md\/ru\/wp-json\/wp\/v2\/media?parent=63894"}],"wp:term":[{"taxonomy":"product_brand","embeddable":true,"href":"https:\/\/ceasuri.md\/ru\/wp-json\/wp\/v2\/product_brand?post=63894"},{"taxonomy":"product_cat","embeddable":true,"href":"https:\/\/ceasuri.md\/ru\/wp-json\/wp\/v2\/product_cat?post=63894"},{"taxonomy":"product_tag","embeddable":true,"href":"https:\/\/ceasuri.md\/ru\/wp-json\/wp\/v2\/product_tag?post=63894"}],"curies":[{"name":"wp","href":"https:\/\/api.w.org\/{rel}","templated":true}]}}