{"id":63888,"date":"2026-02-10T12:54:22","date_gmt":"2026-02-10T10:54:22","guid":{"rendered":"http:\/\/new.ceasuri.md\/shop\/uncategorized\/seiko-prospex-sea-divers-spb485j1\/"},"modified":"2026-05-01T20:13:01","modified_gmt":"2026-05-01T17:13:01","slug":"seiko-prospex-sea-divers-spb485j1","status":"publish","type":"product","link":"https:\/\/ceasuri.md\/ru\/shop\/branduri\/seiko\/seiko-prospex-sea-divers-spb485j1\/","title":{"rendered":"\u0427\u0430\u0441\u044b SEIKO PROSPEX Sea Diver\u2019s SPB485J1"},"content":{"rendered":"<p>Acest ceas combin\u0103 calit\u0103\u021bile unui ceas sport cu elegan\u021ba unuia clasic.<\/p>\n<p>Cristalul de safir rezistent la zg\u00e2rieturi dezv\u0103luie un cadran cu un model senin care aminte\u0219te de o coast\u0103.<\/p>\n<p>Luneta poligonal\u0103, \u00een nuan\u021be de bronz, cu marginile sale u\u0219or curbate, nu numai c\u0103 confer\u0103 ceasului o estetic\u0103 contemporan\u0103, dar este \u0219i conceput\u0103 pentru a \u00eembun\u0103t\u0103\u021bi aderen\u021ba, f\u0103c\u00e2nd rotirea lunetei rapid\u0103 \u0219i confortabil\u0103.<\/p>\n<p>Ace \u0219i indexurile sunt acoperite cu Lumibrite pentru o vizibilitate ridicat\u0103 \u00een condi\u021bii de lumin\u0103 slab\u0103.<\/p>\n<p>Acest ceas mecanic automat este rezistent la ap\u0103 p\u00e2n\u0103 la 300 de metri \u0219i este echipat cu un mecanism intern fiabil 6R55, asigur\u00e2nd precizie \u0219i o rezerv\u0103 de putere de trei zile.<\/p>\n<p>Prospex este o combina\u021bie a cuvintelor \u201eprofesional\u201d \u0219i \u201etehnic\u201d. Concepute av\u00e2nd \u00een vedere caracterul practic, fiabilitatea \u0219i durabilitatea, ceasurile Seiko Prospex \u00eendeplinesc standardele \u00eenalte cerute \u00een condi\u021bii extreme at\u00e2t pentru pasiona\u021bii de sport, c\u00e2t \u0219i pentru aventurieri.<\/p>","protected":false},"excerpt":{"rendered":"<p>Acest ceas combin\u0103 calit\u0103\u021bile unui ceas sport cu elegan\u021ba unuia clasic. Cristalul de safir rezistent la zg\u00e2rieturi dezv\u0103luie un cadran cu un model senin care aminte\u0219te de o coast\u0103. Luneta poligonal\u0103, \u00een nuan\u021be de bronz, cu marginile sale u\u0219or curbate, nu numai c\u0103 confer\u0103 ceasului o estetic\u0103 contemporan\u0103, dar este \u0219i conceput\u0103 pentru a \u00eembun\u0103t\u0103\u021bi [&hellip;]<\/p>\n","protected":false},"featured_media":63889,"comment_status":"closed","ping_status":"open","template":"","meta":{"_acf_changed":false},"product_brand":[],"product_cat":[20,588],"product_tag":[],"class_list":{"0":"post-63888","1":"product","2":"type-product","3":"status-publish","4":"has-post-thumbnail","6":"product_cat-ceasuri-barbati","7":"product_cat-seiko","8":"pa_brand-seiko","9":"pa_braslet-otel-inoxidabil","10":"pa_corpus-41-mm","11":"pa_forma-rotund","12":"pa_funcii-data","13":"pa_garatia-24-luni","14":"pa_korpus-argintiu","15":"pa_material-otel-inoxidabil","16":"pa_mehanizm-mecanic","17":"pa_mehanizm-mecanism-automatic","18":"pa_remeshok-argintiu","19":"pa_steklo-cristal-safir","20":"pa_strana-japonia","21":"pa_voda-30-atm","23":"first","24":"instock","25":"purchasable","26":"product-type-simple"},"acf":[],"_links":{"self":[{"href":"https:\/\/ceasuri.md\/ru\/wp-json\/wp\/v2\/product\/63888","targetHints":{"allow":["GET"]}}],"collection":[{"href":"https:\/\/ceasuri.md\/ru\/wp-json\/wp\/v2\/product"}],"about":[{"href":"https:\/\/ceasuri.md\/ru\/wp-json\/wp\/v2\/types\/product"}],"replies":[{"embeddable":true,"href":"https:\/\/ceasuri.md\/ru\/wp-json\/wp\/v2\/comments?post=63888"}],"wp:featuredmedia":[{"embeddable":true,"href":"https:\/\/ceasuri.md\/ru\/wp-json\/wp\/v2\/media\/63889"}],"wp:attachment":[{"href":"https:\/\/ceasuri.md\/ru\/wp-json\/wp\/v2\/media?parent=63888"}],"wp:term":[{"taxonomy":"product_brand","embeddable":true,"href":"https:\/\/ceasuri.md\/ru\/wp-json\/wp\/v2\/product_brand?post=63888"},{"taxonomy":"product_cat","embeddable":true,"href":"https:\/\/ceasuri.md\/ru\/wp-json\/wp\/v2\/product_cat?post=63888"},{"taxonomy":"product_tag","embeddable":true,"href":"https:\/\/ceasuri.md\/ru\/wp-json\/wp\/v2\/product_tag?post=63888"}],"curies":[{"name":"wp","href":"https:\/\/api.w.org\/{rel}","templated":true}]}}