{"id":63872,"date":"2026-04-03T01:48:01","date_gmt":"2026-04-02T22:48:01","guid":{"rendered":"http:\/\/new.ceasuri.md\/shop\/uncategorized\/seiko-presage-classic-spb524j1\/"},"modified":"2026-04-20T02:00:28","modified_gmt":"2026-04-19T23:00:28","slug":"seiko-presage-classic-spb524j1","status":"publish","type":"product","link":"https:\/\/ceasuri.md\/ru\/shop\/branduri\/seiko\/seiko-presage-classic-spb524j1\/","title":{"rendered":"\u0427\u0430\u0441\u044b SEIKO PRESAGE Classic SPB524J1"},"content":{"rendered":"<p>Acest ceas din seria Presage Classic \u2014 o colec\u021bie distins\u0103 prin elegan\u021ba sa japonez\u0103 unic\u0103 \u2014 este numit \u201eShiro-iro\u201d datorit\u0103 cadranului s\u0103u alb, culoarea tradi\u021bional\u0103 a m\u0103t\u0103sii naturale. Textura cadranului este, de asemenea, inspirat\u0103 de m\u0103tasea moale japonez\u0103, un material popular \u00een Japonia \u00eenc\u0103 din cele mai vechi timpuri, adesea folosit \u00een decorul casei \u0219i \u00een \u00eembr\u0103c\u0103minte.<\/p>\n<p>Sub cristalul de safir curbat, cadranul convex cu acele \u0219i indicii curba\u021bi creeaz\u0103 un stil vintage \u0219i este special conceput pentru a maximiza reflexia luminii.<\/p>\n<p>Diametrul compact al ceasului, de doar 36 mm, \u00eel face potrivit at\u00e2t pentru b\u0103rba\u021bi, c\u00e2t \u0219i pentru femei.<\/p>\n<p>Br\u0103\u021bara cu \u0219apte \u0219iraguri multiple, a fost conceput\u0103 pe baza br\u0103\u021b\u0103rilor retro ale ceasurilor din anii 1970. Aceste br\u0103\u021b\u0103ri nu sunt doar elegante \u0219i reflectorizante, ci ofer\u0103 \u0219i libertate maxim\u0103 de mi\u0219care \u0219i confort.<\/p>\n<p>Ceasul este alimentat de mecanismul intern 6R51, care ofer\u0103 o rezerv\u0103 de putere de trei zile, 72 de ore.<\/p>\n<p>Combina\u021bia dintre estetica elegant\u0103 \u0219i m\u0103iestria excep\u021bional\u0103 face din acest model un plus esen\u021bial pentru orice colec\u021bie de ceasuri.<\/p>","protected":false},"excerpt":{"rendered":"<p>Acest ceas din seria Presage Classic \u2014 o colec\u021bie distins\u0103 prin elegan\u021ba sa japonez\u0103 unic\u0103 \u2014 este numit \u201eShiro-iro\u201d datorit\u0103 cadranului s\u0103u alb, culoarea tradi\u021bional\u0103 a m\u0103t\u0103sii naturale. Textura cadranului este, de asemenea, inspirat\u0103 de m\u0103tasea moale japonez\u0103, un material popular \u00een Japonia \u00eenc\u0103 din cele mai vechi timpuri, adesea folosit \u00een decorul casei \u0219i [&hellip;]<\/p>\n","protected":false},"featured_media":63873,"comment_status":"closed","ping_status":"open","template":"","meta":{"_acf_changed":false},"product_brand":[],"product_cat":[20,25,588],"product_tag":[],"class_list":{"0":"post-63872","1":"product","2":"type-product","3":"status-publish","4":"has-post-thumbnail","6":"product_cat-ceasuri-barbati","7":"product_cat-ceasuri-dama","8":"product_cat-seiko","9":"pa_brand-seiko","10":"pa_braslet-otel-inoxidabil","11":"pa_corpus-36-mm","12":"pa_forma-rotund","13":"pa_garatia-24-luni","14":"pa_korpus-auriu","15":"pa_material-otel-inoxidabil","16":"pa_mehanizm-mecanic","17":"pa_mehanizm-mecanism-automatic","18":"pa_remeshok-auriu","19":"pa_steklo-cristal-safir","20":"pa_strana-japonia","21":"pa_voda-10-atm","23":"first","24":"instock","25":"purchasable","26":"product-type-simple"},"acf":[],"_links":{"self":[{"href":"https:\/\/ceasuri.md\/ru\/wp-json\/wp\/v2\/product\/63872","targetHints":{"allow":["GET"]}}],"collection":[{"href":"https:\/\/ceasuri.md\/ru\/wp-json\/wp\/v2\/product"}],"about":[{"href":"https:\/\/ceasuri.md\/ru\/wp-json\/wp\/v2\/types\/product"}],"replies":[{"embeddable":true,"href":"https:\/\/ceasuri.md\/ru\/wp-json\/wp\/v2\/comments?post=63872"}],"wp:featuredmedia":[{"embeddable":true,"href":"https:\/\/ceasuri.md\/ru\/wp-json\/wp\/v2\/media\/63873"}],"wp:attachment":[{"href":"https:\/\/ceasuri.md\/ru\/wp-json\/wp\/v2\/media?parent=63872"}],"wp:term":[{"taxonomy":"product_brand","embeddable":true,"href":"https:\/\/ceasuri.md\/ru\/wp-json\/wp\/v2\/product_brand?post=63872"},{"taxonomy":"product_cat","embeddable":true,"href":"https:\/\/ceasuri.md\/ru\/wp-json\/wp\/v2\/product_cat?post=63872"},{"taxonomy":"product_tag","embeddable":true,"href":"https:\/\/ceasuri.md\/ru\/wp-json\/wp\/v2\/product_tag?post=63872"}],"curies":[{"name":"wp","href":"https:\/\/api.w.org\/{rel}","templated":true}]}}