{"id":63866,"date":"2026-04-03T01:48:01","date_gmt":"2026-04-02T22:48:01","guid":{"rendered":"http:\/\/new.ceasuri.md\/shop\/uncategorized\/seiko-presage-classic-spb525j1\/"},"modified":"2026-04-20T02:00:29","modified_gmt":"2026-04-19T23:00:29","slug":"seiko-presage-classic-spb525j1","status":"publish","type":"product","link":"https:\/\/ceasuri.md\/ru\/shop\/branduri\/seiko\/seiko-presage-classic-spb525j1\/","title":{"rendered":"\u0427\u0430\u0441\u044b SEIKO PRESAGE Classic SPB525J1"},"content":{"rendered":"<p>Acest ceas din seria Presage Classic \u2014 o colec\u021bie distins\u0103 prin elegan\u021ba sa japonez\u0103 inerent\u0103 \u2014 este numit \u201eAi-iro\u201d datorit\u0103 cadranului s\u0103u indigo, o culoare popular\u0103 \u00een Japonia \u00een perioada Edo (1603-1868). Considerat\u0103 o \u201eculoare norocoas\u0103\u201d pentru samurai, \u201eAi-iro\u201d a fost vopsit\u0103 \u00een aceast\u0103 culoare \u00een epoca Meiji (1868-1912), ceea ce a dus la denumirea sa de \u201ealbastru japonez\u201d \u00een alte \u021b\u0103ri.<\/p>\n<p>Textura cadranului este inspirat\u0103 de m\u0103tasea moale, un material japonez popular \u00eenc\u0103 din cele mai vechi timpuri, adesea folosit \u00een decorul casei \u0219i \u00een \u00eembr\u0103c\u0103minte.<\/p>\n<p>Sub cristalul de safir curbat, cadranul convex cu acele \u0219i indicii curba\u021bi evoc\u0103 un stil vintage \u0219i este special conceput pentru a maximiza reflexia luminii.<\/p>\n<p>Br\u0103\u021bara cu mai multe \u0219iraguri, format\u0103 din \u0219apte piese, a fost conceput\u0103 pe baza br\u0103\u021b\u0103rilor retro ale ceasurilor din anii 1970. Aceste br\u0103\u021b\u0103ri nu sunt doar elegante \u0219i reflectorizante, ci ofer\u0103 \u0219i libertate maxim\u0103 de mi\u0219care \u0219i confort.<\/p>\n<p>Aceste ceasuri sunt alimentate de mecanismul 6R55, asigur\u00e2nd precizie \u0219i o rezerv\u0103 de putere de trei zile, 72 de ore.<\/p>\n<p>Acest ceas este mai mult dec\u00e2t un simplu accesoriu; este o expresie a individualit\u0103\u021bii tale \u0219i a angajamentului t\u0103u fa\u021b\u0103 de calitate \u0219i stil.<\/p>","protected":false},"excerpt":{"rendered":"<p>Acest ceas din seria Presage Classic \u2014 o colec\u021bie distins\u0103 prin elegan\u021ba sa japonez\u0103 inerent\u0103 \u2014 este numit \u201eAi-iro\u201d datorit\u0103 cadranului s\u0103u indigo, o culoare popular\u0103 \u00een Japonia \u00een perioada Edo (1603-1868). Considerat\u0103 o \u201eculoare norocoas\u0103\u201d pentru samurai, \u201eAi-iro\u201d a fost vopsit\u0103 \u00een aceast\u0103 culoare \u00een epoca Meiji (1868-1912), ceea ce a dus la denumirea [&hellip;]<\/p>\n","protected":false},"featured_media":63867,"comment_status":"closed","ping_status":"open","template":"","meta":{"_acf_changed":false},"product_brand":[],"product_cat":[20,25,588],"product_tag":[],"class_list":{"0":"post-63866","1":"product","2":"type-product","3":"status-publish","4":"has-post-thumbnail","6":"product_cat-ceasuri-barbati","7":"product_cat-ceasuri-dama","8":"product_cat-seiko","9":"pa_brand-seiko","10":"pa_braslet-otel-inoxidabil","11":"pa_corpus-40-mm","12":"pa_forma-rotund","13":"pa_funcii-data","14":"pa_garatia-24-luni","15":"pa_korpus-argintiu","16":"pa_material-otel-inoxidabil","17":"pa_mehanizm-mecanic","18":"pa_mehanizm-mecanism-automatic","19":"pa_remeshok-argintiu","20":"pa_steklo-cristal-safir","21":"pa_strana-japonia","22":"pa_voda-10-atm","24":"first","25":"instock","26":"purchasable","27":"product-type-simple"},"acf":[],"_links":{"self":[{"href":"https:\/\/ceasuri.md\/ru\/wp-json\/wp\/v2\/product\/63866","targetHints":{"allow":["GET"]}}],"collection":[{"href":"https:\/\/ceasuri.md\/ru\/wp-json\/wp\/v2\/product"}],"about":[{"href":"https:\/\/ceasuri.md\/ru\/wp-json\/wp\/v2\/types\/product"}],"replies":[{"embeddable":true,"href":"https:\/\/ceasuri.md\/ru\/wp-json\/wp\/v2\/comments?post=63866"}],"wp:featuredmedia":[{"embeddable":true,"href":"https:\/\/ceasuri.md\/ru\/wp-json\/wp\/v2\/media\/63867"}],"wp:attachment":[{"href":"https:\/\/ceasuri.md\/ru\/wp-json\/wp\/v2\/media?parent=63866"}],"wp:term":[{"taxonomy":"product_brand","embeddable":true,"href":"https:\/\/ceasuri.md\/ru\/wp-json\/wp\/v2\/product_brand?post=63866"},{"taxonomy":"product_cat","embeddable":true,"href":"https:\/\/ceasuri.md\/ru\/wp-json\/wp\/v2\/product_cat?post=63866"},{"taxonomy":"product_tag","embeddable":true,"href":"https:\/\/ceasuri.md\/ru\/wp-json\/wp\/v2\/product_tag?post=63866"}],"curies":[{"name":"wp","href":"https:\/\/api.w.org\/{rel}","templated":true}]}}