{"id":63861,"date":"2026-04-03T01:48:01","date_gmt":"2026-04-02T22:48:01","guid":{"rendered":"http:\/\/new.ceasuri.md\/shop\/uncategorized\/seiko-presage-classic-spb537j1\/"},"modified":"2026-04-20T02:00:30","modified_gmt":"2026-04-19T23:00:30","slug":"seiko-presage-classic-spb537j1","status":"publish","type":"product","link":"https:\/\/ceasuri.md\/ru\/shop\/branduri\/seiko\/seiko-presage-classic-spb537j1\/","title":{"rendered":"Ceas SEIKO PRESAGE Classic SPB537J1"},"content":{"rendered":"<p>Acest ceas cu o carcas\u0103 distinctiv\u0103 \u00een form\u0103 de tonneau este conceput pentru cei care \u00ee\u0219i doresc un ceas unic.<\/p>\n<p>Cadranul emailat alb pictat manual, cu cifre romane, completeaz\u0103 elegant forma carcasei.<\/p>\n<p>Br\u0103\u021bara metalic\u0103, o premier\u0103 pentru o carcas\u0103 \u00een form\u0103 de tonneau, garanteaz\u0103 confort \u0219i flexibilitate.<\/p>\n<p>Mi\u0219carea automat\u0103 dispune de un mecanism cu 3 ace, cu un acul de 24 de ore, o rezerv\u0103 de putere de 72 de ore \u0219i o op\u021biune de \u00eentoarcere manual\u0103.<\/p>\n<p>Un cristal de safir bombat cu un strat antireflex \u0219i un capac transparent completeaz\u0103 acest ceas sofisticat \u0219i original, perfect pentru cei care vor s\u0103 ias\u0103 \u00een eviden\u021b\u0103.<\/p>","protected":false},"excerpt":{"rendered":"<p>Acest ceas cu o carcas\u0103 distinctiv\u0103 \u00een form\u0103 de tonneau este conceput pentru cei care \u00ee\u0219i doresc un ceas unic. Cadranul emailat alb pictat manual, cu cifre romane, completeaz\u0103 elegant forma carcasei. Br\u0103\u021bara metalic\u0103, o premier\u0103 pentru o carcas\u0103 \u00een form\u0103 de tonneau, garanteaz\u0103 confort \u0219i flexibilitate. Mi\u0219carea automat\u0103 dispune de un mecanism cu 3 [&hellip;]<\/p>\n","protected":false},"featured_media":63862,"comment_status":"closed","ping_status":"open","template":"","meta":{"_acf_changed":false},"product_brand":[],"product_cat":[20,588],"product_tag":[],"class_list":{"0":"post-63861","1":"product","2":"type-product","3":"status-publish","4":"has-post-thumbnail","6":"product_cat-ceasuri-barbati","7":"product_cat-seiko","8":"pa_brand-seiko","9":"pa_braslet-otel-inoxidabil","10":"pa_corpus-36x46mm","11":"pa_forma-butoi","12":"pa_garatia-24-luni","13":"pa_korpus-argintiu","14":"pa_material-otel-inoxidabil","15":"pa_mehanizm-mecanic","16":"pa_mehanizm-mecanism-automatic","17":"pa_remeshok-argintiu","18":"pa_steklo-cristal-safir","19":"pa_strana-japonia","20":"pa_voda-5-atm","22":"first","23":"instock","24":"purchasable","25":"product-type-simple"},"acf":[],"_links":{"self":[{"href":"https:\/\/ceasuri.md\/ru\/wp-json\/wp\/v2\/product\/63861","targetHints":{"allow":["GET"]}}],"collection":[{"href":"https:\/\/ceasuri.md\/ru\/wp-json\/wp\/v2\/product"}],"about":[{"href":"https:\/\/ceasuri.md\/ru\/wp-json\/wp\/v2\/types\/product"}],"replies":[{"embeddable":true,"href":"https:\/\/ceasuri.md\/ru\/wp-json\/wp\/v2\/comments?post=63861"}],"wp:featuredmedia":[{"embeddable":true,"href":"https:\/\/ceasuri.md\/ru\/wp-json\/wp\/v2\/media\/63862"}],"wp:attachment":[{"href":"https:\/\/ceasuri.md\/ru\/wp-json\/wp\/v2\/media?parent=63861"}],"wp:term":[{"taxonomy":"product_brand","embeddable":true,"href":"https:\/\/ceasuri.md\/ru\/wp-json\/wp\/v2\/product_brand?post=63861"},{"taxonomy":"product_cat","embeddable":true,"href":"https:\/\/ceasuri.md\/ru\/wp-json\/wp\/v2\/product_cat?post=63861"},{"taxonomy":"product_tag","embeddable":true,"href":"https:\/\/ceasuri.md\/ru\/wp-json\/wp\/v2\/product_tag?post=63861"}],"curies":[{"name":"wp","href":"https:\/\/api.w.org\/{rel}","templated":true}]}}