{"id":63855,"date":"2026-04-03T01:48:01","date_gmt":"2026-04-02T22:48:01","guid":{"rendered":"http:\/\/new.ceasuri.md\/shop\/uncategorized\/seiko-presage-cocktail-time-sre020j1\/"},"modified":"2026-04-20T02:00:31","modified_gmt":"2026-04-19T23:00:31","slug":"seiko-presage-cocktail-time-sre020j1","status":"publish","type":"product","link":"https:\/\/ceasuri.md\/ru\/shop\/branduri\/seiko\/seiko-presage-cocktail-time-sre020j1\/","title":{"rendered":"\u0427\u0430\u0441\u044b SEIKO PRESAGE Cocktail Time SRE020J1"},"content":{"rendered":"<p>Ceasul Presage Cocktail Time este inspirat de cultura japonez\u0103 a cocktailurilor \u0219i de b\u0103uturile speciale de la Star Bar din sofisticatul cartier Ginza din Tokyo, care g\u0103zduie\u0219te unele dintre cele mai bune cocktailuri din ora\u0219.<\/p>\n<p>Conceput pentru tema \u201ePetrecerea de Cocktail \u00een Zi\u201d, acest ceas este unul dintre cele trei modele inspirate de milkshake-uri fierbin\u021bi pentru sezonul toamn\u0103\/iarn\u0103. Designul este inspirat de b\u0103utura Jamaican Coffee &#8211; un amestec delicios de cafea fierbinte, rom negru, lichior de cafea \u0219i fri\u0219c\u0103.<\/p>\n<p>Carcasa din o\u021bel inoxidabil nu se m\u00e2ndre\u0219te doar cu un aspect elegant, ci \u0219i cu rezisten\u021b\u0103 \u0219i durabilitate. Compact\u0103 (doar 30 mm) \u0219i \u00eempodobit\u0103 cu patru indici cu diamante, ceasul are un cadran maro care imit\u0103 straturile unui cocktail \u0219i o curea din piele de vi\u021bel maro. Cureaua \u00eembr\u0103\u021bi\u0219eaz\u0103 u\u0219or \u00eencheietura m\u00e2inii \u0219i asigur\u0103 un confort maxim la purtare, permi\u021b\u00e2ndu-v\u0103 s\u0103 v\u0103 bucura\u021bi de ceas toat\u0103 ziua.<\/p>\n<p>Rezistent la ap\u0103 p\u00e2n\u0103 la 5 bar, acest ceas este ideal pentru purtarea zilnic\u0103.<\/p>\n<p>Fie c\u0103 este vorba de o cin\u0103 elegant\u0103 sau de agita\u021bia vie\u021bii de zi cu zi, acest ceas atrage aten\u021bia \u0219i eman\u0103 o elegan\u021b\u0103 atemporal\u0103.<\/p>","protected":false},"excerpt":{"rendered":"<p>Ceasul Presage Cocktail Time este inspirat de cultura japonez\u0103 a cocktailurilor \u0219i de b\u0103uturile speciale de la Star Bar din sofisticatul cartier Ginza din Tokyo, care g\u0103zduie\u0219te unele dintre cele mai bune cocktailuri din ora\u0219. Conceput pentru tema \u201ePetrecerea de Cocktail \u00een Zi\u201d, acest ceas este unul dintre cele trei modele inspirate de milkshake-uri fierbin\u021bi [&hellip;]<\/p>\n","protected":false},"featured_media":63856,"comment_status":"closed","ping_status":"open","template":"","meta":{"_acf_changed":false},"product_brand":[],"product_cat":[25,588],"product_tag":[],"class_list":{"0":"post-63855","1":"product","2":"type-product","3":"status-publish","4":"has-post-thumbnail","6":"product_cat-ceasuri-dama","7":"product_cat-seiko","8":"pa_brand-seiko","9":"pa_braslet-piele","10":"pa_corpus-30-mm","11":"pa_decor-diamante","12":"pa_forma-rotund","13":"pa_funcii-data","14":"pa_garatia-24-luni","15":"pa_korpus-auriu","16":"pa_material-otel-inoxidabil","17":"pa_mehanizm-mecanic","18":"pa_mehanizm-mecanism-automatic","19":"pa_remeshok-maro","20":"pa_steklo-hardlex-crystal","21":"pa_strana-japonia","22":"pa_voda-5-atm","24":"first","25":"instock","26":"purchasable","27":"product-type-simple"},"acf":[],"_links":{"self":[{"href":"https:\/\/ceasuri.md\/ru\/wp-json\/wp\/v2\/product\/63855","targetHints":{"allow":["GET"]}}],"collection":[{"href":"https:\/\/ceasuri.md\/ru\/wp-json\/wp\/v2\/product"}],"about":[{"href":"https:\/\/ceasuri.md\/ru\/wp-json\/wp\/v2\/types\/product"}],"replies":[{"embeddable":true,"href":"https:\/\/ceasuri.md\/ru\/wp-json\/wp\/v2\/comments?post=63855"}],"wp:featuredmedia":[{"embeddable":true,"href":"https:\/\/ceasuri.md\/ru\/wp-json\/wp\/v2\/media\/63856"}],"wp:attachment":[{"href":"https:\/\/ceasuri.md\/ru\/wp-json\/wp\/v2\/media?parent=63855"}],"wp:term":[{"taxonomy":"product_brand","embeddable":true,"href":"https:\/\/ceasuri.md\/ru\/wp-json\/wp\/v2\/product_brand?post=63855"},{"taxonomy":"product_cat","embeddable":true,"href":"https:\/\/ceasuri.md\/ru\/wp-json\/wp\/v2\/product_cat?post=63855"},{"taxonomy":"product_tag","embeddable":true,"href":"https:\/\/ceasuri.md\/ru\/wp-json\/wp\/v2\/product_tag?post=63855"}],"curies":[{"name":"wp","href":"https:\/\/api.w.org\/{rel}","templated":true}]}}