{"id":63851,"date":"2026-04-03T01:48:01","date_gmt":"2026-04-02T22:48:01","guid":{"rendered":"http:\/\/new.ceasuri.md\/shop\/uncategorized\/seiko-5-sports-sre021k1\/"},"modified":"2026-04-20T02:00:32","modified_gmt":"2026-04-19T23:00:32","slug":"seiko-5-sports-sre021k1","status":"publish","type":"product","link":"https:\/\/ceasuri.md\/ru\/shop\/branduri\/seiko\/seiko-5-sports-sre021k1\/","title":{"rendered":"\u0427\u0430\u0441\u044b SEIKO 5 SPORTS SRE021K1"},"content":{"rendered":"<p>Seiko 5 Sports, cu o dimensiune sub\u021bire de 32 mm, ofer\u0103 o interpretare compact\u0103 a unuia dintre cele mai populare modele ale colec\u021biei. Carcasa \u00ee\u0219i p\u0103streaz\u0103 forma caracteristic\u0103, despre care fanii Seiko spun c\u0103 seam\u0103n\u0103 cu un \u0219arpe care \u00eenghite un ou.<\/p>\n<p>Cadranul albastru este accentuat cu indici \u0219i ace aurii, \u00eempreun\u0103 cu detalii subtile care creeaz\u0103 profunzime \u0219i bog\u0103\u021bie. O br\u0103\u021bar\u0103 din o\u021bel inoxidabil cu un pas mai mic asigur\u0103 o potrivire confortabil\u0103, reflect\u00e2nd caracterul atemporal al colec\u021biei.<\/p>\n<p>Acest ceas, alimentat de un mecanism automat, combin\u0103 o m\u0103surare fiabil\u0103 a timpului cu un afi\u0219aj al datei \u0219i zilei. Rezistent la ap\u0103 p\u00e2n\u0103 la 10 bari, este conceput pentru purtare zilnic\u0103 \u0219i ofer\u0103 durabilitate \u0219i confort.<\/p>","protected":false},"excerpt":{"rendered":"<p>Seiko 5 Sports, cu o dimensiune sub\u021bire de 32 mm, ofer\u0103 o interpretare compact\u0103 a unuia dintre cele mai populare modele ale colec\u021biei. Carcasa \u00ee\u0219i p\u0103streaz\u0103 forma caracteristic\u0103, despre care fanii Seiko spun c\u0103 seam\u0103n\u0103 cu un \u0219arpe care \u00eenghite un ou. Cadranul albastru este accentuat cu indici \u0219i ace aurii, \u00eempreun\u0103 cu detalii subtile [&hellip;]<\/p>\n","protected":false},"featured_media":63852,"comment_status":"closed","ping_status":"open","template":"","meta":{"_acf_changed":false},"product_brand":[],"product_cat":[25,588],"product_tag":[],"class_list":{"0":"post-63851","1":"product","2":"type-product","3":"status-publish","4":"has-post-thumbnail","6":"product_cat-ceasuri-dama","7":"product_cat-seiko","8":"pa_brand-seiko","9":"pa_braslet-otel-inoxidabil","10":"pa_corpus-32-mm","11":"pa_forma-butoi","12":"pa_funcii-data","13":"pa_funcii-ziua-saptamanii","14":"pa_garatia-24-luni","15":"pa_korpus-argintiu","16":"pa_material-otel-inoxidabil","17":"pa_mehanizm-mecanic","18":"pa_mehanizm-mecanism-automatic","19":"pa_remeshok-argintiu","20":"pa_steklo-hardlex-crystal","21":"pa_strana-japonia","22":"pa_voda-10-atm","24":"first","25":"instock","26":"purchasable","27":"product-type-simple"},"acf":[],"_links":{"self":[{"href":"https:\/\/ceasuri.md\/ru\/wp-json\/wp\/v2\/product\/63851","targetHints":{"allow":["GET"]}}],"collection":[{"href":"https:\/\/ceasuri.md\/ru\/wp-json\/wp\/v2\/product"}],"about":[{"href":"https:\/\/ceasuri.md\/ru\/wp-json\/wp\/v2\/types\/product"}],"replies":[{"embeddable":true,"href":"https:\/\/ceasuri.md\/ru\/wp-json\/wp\/v2\/comments?post=63851"}],"wp:featuredmedia":[{"embeddable":true,"href":"https:\/\/ceasuri.md\/ru\/wp-json\/wp\/v2\/media\/63852"}],"wp:attachment":[{"href":"https:\/\/ceasuri.md\/ru\/wp-json\/wp\/v2\/media?parent=63851"}],"wp:term":[{"taxonomy":"product_brand","embeddable":true,"href":"https:\/\/ceasuri.md\/ru\/wp-json\/wp\/v2\/product_brand?post=63851"},{"taxonomy":"product_cat","embeddable":true,"href":"https:\/\/ceasuri.md\/ru\/wp-json\/wp\/v2\/product_cat?post=63851"},{"taxonomy":"product_tag","embeddable":true,"href":"https:\/\/ceasuri.md\/ru\/wp-json\/wp\/v2\/product_tag?post=63851"}],"curies":[{"name":"wp","href":"https:\/\/api.w.org\/{rel}","templated":true}]}}