{"id":63837,"date":"2026-04-03T01:46:41","date_gmt":"2026-04-02T22:46:41","guid":{"rendered":"http:\/\/new.ceasuri.md\/shop\/uncategorized\/seiko-presage-cocktail-time-srp852j1\/"},"modified":"2026-04-20T02:01:07","modified_gmt":"2026-04-19T23:01:07","slug":"seiko-presage-cocktail-time-srp852j1","status":"publish","type":"product","link":"https:\/\/ceasuri.md\/ru\/shop\/branduri\/seiko\/seiko-presage-cocktail-time-srp852j1\/","title":{"rendered":"\u0427\u0430\u0441\u044b SEIKO PRESAGE Cocktail Time SRP852J1"},"content":{"rendered":"<p>Aceste ceasuri, care fac parte din colec\u021bia Presage \u201eCocktail\u201d pentru femei, au fost create pentru a sublinia feminitatea.<\/p>\n<p>Sunt dotate cu o curea din piele maro \u0219i un ferestruic\u0103 pentru dat\u0103 \u00een pozi\u021bia \u201eora 3\u201d.<\/p>\n<p>Inspirat de cocktailul \u201eBellini\u201d, ceasul reflect\u0103 culorile cocktailului datorit\u0103 carcasei cu acoperire de aur roz, precum \u0219i indexurilor \u0219i acelor fin lucrate.<\/p>\n<p>Carcasa este realizat\u0103 din o\u021bel inoxidabil cu acoperire IP. Sticla mineral\u0103 Hardlex protejeaz\u0103 mecanismul.<\/p>\n<p>Un model clasic elegant pentru femeile \u00eencrez\u0103toare \u00een sine.<\/p>","protected":false},"excerpt":{"rendered":"<p>Aceste ceasuri, care fac parte din colec\u021bia Presage \u201eCocktail\u201d pentru femei, au fost create pentru a sublinia feminitatea. Sunt dotate cu o curea din piele maro \u0219i un ferestruic\u0103 pentru dat\u0103 \u00een pozi\u021bia \u201eora 3\u201d. Inspirat de cocktailul \u201eBellini\u201d, ceasul reflect\u0103 culorile cocktailului datorit\u0103 carcasei cu acoperire de aur roz, precum \u0219i indexurilor \u0219i acelor [&hellip;]<\/p>\n","protected":false},"featured_media":63838,"comment_status":"closed","ping_status":"open","template":"","meta":{"_acf_changed":false},"product_brand":[],"product_cat":[25,588],"product_tag":[],"class_list":{"0":"post-63837","1":"product","2":"type-product","3":"status-publish","4":"has-post-thumbnail","6":"product_cat-ceasuri-dama","7":"product_cat-seiko","8":"pa_brand-seiko","9":"pa_braslet-piele","10":"pa_corpus-34-mm","11":"pa_forma-rotund","12":"pa_funcii-data","13":"pa_garatia-24-luni","14":"pa_korpus-roz-gold","15":"pa_material-otel-inoxidabil","16":"pa_mehanizm-mecanic","17":"pa_mehanizm-mecanism-automatic","18":"pa_remeshok-maro","19":"pa_steklo-hardlex-crystal","20":"pa_strana-japonia","21":"pa_voda-5-atm","23":"first","24":"instock","25":"purchasable","26":"product-type-simple"},"acf":[],"_links":{"self":[{"href":"https:\/\/ceasuri.md\/ru\/wp-json\/wp\/v2\/product\/63837","targetHints":{"allow":["GET"]}}],"collection":[{"href":"https:\/\/ceasuri.md\/ru\/wp-json\/wp\/v2\/product"}],"about":[{"href":"https:\/\/ceasuri.md\/ru\/wp-json\/wp\/v2\/types\/product"}],"replies":[{"embeddable":true,"href":"https:\/\/ceasuri.md\/ru\/wp-json\/wp\/v2\/comments?post=63837"}],"wp:featuredmedia":[{"embeddable":true,"href":"https:\/\/ceasuri.md\/ru\/wp-json\/wp\/v2\/media\/63838"}],"wp:attachment":[{"href":"https:\/\/ceasuri.md\/ru\/wp-json\/wp\/v2\/media?parent=63837"}],"wp:term":[{"taxonomy":"product_brand","embeddable":true,"href":"https:\/\/ceasuri.md\/ru\/wp-json\/wp\/v2\/product_brand?post=63837"},{"taxonomy":"product_cat","embeddable":true,"href":"https:\/\/ceasuri.md\/ru\/wp-json\/wp\/v2\/product_cat?post=63837"},{"taxonomy":"product_tag","embeddable":true,"href":"https:\/\/ceasuri.md\/ru\/wp-json\/wp\/v2\/product_tag?post=63837"}],"curies":[{"name":"wp","href":"https:\/\/api.w.org\/{rel}","templated":true}]}}