{"id":63831,"date":"2026-02-10T12:54:20","date_gmt":"2026-02-10T10:54:20","guid":{"rendered":"http:\/\/new.ceasuri.md\/shop\/uncategorized\/seiko-5-sports-srpd59k1\/"},"modified":"2026-05-01T20:12:26","modified_gmt":"2026-05-01T17:12:26","slug":"seiko-5-sports-srpd59k1","status":"publish","type":"product","link":"https:\/\/ceasuri.md\/ru\/shop\/branduri\/seiko\/seiko-5-sports-srpd59k1\/","title":{"rendered":"\u0427\u0430\u0441\u044b SEIKO 5 SPORTS SRPD59K1"},"content":{"rendered":"<p>Modelul din noua colec\u021bie Seiko 5 este un omagiu adus diversit\u0103\u021bii stilurilor \u0219i originalit\u0103\u021bii proprietarilor lor.<\/p>\n<p>Datorit\u0103 cadranului portocaliu str\u0103lucitor \u0219i accentelor colorate de pe lunet\u0103, aceste ceasuri eman\u0103 un farmec unic.<\/p>\n<p>Fabricat din o\u021bel inoxidabil rezistent \u0219i echipat cu un calibru automat precis al manufacturii Seiko, acest ceas nu este doar elegant, ci \u0219i func\u021bional.<\/p>\n<p>Ceasul este rezistent la ap\u0103 p\u00e2n\u0103 la 100 de metri \u0219i are o fereastr\u0103 cu data \u0219i ziua s\u0103pt\u0103m\u00e2nii pentru un plus de confort.<\/p>\n<p>Capacul transparent din spate permite admirarea mecanismului captivant.<\/p>","protected":false},"excerpt":{"rendered":"<p>Modelul din noua colec\u021bie Seiko 5 este un omagiu adus diversit\u0103\u021bii stilurilor \u0219i originalit\u0103\u021bii proprietarilor lor. Datorit\u0103 cadranului portocaliu str\u0103lucitor \u0219i accentelor colorate de pe lunet\u0103, aceste ceasuri eman\u0103 un farmec unic. Fabricat din o\u021bel inoxidabil rezistent \u0219i echipat cu un calibru automat precis al manufacturii Seiko, acest ceas nu este doar elegant, ci \u0219i [&hellip;]<\/p>\n","protected":false},"featured_media":63832,"comment_status":"closed","ping_status":"open","template":"","meta":{"_acf_changed":false},"product_brand":[],"product_cat":[20,588],"product_tag":[],"class_list":{"0":"post-63831","1":"product","2":"type-product","3":"status-publish","4":"has-post-thumbnail","6":"product_cat-ceasuri-barbati","7":"product_cat-seiko","8":"pa_brand-seiko","9":"pa_braslet-otel-inoxidabil","10":"pa_corpus-43-mm","11":"pa_forma-rotund","12":"pa_funcii-data","13":"pa_funcii-ziua-saptamanii","14":"pa_garatia-24-luni","15":"pa_korpus-argintiu","16":"pa_material-otel-inoxidabil","17":"pa_mehanizm-mecanic","18":"pa_mehanizm-mecanism-automatic","19":"pa_remeshok-argintiu","20":"pa_steklo-hardlex-crystal","21":"pa_strana-japonia","22":"pa_voda-10-atm","24":"first","25":"instock","26":"purchasable","27":"product-type-simple"},"acf":[],"_links":{"self":[{"href":"https:\/\/ceasuri.md\/ru\/wp-json\/wp\/v2\/product\/63831","targetHints":{"allow":["GET"]}}],"collection":[{"href":"https:\/\/ceasuri.md\/ru\/wp-json\/wp\/v2\/product"}],"about":[{"href":"https:\/\/ceasuri.md\/ru\/wp-json\/wp\/v2\/types\/product"}],"replies":[{"embeddable":true,"href":"https:\/\/ceasuri.md\/ru\/wp-json\/wp\/v2\/comments?post=63831"}],"wp:featuredmedia":[{"embeddable":true,"href":"https:\/\/ceasuri.md\/ru\/wp-json\/wp\/v2\/media\/63832"}],"wp:attachment":[{"href":"https:\/\/ceasuri.md\/ru\/wp-json\/wp\/v2\/media?parent=63831"}],"wp:term":[{"taxonomy":"product_brand","embeddable":true,"href":"https:\/\/ceasuri.md\/ru\/wp-json\/wp\/v2\/product_brand?post=63831"},{"taxonomy":"product_cat","embeddable":true,"href":"https:\/\/ceasuri.md\/ru\/wp-json\/wp\/v2\/product_cat?post=63831"},{"taxonomy":"product_tag","embeddable":true,"href":"https:\/\/ceasuri.md\/ru\/wp-json\/wp\/v2\/product_tag?post=63831"}],"curies":[{"name":"wp","href":"https:\/\/api.w.org\/{rel}","templated":true}]}}