{"id":63825,"date":"2026-02-10T12:54:19","date_gmt":"2026-02-10T10:54:19","guid":{"rendered":"http:\/\/new.ceasuri.md\/shop\/uncategorized\/seiko-5-sports-srpd63k1\/"},"modified":"2026-05-01T20:12:25","modified_gmt":"2026-05-01T17:12:25","slug":"seiko-5-sports-srpd63k1","status":"publish","type":"product","link":"https:\/\/ceasuri.md\/ru\/shop\/branduri\/seiko\/seiko-5-sports-srpd63k1\/","title":{"rendered":"\u0427\u0430\u0441\u044b SEIKO 5 SPORTS SRPD63K1"},"content":{"rendered":"<p>O completare impresionant\u0103 a noii colec\u021bii Seiko 5 \u0219i o declara\u021bie a stilului dvs. individual.<\/p>\n<p>Cadranul verde \u00eenchis este prev\u0103zut cu indici rotunzi Lumibrite, iar \u00een pozi\u021bia \u201e12 ore\u201d se afl\u0103 noul logo Seiko 5.<\/p>\n<p>Datorit\u0103 rezisten\u021bei la ap\u0103 de 10 bari, modelul este potrivit at\u00e2t pentru uzul zilnic, c\u00e2t \u0219i pentru practicarea sportului.<\/p>\n<p>Carcasa \u0219i br\u0103\u021bara sunt fabricate din o\u021bel inoxidabil rezistent \u0219i asigur\u0103 durabilitate.<\/p>\n<p>Bezelul verde str\u0103lucitor cu sens unic confer\u0103 ceasului un aspect sportiv \u0219i permite reglarea u\u0219oar\u0103 a orei.<\/p>\n<p>Capacul transparent al carcasei permite vizualizarea calibrului precis 4R36, care asigur\u0103 o rezerv\u0103 de mar\u0219 de 41 de ore.<\/p>\n<p>Sticla Hardlex protejeaz\u0103 \u00een mod fiabil cadranul \u00eempotriva zg\u00e2rieturilor \u0219i deterior\u0103rilor.<\/p>","protected":false},"excerpt":{"rendered":"<p>O completare impresionant\u0103 a noii colec\u021bii Seiko 5 \u0219i o declara\u021bie a stilului dvs. individual. Cadranul verde \u00eenchis este prev\u0103zut cu indici rotunzi Lumibrite, iar \u00een pozi\u021bia \u201e12 ore\u201d se afl\u0103 noul logo Seiko 5. Datorit\u0103 rezisten\u021bei la ap\u0103 de 10 bari, modelul este potrivit at\u00e2t pentru uzul zilnic, c\u00e2t \u0219i pentru practicarea sportului. Carcasa [&hellip;]<\/p>\n","protected":false},"featured_media":63826,"comment_status":"closed","ping_status":"open","template":"","meta":{"_acf_changed":false},"product_brand":[],"product_cat":[20,588],"product_tag":[],"class_list":{"0":"post-63825","1":"product","2":"type-product","3":"status-publish","4":"has-post-thumbnail","6":"product_cat-ceasuri-barbati","7":"product_cat-seiko","8":"pa_brand-seiko","9":"pa_braslet-otel-inoxidabil","10":"pa_corpus-43-mm","11":"pa_forma-rotund","12":"pa_funcii-data","13":"pa_funcii-ziua-saptamanii","14":"pa_garatia-24-luni","15":"pa_korpus-argintiu","16":"pa_material-otel-inoxidabil","17":"pa_mehanizm-mecanic","18":"pa_mehanizm-mecanism-automatic","19":"pa_remeshok-argintiu","20":"pa_steklo-hardlex-crystal","21":"pa_strana-japonia","22":"pa_voda-10-atm","24":"first","25":"instock","26":"purchasable","27":"product-type-simple"},"acf":[],"_links":{"self":[{"href":"https:\/\/ceasuri.md\/ru\/wp-json\/wp\/v2\/product\/63825","targetHints":{"allow":["GET"]}}],"collection":[{"href":"https:\/\/ceasuri.md\/ru\/wp-json\/wp\/v2\/product"}],"about":[{"href":"https:\/\/ceasuri.md\/ru\/wp-json\/wp\/v2\/types\/product"}],"replies":[{"embeddable":true,"href":"https:\/\/ceasuri.md\/ru\/wp-json\/wp\/v2\/comments?post=63825"}],"wp:featuredmedia":[{"embeddable":true,"href":"https:\/\/ceasuri.md\/ru\/wp-json\/wp\/v2\/media\/63826"}],"wp:attachment":[{"href":"https:\/\/ceasuri.md\/ru\/wp-json\/wp\/v2\/media?parent=63825"}],"wp:term":[{"taxonomy":"product_brand","embeddable":true,"href":"https:\/\/ceasuri.md\/ru\/wp-json\/wp\/v2\/product_brand?post=63825"},{"taxonomy":"product_cat","embeddable":true,"href":"https:\/\/ceasuri.md\/ru\/wp-json\/wp\/v2\/product_cat?post=63825"},{"taxonomy":"product_tag","embeddable":true,"href":"https:\/\/ceasuri.md\/ru\/wp-json\/wp\/v2\/product_tag?post=63825"}],"curies":[{"name":"wp","href":"https:\/\/api.w.org\/{rel}","templated":true}]}}