{"id":63818,"date":"2026-04-03T01:46:41","date_gmt":"2026-04-02T22:46:41","guid":{"rendered":"http:\/\/new.ceasuri.md\/shop\/uncategorized\/seiko-5-sports-street-srpd79k1\/"},"modified":"2026-04-07T05:18:07","modified_gmt":"2026-04-07T02:18:07","slug":"seiko-5-sports-street-srpd79k1","status":"publish","type":"product","link":"https:\/\/ceasuri.md\/ru\/shop\/branduri\/seiko\/seiko-5-sports-street-srpd79k1\/","title":{"rendered":"Ceas SEIKO 5 SPORTS Street SRPD79K1"},"content":{"rendered":"<p>Ceasurile Seiko 5 Sports demonstreaz\u0103 \u00een mod constant un nivel ridicat de fiabilitate, durabilitate, performan\u021b\u0103 \u0219i raport calitate-pre\u021b, c\u00e2\u0219tig\u00e2nd aprecierea iubitorilor de ceasuri mecanice din \u00eentreaga lume.<\/p>\n<p>Aceste ceasuri Seiko 5 Street, complet negre datorit\u0103 acoperirii cu titan carbonat, se disting printr-un stil str\u0103lucitor. Au fost create din dorin\u021ba de a produce ceasuri \u00een stil casual, sportiv \u0219i urban, dar cu calitatea caracteristic\u0103 unui ceasornicar cu o istorie de un secol.<\/p>\n<p>Pute\u021bi admira mecanismul lor prin capacul posterior \u00een\u0219urubat, iar cureaua NATO garanteaz\u0103 confort \u0219i sus\u021binere optime \u00een cele mai extreme condi\u021bii.<\/p>\n<p>Carcasa este fabricat\u0103 din o\u021bel inoxidabil.<\/p>\n<p>Cadranul afi\u0219eaz\u0103 ora, data \u0219i ziua s\u0103pt\u0103m\u00e2nii. Este protejat de sticl\u0103 Hardlex c\u0103lit. A\u0219a cum este tipic pentru ceasurile de scufundare, luneta se rote\u0219te \u00eentr-o singur\u0103 direc\u021bie.<\/p>\n<p>Capul de \u00eenf\u0103\u0219urare \u00eencastrat \u00een pozi\u021bia \u201e4 ore\u201d adaug\u0103 un element vizual str\u0103lucitor.<\/p>\n<p>Mecanismul automat verificat, calibrul 4R36, are o rezerv\u0103 de mar\u0219 de peste 41 de ore.<\/p>\n<p>Seiko 5 Sports Street este un ceas care v\u0103 va \u00eenso\u021bi \u00een siguran\u021b\u0103 \u00een fiecare zi.<\/p>","protected":false},"excerpt":{"rendered":"<p>Ceasurile Seiko 5 Sports demonstreaz\u0103 \u00een mod constant un nivel ridicat de fiabilitate, durabilitate, performan\u021b\u0103 \u0219i raport calitate-pre\u021b, c\u00e2\u0219tig\u00e2nd aprecierea iubitorilor de ceasuri mecanice din \u00eentreaga lume. Aceste ceasuri Seiko 5 Street, complet negre datorit\u0103 acoperirii cu titan carbonat, se disting printr-un stil str\u0103lucitor. Au fost create din dorin\u021ba de a produce ceasuri \u00een stil [&hellip;]<\/p>\n","protected":false},"featured_media":63819,"comment_status":"closed","ping_status":"open","template":"","meta":{"_acf_changed":false},"product_brand":[],"product_cat":[20,588],"product_tag":[],"class_list":{"0":"post-63818","1":"product","2":"type-product","3":"status-publish","4":"has-post-thumbnail","6":"product_cat-ceasuri-barbati","7":"product_cat-seiko","8":"pa_brand-seiko","9":"pa_braslet-neilon","10":"pa_corpus-43-mm","11":"pa_forma-rotund","12":"pa_funcii-data","13":"pa_funcii-ziua-saptamanii","14":"pa_garatia-24-luni","15":"pa_korpus-negru","16":"pa_material-otel-inoxidabil","17":"pa_mehanizm-mecanic","18":"pa_mehanizm-mecanism-automatic","19":"pa_remeshok-negru","20":"pa_steklo-hardlex-crystal","21":"pa_strana-japonia","22":"pa_voda-10-atm","24":"first","25":"instock","26":"purchasable","27":"product-type-simple"},"acf":[],"_links":{"self":[{"href":"https:\/\/ceasuri.md\/ru\/wp-json\/wp\/v2\/product\/63818","targetHints":{"allow":["GET"]}}],"collection":[{"href":"https:\/\/ceasuri.md\/ru\/wp-json\/wp\/v2\/product"}],"about":[{"href":"https:\/\/ceasuri.md\/ru\/wp-json\/wp\/v2\/types\/product"}],"replies":[{"embeddable":true,"href":"https:\/\/ceasuri.md\/ru\/wp-json\/wp\/v2\/comments?post=63818"}],"wp:featuredmedia":[{"embeddable":true,"href":"https:\/\/ceasuri.md\/ru\/wp-json\/wp\/v2\/media\/63819"}],"wp:attachment":[{"href":"https:\/\/ceasuri.md\/ru\/wp-json\/wp\/v2\/media?parent=63818"}],"wp:term":[{"taxonomy":"product_brand","embeddable":true,"href":"https:\/\/ceasuri.md\/ru\/wp-json\/wp\/v2\/product_brand?post=63818"},{"taxonomy":"product_cat","embeddable":true,"href":"https:\/\/ceasuri.md\/ru\/wp-json\/wp\/v2\/product_cat?post=63818"},{"taxonomy":"product_tag","embeddable":true,"href":"https:\/\/ceasuri.md\/ru\/wp-json\/wp\/v2\/product_tag?post=63818"}],"curies":[{"name":"wp","href":"https:\/\/api.w.org\/{rel}","templated":true}]}}