{"id":63812,"date":"2026-04-03T01:46:41","date_gmt":"2026-04-02T22:46:41","guid":{"rendered":"http:\/\/new.ceasuri.md\/shop\/uncategorized\/seiko-5-sports-srpk33k1\/"},"modified":"2026-04-20T02:01:10","modified_gmt":"2026-04-19T23:01:10","slug":"seiko-5-sports-srpk33k1","status":"publish","type":"product","link":"https:\/\/ceasuri.md\/ru\/shop\/branduri\/seiko\/seiko-5-sports-srpk33k1\/","title":{"rendered":"\u0427\u0430\u0441\u044b SEIKO 5 SPORTS SRPK33K1"},"content":{"rendered":"<p>Aceste ceasuri fac parte dintr-o serie care readuce \u00een aten\u021bie populara gam\u0103 de ceasuri Seiko 5 Sports de dimensiuni medii.<\/p>\n<p>Paleta de culori a ceasurilor este inspirat\u0103 de ceasurile cu cuar\u021b Seiko 5 Sports de dimensiuni medii pentru scafandri, lansate pentru prima dat\u0103 \u00een anii 1980.<\/p>\n<p>Modelele repet\u0103 designul primelor ceasuri cu diametrul carcasei de 38 mm, dar acord\u0103 o aten\u021bie special\u0103 confortului modern de purtare datorit\u0103 carcasei mai sub\u021biri \u0219i br\u0103\u021b\u0103rii confortabile cu trei r\u00e2nduri.<\/p>\n<p>Carcasa este realizat\u0103 din o\u021bel inoxidabil, iar cadranul turcoaz este protejat de sticl\u0103 mineral\u0103 cu rezisten\u021b\u0103 sporit\u0103.<\/p>\n<p>Ceasurile sunt echipate cu un calibru mecanic 4R36 cu remontare automat\u0103, care asigur\u0103 precizia mersului \u0219i o rezerv\u0103 de mers de p\u00e2n\u0103 la 41 de ore. Func\u021bia de afi\u0219are a zilei s\u0103pt\u0103m\u00e2nii \u0219i a datei este situat\u0103 la ora 3, ceea ce adaug\u0103 practicitate \u00een utilizarea de zi cu zi.<\/p>\n<p>Rezisten\u021b\u0103 la ap\u0103 de 100 de metri. Br\u0103\u021bara din o\u021bel cu \u00eenchiz\u0103toare pliabil\u0103 asigur\u0103 un confort sporit \u0219i o fixare sigur\u0103 pe \u00eencheietura m\u00e2inii.<\/p>\n<p> \u200b\u200b<\/p>\n<p>Acest ceas este ideal pentru cei care apreciaz\u0103 combina\u021bia dintre stil \u0219i func\u021bionalitate \u00eentr-un singur accesoriu.<\/p>","protected":false},"excerpt":{"rendered":"<p>Aceste ceasuri fac parte dintr-o serie care readuce \u00een aten\u021bie populara gam\u0103 de ceasuri Seiko 5 Sports de dimensiuni medii. Paleta de culori a ceasurilor este inspirat\u0103 de ceasurile cu cuar\u021b Seiko 5 Sports de dimensiuni medii pentru scafandri, lansate pentru prima dat\u0103 \u00een anii 1980. Modelele repet\u0103 designul primelor ceasuri cu diametrul carcasei de [&hellip;]<\/p>\n","protected":false},"featured_media":63813,"comment_status":"closed","ping_status":"open","template":"","meta":{"_acf_changed":false},"product_brand":[],"product_cat":[20,25,588],"product_tag":[],"class_list":{"0":"post-63812","1":"product","2":"type-product","3":"status-publish","4":"has-post-thumbnail","6":"product_cat-ceasuri-barbati","7":"product_cat-ceasuri-dama","8":"product_cat-seiko","9":"pa_brand-seiko","10":"pa_braslet-otel-inoxidabil","11":"pa_corpus-38-mm","12":"pa_forma-rotund","13":"pa_funcii-data","14":"pa_funcii-ziua-saptamanii","15":"pa_garatia-24-luni","16":"pa_korpus-argintiu","17":"pa_material-otel-inoxidabil","18":"pa_mehanizm-mecanic","19":"pa_mehanizm-mecanism-automatic","20":"pa_remeshok-argintiu","21":"pa_steklo-hardlex-crystal","22":"pa_strana-japonia","23":"pa_voda-10-atm","25":"first","26":"instock","27":"purchasable","28":"product-type-simple"},"acf":[],"_links":{"self":[{"href":"https:\/\/ceasuri.md\/ru\/wp-json\/wp\/v2\/product\/63812","targetHints":{"allow":["GET"]}}],"collection":[{"href":"https:\/\/ceasuri.md\/ru\/wp-json\/wp\/v2\/product"}],"about":[{"href":"https:\/\/ceasuri.md\/ru\/wp-json\/wp\/v2\/types\/product"}],"replies":[{"embeddable":true,"href":"https:\/\/ceasuri.md\/ru\/wp-json\/wp\/v2\/comments?post=63812"}],"wp:featuredmedia":[{"embeddable":true,"href":"https:\/\/ceasuri.md\/ru\/wp-json\/wp\/v2\/media\/63813"}],"wp:attachment":[{"href":"https:\/\/ceasuri.md\/ru\/wp-json\/wp\/v2\/media?parent=63812"}],"wp:term":[{"taxonomy":"product_brand","embeddable":true,"href":"https:\/\/ceasuri.md\/ru\/wp-json\/wp\/v2\/product_brand?post=63812"},{"taxonomy":"product_cat","embeddable":true,"href":"https:\/\/ceasuri.md\/ru\/wp-json\/wp\/v2\/product_cat?post=63812"},{"taxonomy":"product_tag","embeddable":true,"href":"https:\/\/ceasuri.md\/ru\/wp-json\/wp\/v2\/product_tag?post=63812"}],"curies":[{"name":"wp","href":"https:\/\/api.w.org\/{rel}","templated":true}]}}