{"id":63807,"date":"2026-04-03T01:46:41","date_gmt":"2026-04-02T22:46:41","guid":{"rendered":"http:\/\/new.ceasuri.md\/shop\/uncategorized\/seiko-presage-style60s-srpl75j1\/"},"modified":"2026-04-20T02:01:10","modified_gmt":"2026-04-19T23:01:10","slug":"seiko-presage-style60s-srpl75j1","status":"publish","type":"product","link":"https:\/\/ceasuri.md\/ru\/shop\/branduri\/seiko\/seiko-presage-style60s-srpl75j1\/","title":{"rendered":"\u0427\u0430\u0441\u044b SEIKO PRESAGE Style60&#8217;s SRPL75J1"},"content":{"rendered":"<p>Acest model este un omagiu adus de Seiko tonurilor calde \u0219i rafinate ale anilor 1960.<\/p>\n<p>Cadranul auriu, luneta bronzat\u0103 \u0219i cureaua din piele maro creeaz\u0103 un ceas care eman\u0103 personalitate, elegan\u021b\u0103 \u0219i autenticitate.<\/p>\n<p>Creat pentru cei care iubesc istoria ceasornic\u0103riei \u00eentr-o interpretare modern\u0103, acest ceas este o declara\u021bie de stil discret\u0103, dar puternic\u0103. La fel ca toate modelele Presage Style 60, acesta combin\u0103 precizia mecanic\u0103 \u0219i frumuse\u021bea atemporal\u0103, f\u0103c\u00e2nd din fiecare secund\u0103 un omagiu adus tradi\u021biilor japoneze.<\/p>\n<p>Carcasa este realizat\u0103 din o\u021bel inoxidabil, subliniind silueta clasic\u0103 a modelului. Rezisten\u021ba la ap\u0103 este de p\u00e2n\u0103 la 50 de metri, ceea ce face ceasul confortabil pentru purtarea zilnic\u0103. Bezelul fix cu marcaje minutate subliniaz\u0103 stilul vintage.<\/p>\n<p>Cadranul cu suprafa\u021b\u0103 texturat\u0103 este completat de marcaje precise \u0219i indicatoare cu acoperire luminescent\u0103 LumiBrite, care asigur\u0103 lizibilitatea \u00een timpul nop\u021bii. Cadranul este protejat de sticl\u0103 bombat\u0103 Hardlex, care imit\u0103 efectul sticlei vintage bombate.<\/p>\n<p>Ceasul este echipat cu un calibru automat fiabil Seiko 4R35 cu func\u021bie de \u00eenf\u0103\u0219urare manual\u0103, oprire a secundarului \u0219i indicare a datei. Rezerva de mar\u0219 este de aproximativ 41 de ore.<\/p>\n<p>Seiko este un ceas rafinat pentru uz zilnic, care combin\u0103 aspectul vintage, mecanica modern\u0103 \u0219i execu\u021bia bine g\u00e2ndit\u0103.<\/p>","protected":false},"excerpt":{"rendered":"<p>Acest model este un omagiu adus de Seiko tonurilor calde \u0219i rafinate ale anilor 1960. Cadranul auriu, luneta bronzat\u0103 \u0219i cureaua din piele maro creeaz\u0103 un ceas care eman\u0103 personalitate, elegan\u021b\u0103 \u0219i autenticitate. Creat pentru cei care iubesc istoria ceasornic\u0103riei \u00eentr-o interpretare modern\u0103, acest ceas este o declara\u021bie de stil discret\u0103, dar puternic\u0103. La fel [&hellip;]<\/p>\n","protected":false},"featured_media":63808,"comment_status":"closed","ping_status":"open","template":"","meta":{"_acf_changed":false},"product_brand":[],"product_cat":[20,588],"product_tag":[],"class_list":{"0":"post-63807","1":"product","2":"type-product","3":"status-publish","4":"has-post-thumbnail","6":"product_cat-ceasuri-barbati","7":"product_cat-seiko","8":"pa_brand-seiko","9":"pa_braslet-piele","10":"pa_corpus-40-mm","11":"pa_forma-rotund","12":"pa_funcii-data","13":"pa_garatia-24-luni","14":"pa_korpus-argintiu","15":"pa_material-mecanic","16":"pa_mehanizm-mecanic","17":"pa_mehanizm-mecanism-automatic","18":"pa_remeshok-maro","19":"pa_steklo-hardlex-crystal","20":"pa_strana-japonia","21":"pa_voda-5-atm","23":"first","24":"instock","25":"purchasable","26":"product-type-simple"},"acf":[],"_links":{"self":[{"href":"https:\/\/ceasuri.md\/ru\/wp-json\/wp\/v2\/product\/63807","targetHints":{"allow":["GET"]}}],"collection":[{"href":"https:\/\/ceasuri.md\/ru\/wp-json\/wp\/v2\/product"}],"about":[{"href":"https:\/\/ceasuri.md\/ru\/wp-json\/wp\/v2\/types\/product"}],"replies":[{"embeddable":true,"href":"https:\/\/ceasuri.md\/ru\/wp-json\/wp\/v2\/comments?post=63807"}],"wp:featuredmedia":[{"embeddable":true,"href":"https:\/\/ceasuri.md\/ru\/wp-json\/wp\/v2\/media\/63808"}],"wp:attachment":[{"href":"https:\/\/ceasuri.md\/ru\/wp-json\/wp\/v2\/media?parent=63807"}],"wp:term":[{"taxonomy":"product_brand","embeddable":true,"href":"https:\/\/ceasuri.md\/ru\/wp-json\/wp\/v2\/product_brand?post=63807"},{"taxonomy":"product_cat","embeddable":true,"href":"https:\/\/ceasuri.md\/ru\/wp-json\/wp\/v2\/product_cat?post=63807"},{"taxonomy":"product_tag","embeddable":true,"href":"https:\/\/ceasuri.md\/ru\/wp-json\/wp\/v2\/product_tag?post=63807"}],"curies":[{"name":"wp","href":"https:\/\/api.w.org\/{rel}","templated":true}]}}