{"id":63792,"date":"2026-04-03T01:46:41","date_gmt":"2026-04-02T22:46:41","guid":{"rendered":"http:\/\/new.ceasuri.md\/shop\/uncategorized\/seiko-5-sports-pink-panther-le-srpm07k1\/"},"modified":"2026-04-20T02:01:12","modified_gmt":"2026-04-19T23:01:12","slug":"seiko-5-sports-pink-panther-le-srpm07k1","status":"publish","type":"product","link":"https:\/\/ceasuri.md\/ru\/shop\/branduri\/seiko\/seiko-5-sports-pink-panther-le-srpm07k1\/","title":{"rendered":"\u0427\u0430\u0441\u044b SEIKO 5 SPORTS Pink Panther LE SRPM07K1"},"content":{"rendered":"<p>De la debutul s\u0103u \u00een filmul \u201ePantera roz\u201d din 1964, acest personaj \u00eendr\u0103git de toat\u0103 lumea a cucerit inimile spectatorilor din \u00eentreaga lume. Noul model Seiko 5 Sports \u00eentruchipeaz\u0103 spiritul \u00eendr\u0103zne\u021b \u0219i juc\u0103u\u0219 al Panterei Roz \u00een designul s\u0103u, care \u00eenvesele\u0219te via\u021ba de zi cu zi \u0219i ofer\u0103 o senza\u021bie de \u00eenc\u00e2ntare \u0219i veselie celor care \u00eel poart\u0103.<\/p>\n<p>Acest model reflect\u0103 lumea comediei de scurt metraj \u201ePantera roz\u201d. Povestea despre cum Pantera roz vopse\u0219te \u00een mod r\u0103ut\u0103cios casa Micului om \u00een culoarea roz se reflect\u0103 \u00een \u00eentregul design: cadranul, bezelul \u0219i secundarul sunt accentuate de culoarea caracteristic\u0103 a personajului.<\/p>\n<p>Cadranul prezint\u0103, de asemenea, urme iconice care \u00eel conduc pe Omule\u021bul la descoperirea Panterei Roz, ad\u0103ug\u00e2nd ultima tu\u0219\u0103 care completeaz\u0103 imaginea juc\u0103u\u0219\u0103 \u0219i original\u0103 a ceasului.<\/p>\n<p>Setul include, de asemenea, o curea de nylon deta\u0219abil\u0103 cu amprentele l\u0103sate de labele Panterei Roz. La cap\u0103tul s\u0103u este imprimat\u0103 fraza \u201eWET PAINT\u201d (vopsea proasp\u0103t\u0103), ca \u00een desenul animat original. Acela\u0219i font este utilizat pentru cifrele de pe lunet\u0103, ceea ce transmite esen\u021ba juc\u0103u\u0219\u0103 a desenului animat clasic \u00een cele mai mici detalii.<\/p>\n<p>Pe capacul din spate al carcasei este reprezentat\u0103 una dintre cele mai memorabile scene din desenul animat, \u00een care Pantera Roz se ascunde \u00een spatele unui zid roz. Pe margine sunt gravate cuvintele \u201eLimited Edition\u201d \u0219i un num\u0103r de serie individual, care subliniaz\u0103 exclusivitatea ceasului. Modele disponibile cu N 5278, 7517 din 9999 de exemplare.<\/p>\n<p>Setul include o cutie original\u0103, inspirat\u0103 de casa Micului Om, pe care Pantera Roz a vopsit-o \u00een roz.<\/p>","protected":false},"excerpt":{"rendered":"<p>De la debutul s\u0103u \u00een filmul \u201ePantera roz\u201d din 1964, acest personaj \u00eendr\u0103git de toat\u0103 lumea a cucerit inimile spectatorilor din \u00eentreaga lume. Noul model Seiko 5 Sports \u00eentruchipeaz\u0103 spiritul \u00eendr\u0103zne\u021b \u0219i juc\u0103u\u0219 al Panterei Roz \u00een designul s\u0103u, care \u00eenvesele\u0219te via\u021ba de zi cu zi \u0219i ofer\u0103 o senza\u021bie de \u00eenc\u00e2ntare \u0219i veselie celor [&hellip;]<\/p>\n","protected":false},"featured_media":63793,"comment_status":"closed","ping_status":"open","template":"","meta":{"_acf_changed":false},"product_brand":[],"product_cat":[20,25,205,588],"product_tag":[],"class_list":{"0":"post-63792","1":"product","2":"type-product","3":"status-publish","4":"has-post-thumbnail","6":"product_cat-ceasuri-barbati","7":"product_cat-ceasuri-dama","8":"product_cat-limited-edition","9":"product_cat-seiko","10":"pa_brand-seiko","11":"pa_braslet-neilon","12":"pa_braslet-otel-inoxidabil","13":"pa_corpus-38-mm","14":"pa_forma-rotund","15":"pa_funcii-data","16":"pa_funcii-limited-edition","17":"pa_funcii-set-cadou","18":"pa_funcii-ziua-saptamanii","19":"pa_garatia-24-luni","20":"pa_korpus-argintiu","21":"pa_material-otel-inoxidabil","22":"pa_mehanizm-mecanic","23":"pa_mehanizm-mecanism-automatic","24":"pa_remeshok-argintiu","25":"pa_remeshok-roz","26":"pa_steklo-hardlex-crystal","27":"pa_strana-japonia","28":"pa_voda-10-atm","30":"first","31":"instock","32":"purchasable","33":"product-type-simple"},"acf":[],"_links":{"self":[{"href":"https:\/\/ceasuri.md\/ru\/wp-json\/wp\/v2\/product\/63792","targetHints":{"allow":["GET"]}}],"collection":[{"href":"https:\/\/ceasuri.md\/ru\/wp-json\/wp\/v2\/product"}],"about":[{"href":"https:\/\/ceasuri.md\/ru\/wp-json\/wp\/v2\/types\/product"}],"replies":[{"embeddable":true,"href":"https:\/\/ceasuri.md\/ru\/wp-json\/wp\/v2\/comments?post=63792"}],"wp:featuredmedia":[{"embeddable":true,"href":"https:\/\/ceasuri.md\/ru\/wp-json\/wp\/v2\/media\/63793"}],"wp:attachment":[{"href":"https:\/\/ceasuri.md\/ru\/wp-json\/wp\/v2\/media?parent=63792"}],"wp:term":[{"taxonomy":"product_brand","embeddable":true,"href":"https:\/\/ceasuri.md\/ru\/wp-json\/wp\/v2\/product_brand?post=63792"},{"taxonomy":"product_cat","embeddable":true,"href":"https:\/\/ceasuri.md\/ru\/wp-json\/wp\/v2\/product_cat?post=63792"},{"taxonomy":"product_tag","embeddable":true,"href":"https:\/\/ceasuri.md\/ru\/wp-json\/wp\/v2\/product_tag?post=63792"}],"curies":[{"name":"wp","href":"https:\/\/api.w.org\/{rel}","templated":true}]}}