{"id":63786,"date":"2026-04-03T01:46:41","date_gmt":"2026-04-02T22:46:41","guid":{"rendered":"http:\/\/new.ceasuri.md\/shop\/uncategorized\/seiko-presage-cocktail-time-ssa343j1\/"},"modified":"2026-04-20T02:01:13","modified_gmt":"2026-04-19T23:01:13","slug":"seiko-presage-cocktail-time-ssa343j1","status":"publish","type":"product","link":"https:\/\/ceasuri.md\/ru\/shop\/branduri\/seiko\/seiko-presage-cocktail-time-ssa343j1\/","title":{"rendered":"\u0427\u0430\u0441\u044b SEIKO PRESAGE Cocktail Time SSA343J1"},"content":{"rendered":"<p>Inspirat de cultura cocktailurilor japoneze \u0219i de b\u0103uturile speciale de la barul Skybar din rafinatul cartier Ginza din Tokyo, acest ceas este inspirat de cocktailul Skydiving, cu culoarea sa delicat\u0103 de albastru, reflectat\u0103 \u00een designul cadranului.<\/p>\n<p>Colec\u021bia Presage Cocktail are farmecul ceasurilor rafinate, cu un design minimalist \u0219i o estetic\u0103 japonez\u0103 pronun\u021bat\u0103.<\/p>\n<p>Str\u0103lucitor ca razele soarelui, cadranul este accentuat de \u0219apte straturi de lac \u0219i de claritatea marcajelor \u00een relief.<\/p>\n<p>Forma unic\u0103 a coroanei permite s\u0103 sim\u021bi\u021bi cuplul puternic al mecanismului de \u00eenf\u0103\u0219urare.<\/p>\n<p>Ceasul are carcas\u0103 din o\u021bel inoxidabil \u0219i curea neagr\u0103 din piele de vac\u0103.<\/p>\n<p>Cadranul este protejat de sticl\u0103 Hardlex.<\/p>\n<p>Alegerea perfect\u0103 dac\u0103 sunte\u021bi \u00een c\u0103utarea unui ceas cu un design rafinat.<\/p>","protected":false},"excerpt":{"rendered":"<p>Inspirat de cultura cocktailurilor japoneze \u0219i de b\u0103uturile speciale de la barul Skybar din rafinatul cartier Ginza din Tokyo, acest ceas este inspirat de cocktailul Skydiving, cu culoarea sa delicat\u0103 de albastru, reflectat\u0103 \u00een designul cadranului. Colec\u021bia Presage Cocktail are farmecul ceasurilor rafinate, cu un design minimalist \u0219i o estetic\u0103 japonez\u0103 pronun\u021bat\u0103. Str\u0103lucitor ca razele [&hellip;]<\/p>\n","protected":false},"featured_media":63787,"comment_status":"closed","ping_status":"open","template":"","meta":{"_acf_changed":false},"product_brand":[],"product_cat":[20,588],"product_tag":[],"class_list":{"0":"post-63786","1":"product","2":"type-product","3":"status-publish","4":"has-post-thumbnail","6":"product_cat-ceasuri-barbati","7":"product_cat-seiko","8":"pa_brand-seiko","9":"pa_braslet-piele","10":"pa_corpus-41-mm","11":"pa_forma-rotund","12":"pa_funcii-data","13":"pa_funcii-rezerva-de-energie","14":"pa_garatia-24-luni","15":"pa_korpus-argintiu","16":"pa_material-otel-inoxidabil","17":"pa_mehanizm-mecanic","18":"pa_mehanizm-mecanism-automatic","19":"pa_remeshok-negru","20":"pa_steklo-hardlex-crystal","21":"pa_strana-japonia","22":"pa_voda-5-atm","24":"first","25":"instock","26":"purchasable","27":"product-type-simple"},"acf":[],"_links":{"self":[{"href":"https:\/\/ceasuri.md\/ru\/wp-json\/wp\/v2\/product\/63786","targetHints":{"allow":["GET"]}}],"collection":[{"href":"https:\/\/ceasuri.md\/ru\/wp-json\/wp\/v2\/product"}],"about":[{"href":"https:\/\/ceasuri.md\/ru\/wp-json\/wp\/v2\/types\/product"}],"replies":[{"embeddable":true,"href":"https:\/\/ceasuri.md\/ru\/wp-json\/wp\/v2\/comments?post=63786"}],"wp:featuredmedia":[{"embeddable":true,"href":"https:\/\/ceasuri.md\/ru\/wp-json\/wp\/v2\/media\/63787"}],"wp:attachment":[{"href":"https:\/\/ceasuri.md\/ru\/wp-json\/wp\/v2\/media?parent=63786"}],"wp:term":[{"taxonomy":"product_brand","embeddable":true,"href":"https:\/\/ceasuri.md\/ru\/wp-json\/wp\/v2\/product_brand?post=63786"},{"taxonomy":"product_cat","embeddable":true,"href":"https:\/\/ceasuri.md\/ru\/wp-json\/wp\/v2\/product_cat?post=63786"},{"taxonomy":"product_tag","embeddable":true,"href":"https:\/\/ceasuri.md\/ru\/wp-json\/wp\/v2\/product_tag?post=63786"}],"curies":[{"name":"wp","href":"https:\/\/api.w.org\/{rel}","templated":true}]}}