{"id":63781,"date":"2026-04-03T01:46:41","date_gmt":"2026-04-02T22:46:41","guid":{"rendered":"http:\/\/new.ceasuri.md\/shop\/uncategorized\/seiko-presage-japanese-garde-ssa465j1\/"},"modified":"2026-04-20T02:01:13","modified_gmt":"2026-04-19T23:01:13","slug":"seiko-presage-japanese-garde-ssa465j1","status":"publish","type":"product","link":"https:\/\/ceasuri.md\/ru\/shop\/branduri\/seiko\/seiko-presage-japanese-garde-ssa465j1\/","title":{"rendered":"\u0427\u0430\u0441\u044b SEIKO PRESAGE Japanese Garde SSA465J1"},"content":{"rendered":"<p>Seiko Presage Japanese Garden \u2013 Timpul \u00een cea mai frumoas\u0103 form\u0103 a sa. Inspirat de budismul zen al gr\u0103dinilor japoneze, modelul combin\u0103 estetica tradi\u021bional\u0103 japonez\u0103 cu m\u0103iestria ceasornic\u0103riei de \u00eenalt\u0103 calitate.<\/p>\n<p>Cadranul s\u0103u cu textur\u0103 fin\u0103 reflect\u0103 modelele caracteristice ale gr\u0103dinii Karesansui \u2013 cunoscut\u0103 \u0219i sub numele de gr\u0103dina zen.<\/p>\n<p>Datorit\u0103 elementelor juc\u0103u\u0219e, acesta se diferen\u021biaz\u0103 de abordarea standard \u2013 cadran roz cu fereastr\u0103 \u201einim\u0103 deschis\u0103\u201d. <\/p>\n<p>Sticla de safir este rezistent\u0103 la zg\u00e2rieturi \u0219i protejeaz\u0103 \u00een mod fiabil mecanismul.<\/p>\n<p>Ceasul este echipat cu un mecanism mecanic automat Seiko Cal. 4R39. Acest mecanism este dotat cu o acul de 24 de ore \u0219i este vizibil prin fereastra de pe capacul din spate al carcasei. Desigur, acesta este un mecanism produs de Seiko, ceea ce corespunde bogatei istorii a m\u0103rcii.<\/p>\n<p>Carcasa \u0219i br\u0103\u021bara din o\u021bel inoxidabil subliniaz\u0103 statutul \u0219i universalitatea ceasului.<\/p>","protected":false},"excerpt":{"rendered":"<p>Seiko Presage Japanese Garden \u2013 Timpul \u00een cea mai frumoas\u0103 form\u0103 a sa. Inspirat de budismul zen al gr\u0103dinilor japoneze, modelul combin\u0103 estetica tradi\u021bional\u0103 japonez\u0103 cu m\u0103iestria ceasornic\u0103riei de \u00eenalt\u0103 calitate. Cadranul s\u0103u cu textur\u0103 fin\u0103 reflect\u0103 modelele caracteristice ale gr\u0103dinii Karesansui \u2013 cunoscut\u0103 \u0219i sub numele de gr\u0103dina zen. Datorit\u0103 elementelor juc\u0103u\u0219e, acesta se [&hellip;]<\/p>\n","protected":false},"featured_media":63782,"comment_status":"closed","ping_status":"open","template":"","meta":{"_acf_changed":false},"product_brand":[],"product_cat":[20,588],"product_tag":[],"class_list":{"0":"post-63781","1":"product","2":"type-product","3":"status-publish","4":"has-post-thumbnail","6":"product_cat-ceasuri-barbati","7":"product_cat-seiko","8":"pa_brand-seiko","9":"pa_braslet-otel-inoxidabil","10":"pa_corpus-42-mm","11":"pa_forma-rotund","12":"pa_funcii-semischelet","13":"pa_garatia-24-luni","14":"pa_korpus-argintiu","15":"pa_material-otel-inoxidabil","16":"pa_mehanizm-mecanic","17":"pa_mehanizm-mecanism-automatic","18":"pa_remeshok-argintiu","19":"pa_steklo-cristal-safir","20":"pa_strana-japonia","21":"pa_voda-3-atm","23":"first","24":"instock","25":"purchasable","26":"product-type-simple"},"acf":[],"_links":{"self":[{"href":"https:\/\/ceasuri.md\/ru\/wp-json\/wp\/v2\/product\/63781","targetHints":{"allow":["GET"]}}],"collection":[{"href":"https:\/\/ceasuri.md\/ru\/wp-json\/wp\/v2\/product"}],"about":[{"href":"https:\/\/ceasuri.md\/ru\/wp-json\/wp\/v2\/types\/product"}],"replies":[{"embeddable":true,"href":"https:\/\/ceasuri.md\/ru\/wp-json\/wp\/v2\/comments?post=63781"}],"wp:featuredmedia":[{"embeddable":true,"href":"https:\/\/ceasuri.md\/ru\/wp-json\/wp\/v2\/media\/63782"}],"wp:attachment":[{"href":"https:\/\/ceasuri.md\/ru\/wp-json\/wp\/v2\/media?parent=63781"}],"wp:term":[{"taxonomy":"product_brand","embeddable":true,"href":"https:\/\/ceasuri.md\/ru\/wp-json\/wp\/v2\/product_brand?post=63781"},{"taxonomy":"product_cat","embeddable":true,"href":"https:\/\/ceasuri.md\/ru\/wp-json\/wp\/v2\/product_cat?post=63781"},{"taxonomy":"product_tag","embeddable":true,"href":"https:\/\/ceasuri.md\/ru\/wp-json\/wp\/v2\/product_tag?post=63781"}],"curies":[{"name":"wp","href":"https:\/\/api.w.org\/{rel}","templated":true}]}}