{"id":63776,"date":"2026-04-03T01:46:41","date_gmt":"2026-04-02T22:46:41","guid":{"rendered":"http:\/\/new.ceasuri.md\/shop\/uncategorized\/seiko-sport-chronograph-ssb445p1\/"},"modified":"2026-04-20T02:01:14","modified_gmt":"2026-04-19T23:01:14","slug":"seiko-sport-chronograph-ssb445p1","status":"publish","type":"product","link":"https:\/\/ceasuri.md\/ru\/shop\/branduri\/seiko\/seiko-sport-chronograph-ssb445p1\/","title":{"rendered":"\u0427\u0430\u0441\u044b SEIKO SPORT Chronograph SSB445P1"},"content":{"rendered":"<p>Un model elegant \u0219i fiabil pentru b\u0103rba\u021bii care apreciaz\u0103 precizia \u0219i designul sportiv modern.<\/p>\n<p>Ceasurile cu cuar\u021b din colec\u021bia Seiko SPORT au o serie de func\u021bii.<\/p>\n<p>Pe cadran sunt amplasate trei contori, caracteristici pentru cronografe, iar pe circumferin\u021b\u0103 \u2014 o lunet\u0103 tahimetric\u0103.<\/p>\n<p>Acest model, fabricat integral din o\u021bel inoxidabil, se remarc\u0103 prin rezisten\u021ba ridicat\u0103 datorit\u0103 sticlei de safir, capacului posterior \u00een\u0219urubat \u0219i impermeabilit\u0103\u021bii p\u00e2n\u0103 la 100 de metri.<\/p>","protected":false},"excerpt":{"rendered":"<p>Un model elegant \u0219i fiabil pentru b\u0103rba\u021bii care apreciaz\u0103 precizia \u0219i designul sportiv modern. Ceasurile cu cuar\u021b din colec\u021bia Seiko SPORT au o serie de func\u021bii. Pe cadran sunt amplasate trei contori, caracteristici pentru cronografe, iar pe circumferin\u021b\u0103 \u2014 o lunet\u0103 tahimetric\u0103. Acest model, fabricat integral din o\u021bel inoxidabil, se remarc\u0103 prin rezisten\u021ba ridicat\u0103 datorit\u0103 [&hellip;]<\/p>\n","protected":false},"featured_media":63777,"comment_status":"closed","ping_status":"open","template":"","meta":{"_acf_changed":false},"product_brand":[],"product_cat":[20,588],"product_tag":[],"class_list":{"0":"post-63776","1":"product","2":"type-product","3":"status-publish","4":"has-post-thumbnail","6":"product_cat-ceasuri-barbati","7":"product_cat-seiko","8":"pa_brand-seiko","9":"pa_braslet-otel-inoxidabil","10":"pa_corpus-43-mm","11":"pa_forma-rotund","12":"pa_funcii-cronograf","13":"pa_funcii-data","14":"pa_funcii-tahimetru","15":"pa_garatia-24-luni","16":"pa_korpus-argintiu","17":"pa_kvarc-quartz","18":"pa_material-otel-inoxidabil","19":"pa_mehanizm-quartz","20":"pa_remeshok-argintiu","21":"pa_steklo-cristal-safir","22":"pa_strana-japonia","23":"pa_voda-10-atm","25":"first","26":"instock","27":"purchasable","28":"product-type-simple"},"acf":[],"_links":{"self":[{"href":"https:\/\/ceasuri.md\/ru\/wp-json\/wp\/v2\/product\/63776","targetHints":{"allow":["GET"]}}],"collection":[{"href":"https:\/\/ceasuri.md\/ru\/wp-json\/wp\/v2\/product"}],"about":[{"href":"https:\/\/ceasuri.md\/ru\/wp-json\/wp\/v2\/types\/product"}],"replies":[{"embeddable":true,"href":"https:\/\/ceasuri.md\/ru\/wp-json\/wp\/v2\/comments?post=63776"}],"wp:featuredmedia":[{"embeddable":true,"href":"https:\/\/ceasuri.md\/ru\/wp-json\/wp\/v2\/media\/63777"}],"wp:attachment":[{"href":"https:\/\/ceasuri.md\/ru\/wp-json\/wp\/v2\/media?parent=63776"}],"wp:term":[{"taxonomy":"product_brand","embeddable":true,"href":"https:\/\/ceasuri.md\/ru\/wp-json\/wp\/v2\/product_brand?post=63776"},{"taxonomy":"product_cat","embeddable":true,"href":"https:\/\/ceasuri.md\/ru\/wp-json\/wp\/v2\/product_cat?post=63776"},{"taxonomy":"product_tag","embeddable":true,"href":"https:\/\/ceasuri.md\/ru\/wp-json\/wp\/v2\/product_tag?post=63776"}],"curies":[{"name":"wp","href":"https:\/\/api.w.org\/{rel}","templated":true}]}}