{"id":63769,"date":"2026-04-03T01:46:41","date_gmt":"2026-04-02T22:46:41","guid":{"rendered":"http:\/\/new.ceasuri.md\/shop\/uncategorized\/seiko-prospex-speedtimer-solar-ssc935p1\/"},"modified":"2026-04-20T02:01:14","modified_gmt":"2026-04-19T23:01:14","slug":"seiko-prospex-speedtimer-solar-ssc935p1","status":"publish","type":"product","link":"https:\/\/ceasuri.md\/ru\/shop\/branduri\/seiko\/seiko-prospex-speedtimer-solar-ssc935p1\/","title":{"rendered":"\u0427\u0430\u0441\u044b SEIKO PROSPEX SPEEDTIMER SOLAR SSC935P1"},"content":{"rendered":"<p>Acest ceas cu cronograf alimentat de energie solar\u0103 face parte din colec\u021bia Prospex Speedtimer, care reprezint\u0103 mo\u0219tenirea profesional\u0103 a Seiko \u00een domeniul cronometriei.<\/p>\n<p>\u00cen anii 1960, Seiko s-a afirmat pe scena interna\u021bional\u0103 a cronometr\u0103rii sportive, prezent\u00e2nd o nou\u0103 genera\u021bie de echipamente de \u00eenalt\u0103 precizie, aprobate de federa\u021biile sportive interna\u021bionale la multe dintre cele mai importante evenimente sportive mondiale.<\/p>\n<p>Acest model se distinge prin cadranul de culoare albastru pal cu efect de raze solare, care radiaz\u0103 str\u0103lucirea unui trofeu de cristal, acordat sportivilor la competi\u021bii prestigioase.<\/p>\n<p>La fel ca \u0219i alte ceasuri Prospex Speedtimer, acest model are func\u021bia de cronograf, care permite m\u0103surarea timpului scurs. Acele secundare \u0219i minutele cronografului sunt vopsite \u00een alb pentru a \u00eembun\u0103t\u0103\u021bi lizibilitatea indica\u021biilor cronografului. La ora 7 se afl\u0103 un indicator convenabil al rezervei de mers.<\/p>\n<p>Ceasul are acelea\u0219i dimensiuni ca \u0219i cele mai populare modele Prospex Speedtimer. Sticla de safir are o rezisten\u021b\u0103 ridicat\u0103 la zg\u00e2rieturi, iar suprafa\u021ba sa interioar\u0103 este acoperit\u0103 cu un strat antireflex.<\/p>\n<p>Numele Prospex este o combina\u021bie a cuvintelor \u201eProfessional\u201d (profesional) \u0219i \u201eSpecifications\u201d (specifica\u021bii). Ceasul a fost conceput av\u00e2nd \u00een vedere practicitatea, fiabilitatea \u0219i durabilitatea, pentru a corespunde standardelor \u00eenalte cerute \u00een condi\u021bii extreme pentru iubitorii de sport \u0219i aventurieri.<\/p>","protected":false},"excerpt":{"rendered":"<p>Acest ceas cu cronograf alimentat de energie solar\u0103 face parte din colec\u021bia Prospex Speedtimer, care reprezint\u0103 mo\u0219tenirea profesional\u0103 a Seiko \u00een domeniul cronometriei. \u00cen anii 1960, Seiko s-a afirmat pe scena interna\u021bional\u0103 a cronometr\u0103rii sportive, prezent\u00e2nd o nou\u0103 genera\u021bie de echipamente de \u00eenalt\u0103 precizie, aprobate de federa\u021biile sportive interna\u021bionale la multe dintre cele mai importante [&hellip;]<\/p>\n","protected":false},"featured_media":63770,"comment_status":"closed","ping_status":"open","template":"","meta":{"_acf_changed":false},"product_brand":[],"product_cat":[20,588],"product_tag":[],"class_list":{"0":"post-63769","1":"product","2":"type-product","3":"status-publish","4":"has-post-thumbnail","6":"product_cat-ceasuri-barbati","7":"product_cat-seiko","8":"pa_brand-seiko","9":"pa_braslet-otel-inoxidabil","10":"pa_corpus-41-mm","11":"pa_forma-rotund","12":"pa_funcii-cronograf","13":"pa_funcii-data","14":"pa_funcii-rezerva-de-energie","15":"pa_funcii-tahimetru","16":"pa_garatia-24-luni","17":"pa_korpus-argintiu","18":"pa_kvarc-quartz","19":"pa_material-otel-inoxidabil","20":"pa_mehanizm-baterie-solara","21":"pa_remeshok-argintiu","22":"pa_steklo-cristal-safir","23":"pa_strana-japonia","24":"pa_voda-10-atm","26":"first","27":"instock","28":"purchasable","29":"product-type-simple"},"acf":[],"_links":{"self":[{"href":"https:\/\/ceasuri.md\/ru\/wp-json\/wp\/v2\/product\/63769","targetHints":{"allow":["GET"]}}],"collection":[{"href":"https:\/\/ceasuri.md\/ru\/wp-json\/wp\/v2\/product"}],"about":[{"href":"https:\/\/ceasuri.md\/ru\/wp-json\/wp\/v2\/types\/product"}],"replies":[{"embeddable":true,"href":"https:\/\/ceasuri.md\/ru\/wp-json\/wp\/v2\/comments?post=63769"}],"wp:featuredmedia":[{"embeddable":true,"href":"https:\/\/ceasuri.md\/ru\/wp-json\/wp\/v2\/media\/63770"}],"wp:attachment":[{"href":"https:\/\/ceasuri.md\/ru\/wp-json\/wp\/v2\/media?parent=63769"}],"wp:term":[{"taxonomy":"product_brand","embeddable":true,"href":"https:\/\/ceasuri.md\/ru\/wp-json\/wp\/v2\/product_brand?post=63769"},{"taxonomy":"product_cat","embeddable":true,"href":"https:\/\/ceasuri.md\/ru\/wp-json\/wp\/v2\/product_cat?post=63769"},{"taxonomy":"product_tag","embeddable":true,"href":"https:\/\/ceasuri.md\/ru\/wp-json\/wp\/v2\/product_tag?post=63769"}],"curies":[{"name":"wp","href":"https:\/\/api.w.org\/{rel}","templated":true}]}}