{"id":63760,"date":"2026-04-03T01:46:41","date_gmt":"2026-04-02T22:46:41","guid":{"rendered":"http:\/\/new.ceasuri.md\/shop\/uncategorized\/seiko-prospex-speedtimer-solar-ssc965p1\/"},"modified":"2026-04-17T15:53:08","modified_gmt":"2026-04-17T12:53:08","slug":"seiko-prospex-speedtimer-solar-ssc965p1","status":"publish","type":"product","link":"https:\/\/ceasuri.md\/ru\/shop\/branduri\/seiko\/seiko-prospex-speedtimer-solar-ssc965p1\/","title":{"rendered":"Ceas SEIKO PROSPEX SPEEDTIMER SOLAR SSC965P1"},"content":{"rendered":"<p>Create pe baza modelului Seiko SSC813, aceste ceasuri Speedtimer au mo\u0219tenit designul \u00eendr\u0103git de mul\u021bi \u00een stilul \u201ePanda\u201d de la Seiko, cu subcadrane negre care contrasteaz\u0103 cu cadranul principal.<\/p>\n<p>Cadranul de culoare verde ment\u0103 al acestor ceasuri este inspirat de ma\u0219inile sport din anii &#8217;80 \u0219i &#8217;90, cunoscute sub numele de \u201eYoungtimers\u201d. Cadranul are o finisare sablat\u0103, care asigur\u0103 un grad ridicat de lizibilitate \u0219i claritate, extrem de important pentru ceasurile sportive.<\/p>\n<p>Ceasul este echipat cu un mecanism solar Seiko Solar: bateria se \u00eencarc\u0103 de la orice surs\u0103 de lumin\u0103, asigur\u00e2nd o func\u021bionare stabil\u0103 f\u0103r\u0103 \u00eenlocuirea regulat\u0103 a bateriei. Func\u021bia cronograf permite m\u0103surarea precis\u0103 a intervalelor de timp, iar scala tahimetric\u0103 subliniaz\u0103 stilul sportiv al modelului.<\/p>\n<p>Carcasa din o\u021bel inoxidabil se remarc\u0103 prin rezisten\u021b\u0103 \u0219i durabilitate la solicit\u0103rile zilnice. Sticla de safir protejeaz\u0103 cadranul de zg\u00e2rieturi, p\u0103str\u00e2nd aspectul impecabil. Marcajele \u0219i acul luminescente asigur\u0103 o lizibilitate excelent\u0103 chiar \u0219i \u00een timpul nop\u021bii.<\/p>\n<p>Rezisten\u021ba la ap\u0103 face ca modelul s\u0103 fie potrivit pentru un stil de via\u021b\u0103 activ, iar br\u0103\u021bara ergonomic\u0103 garanteaz\u0103 confortul la purtarea \u00eendelungat\u0103.<\/p>\n<p>SEIKO PROSPEX SPEEDTIMER SOLAR \u2014 alegerea celor care caut\u0103 tehnologie, fiabilitate \u0219i un stil sportiv expresiv \u00een fiecare detaliu.<\/p>","protected":false},"excerpt":{"rendered":"<p>Create pe baza modelului Seiko SSC813, aceste ceasuri Speedtimer au mo\u0219tenit designul \u00eendr\u0103git de mul\u021bi \u00een stilul \u201ePanda\u201d de la Seiko, cu subcadrane negre care contrasteaz\u0103 cu cadranul principal. Cadranul de culoare verde ment\u0103 al acestor ceasuri este inspirat de ma\u0219inile sport din anii &#8217;80 \u0219i &#8217;90, cunoscute sub numele de \u201eYoungtimers\u201d. Cadranul are o [&hellip;]<\/p>\n","protected":false},"featured_media":63761,"comment_status":"closed","ping_status":"open","template":"","meta":{"_acf_changed":false},"product_brand":[],"product_cat":[20,588],"product_tag":[],"class_list":{"0":"post-63760","1":"product","2":"type-product","3":"status-publish","4":"has-post-thumbnail","6":"product_cat-ceasuri-barbati","7":"product_cat-seiko","8":"pa_brand-seiko","9":"pa_braslet-otel-inoxidabil","10":"pa_corpus-39-mm","11":"pa_forma-rotund","12":"pa_funcii-cronograf","13":"pa_funcii-data","14":"pa_funcii-rezerva-de-energie","15":"pa_funcii-tahimetru","16":"pa_garatia-24-luni","17":"pa_korpus-argintiu","18":"pa_kvarc-quartz","19":"pa_material-otel-inoxidabil","20":"pa_mehanizm-baterie-solara","21":"pa_remeshok-argintiu","22":"pa_steklo-cristal-safir","23":"pa_strana-japonia","24":"pa_voda-10-atm","26":"first","27":"instock","28":"purchasable","29":"product-type-simple"},"acf":[],"_links":{"self":[{"href":"https:\/\/ceasuri.md\/ru\/wp-json\/wp\/v2\/product\/63760","targetHints":{"allow":["GET"]}}],"collection":[{"href":"https:\/\/ceasuri.md\/ru\/wp-json\/wp\/v2\/product"}],"about":[{"href":"https:\/\/ceasuri.md\/ru\/wp-json\/wp\/v2\/types\/product"}],"replies":[{"embeddable":true,"href":"https:\/\/ceasuri.md\/ru\/wp-json\/wp\/v2\/comments?post=63760"}],"wp:featuredmedia":[{"embeddable":true,"href":"https:\/\/ceasuri.md\/ru\/wp-json\/wp\/v2\/media\/63761"}],"wp:attachment":[{"href":"https:\/\/ceasuri.md\/ru\/wp-json\/wp\/v2\/media?parent=63760"}],"wp:term":[{"taxonomy":"product_brand","embeddable":true,"href":"https:\/\/ceasuri.md\/ru\/wp-json\/wp\/v2\/product_brand?post=63760"},{"taxonomy":"product_cat","embeddable":true,"href":"https:\/\/ceasuri.md\/ru\/wp-json\/wp\/v2\/product_cat?post=63760"},{"taxonomy":"product_tag","embeddable":true,"href":"https:\/\/ceasuri.md\/ru\/wp-json\/wp\/v2\/product_tag?post=63760"}],"curies":[{"name":"wp","href":"https:\/\/api.w.org\/{rel}","templated":true}]}}