{"id":63754,"date":"2026-04-03T01:46:41","date_gmt":"2026-04-02T22:46:41","guid":{"rendered":"http:\/\/new.ceasuri.md\/shop\/uncategorized\/seiko-astron-gps-solar-dual-time-chronograph-145th-anniversary-le-ssh186j1\/"},"modified":"2026-04-20T02:01:17","modified_gmt":"2026-04-19T23:01:17","slug":"seiko-astron-gps-solar-dual-time-chronograph-145th-anniversary-le-ssh186j1","status":"publish","type":"product","link":"https:\/\/ceasuri.md\/ru\/shop\/branduri\/seiko\/seiko-astron-gps-solar-dual-time-chronograph-145th-anniversary-le-ssh186j1\/","title":{"rendered":"\u0427\u0430\u0441\u044b SEIKO ASTRON GPS Solar Dual Time Chronograph 145TH Anniversary LE SSH186J1"},"content":{"rendered":"<p>S\u0103rb\u0103tori\u021bi 145 de ani de art\u0103 ceasornic\u0103riei excep\u021bionale cu seria limitat\u0103 Seiko Astron GPS Solar 145th Anniversary.<\/p>\n<p>Din 1881, Seiko r\u0103m\u00e2ne fidel\u0103 ideii de a r\u0103spunde schimb\u0103rilor sociale prin inova\u021bie \u0219i de a continua opera lui Kintaro Hattori, care dorea s\u0103 fie mereu cu un pas \u00eenainte.<\/p>\n<p>Aceste ceasuri rafinate nu sunt doar un omagiu adus bogatei istorii a Seiko, ci \u0219i un simbol al inova\u021biilor tehnologice \u0219i al elegan\u021bei atemporale.<\/p>\n<p>Aceast\u0103 serie limitat\u0103 se distinge prin designul unic, subliniat de o palet\u0103 elegant\u0103 de culori negru \u0219i auriu. Detaliile rafinate ale cadranului \u0219i m\u0103iestria impecabil\u0103 a execu\u021biei fac din acest model o adev\u0103rat\u0103 oper\u0103 de art\u0103.<\/p>\n<p>Accentele aurii de pe cadran, br\u0103\u021bar\u0103 \u0219i carcas\u0103 sunt un simbol str\u0103lucitor al succesului \u0219i prosperit\u0103\u021bii. Marcajele aurii de la 1, 4 \u0219i 5 pe scala UTC fac referire subtil\u0103 la cei 145 de ani de existen\u021b\u0103 ai companiei.<\/p>\n<p>Carcasa \u0219i br\u0103\u021bara de \u00eenalt\u0103 calitate din titan \u0219i sticla de safir rezistent\u0103 la zg\u00e2rieturi asigur\u0103 durabilitate \u0219i stil.<\/p>\n<p>Ceasul este echipat cu tehnologia Solar, care transform\u0103 orice surs\u0103 de lumin\u0103 \u00een energie, elimin\u00e2nd necesitatea \u00eenlocuirii bateriei \u0219i asigur\u00e2nd o autonomie \u00eendelungat\u0103.<\/p>\n<p>Func\u021bia Dual Time permite urm\u0103rirea simultan\u0103 a orei \u00een dou\u0103 fusuri orare, iar cronograful asigur\u0103 m\u0103surarea precis\u0103 a intervalelor.<\/p>\n<p>Modulul GPS \u00eencorporat determin\u0103 automat fusul orar \u0219i sincronizeaz\u0103 ora exact\u0103 pe baza semnalelor sateli\u021bilor din \u00eentreaga lume \u2014 solu\u021bia ideal\u0103 pentru c\u0103l\u0103tori \u0219i oameni de afaceri.<\/p>\n<p>Modelul este produs \u00eentr-o serie limitat\u0103. Modelul N 0618 este disponibil \u00eentr-o edi\u021bie limitat\u0103 de 1450 de exemplare.<\/p>","protected":false},"excerpt":{"rendered":"<p>S\u0103rb\u0103tori\u021bi 145 de ani de art\u0103 ceasornic\u0103riei excep\u021bionale cu seria limitat\u0103 Seiko Astron GPS Solar 145th Anniversary. Din 1881, Seiko r\u0103m\u00e2ne fidel\u0103 ideii de a r\u0103spunde schimb\u0103rilor sociale prin inova\u021bie \u0219i de a continua opera lui Kintaro Hattori, care dorea s\u0103 fie mereu cu un pas \u00eenainte. Aceste ceasuri rafinate nu sunt doar un omagiu [&hellip;]<\/p>\n","protected":false},"featured_media":63755,"comment_status":"closed","ping_status":"open","template":"","meta":{"_acf_changed":false},"product_brand":[],"product_cat":[20,106,205,588],"product_tag":[],"class_list":{"0":"post-63754","1":"product","2":"type-product","3":"status-publish","4":"has-post-thumbnail","6":"product_cat-ceasuri-barbati","7":"product_cat-ceasuri-premium","8":"product_cat-limited-edition","9":"product_cat-seiko","10":"pa_brand-seiko","11":"pa_braslet-titan","12":"pa_corpus-44-mm","13":"pa_forma-rotund","14":"pa_funcii-calendar","15":"pa_funcii-cronograf","16":"pa_funcii-data","17":"pa_funcii-dual-time","18":"pa_funcii-gps","19":"pa_funcii-limited-edition","20":"pa_funcii-rezerva-de-energie","21":"pa_funcii-timp-mondial","22":"pa_funcii-ziua-saptamanii","23":"pa_garatia-24-luni","24":"pa_korpus-bicolor","25":"pa_kvarc-quartz","26":"pa_material-titan","27":"pa_mehanizm-baterie-solara","28":"pa_remeshok-bicolor","29":"pa_steklo-cristal-safir","30":"pa_strana-japonia","31":"pa_voda-10-atm","33":"first","34":"outofstock","35":"purchasable","36":"product-type-simple"},"acf":[],"_links":{"self":[{"href":"https:\/\/ceasuri.md\/ru\/wp-json\/wp\/v2\/product\/63754","targetHints":{"allow":["GET"]}}],"collection":[{"href":"https:\/\/ceasuri.md\/ru\/wp-json\/wp\/v2\/product"}],"about":[{"href":"https:\/\/ceasuri.md\/ru\/wp-json\/wp\/v2\/types\/product"}],"replies":[{"embeddable":true,"href":"https:\/\/ceasuri.md\/ru\/wp-json\/wp\/v2\/comments?post=63754"}],"wp:featuredmedia":[{"embeddable":true,"href":"https:\/\/ceasuri.md\/ru\/wp-json\/wp\/v2\/media\/63755"}],"wp:attachment":[{"href":"https:\/\/ceasuri.md\/ru\/wp-json\/wp\/v2\/media?parent=63754"}],"wp:term":[{"taxonomy":"product_brand","embeddable":true,"href":"https:\/\/ceasuri.md\/ru\/wp-json\/wp\/v2\/product_brand?post=63754"},{"taxonomy":"product_cat","embeddable":true,"href":"https:\/\/ceasuri.md\/ru\/wp-json\/wp\/v2\/product_cat?post=63754"},{"taxonomy":"product_tag","embeddable":true,"href":"https:\/\/ceasuri.md\/ru\/wp-json\/wp\/v2\/product_tag?post=63754"}],"curies":[{"name":"wp","href":"https:\/\/api.w.org\/{rel}","templated":true}]}}