{"id":63748,"date":"2026-04-03T01:46:41","date_gmt":"2026-04-02T22:46:41","guid":{"rendered":"http:\/\/new.ceasuri.md\/shop\/uncategorized\/seiko-astron-gps-solar-dual-time-chronograph-le-2026-ssh187j1\/"},"modified":"2026-04-20T02:01:18","modified_gmt":"2026-04-19T23:01:18","slug":"seiko-astron-gps-solar-dual-time-chronograph-le-2026-ssh187j1","status":"publish","type":"product","link":"https:\/\/ceasuri.md\/ru\/shop\/branduri\/seiko\/seiko-astron-gps-solar-dual-time-chronograph-le-2026-ssh187j1\/","title":{"rendered":"\u0427\u0430\u0441\u044b SEIKO ASTRON GPS Solar Dual Time Chronograph LE 2026 SSH187J1"},"content":{"rendered":"<p>Model limitat din gama premium Astron, care combin\u0103 tehnologii inovatoare \u0219i un design sportiv expresiv.<\/p>\n<p>Acest ceas este inspirat de cerul nocturn cu nenum\u0103rate stele \u0219i galaxii care se \u00eent\u00e2lnesc \u00een centru.<\/p>\n<p>Suprafa\u021ba cadranului prezint\u0103 o structur\u0103 spiral\u0103 \u00een relief recent dezvoltat\u0103, care imit\u0103 energia stelelor \u00een mi\u0219care.<\/p>\n<p>Modulul GPS \u00eencorporat determin\u0103 automat fusul orar \u0219i sincronizeaz\u0103 ora exact\u0103 pe baza semnalelor sateli\u021bilor din \u00eentreaga lume \u2014 solu\u021bia ideal\u0103 pentru c\u0103l\u0103tori \u0219i oameni de afaceri.<\/p>\n<p>Func\u021bia Dual Time permite urm\u0103rirea simultan\u0103 a orei \u00een dou\u0103 fusuri orare, iar cronograful asigur\u0103 m\u0103surarea precis\u0103 a intervalelor. Tehnologia Solar transform\u0103 orice surs\u0103 de lumin\u0103 \u00een energie, elimin\u00e2nd necesitatea \u00eenlocuirii bateriei \u0219i asigur\u00e2nd o autonomie \u00eendelungat\u0103.<\/p>\n<p>Carcasa \u0219i br\u0103\u021bara din titan confer\u0103 modelului soliditate \u0219i durabilitate, iar sticla de safir cu strat antireflex protejeaz\u0103 cadranul de zg\u00e2rieturi \u0219i reflexii.<\/p>\n<p>Ergonomia bine g\u00e2ndit\u0103, asamblarea impecabil\u0103 \u0219i aspectul elegant subliniaz\u0103 apartenen\u021ba la lumea tehnologiei de v\u00e2rf \u0219i a calit\u0103\u021bii japoneze de la Seiko.<\/p>\n<p>Ceasul Astron este un accesoriu indispensabil pentru un adev\u0103rat cunosc\u0103tor de ceasuri.<\/p>\n<p>Modelul N 1256 din 1500 de exemplare disponibile.<\/p>","protected":false},"excerpt":{"rendered":"<p>Model limitat din gama premium Astron, care combin\u0103 tehnologii inovatoare \u0219i un design sportiv expresiv. Acest ceas este inspirat de cerul nocturn cu nenum\u0103rate stele \u0219i galaxii care se \u00eent\u00e2lnesc \u00een centru. Suprafa\u021ba cadranului prezint\u0103 o structur\u0103 spiral\u0103 \u00een relief recent dezvoltat\u0103, care imit\u0103 energia stelelor \u00een mi\u0219care. Modulul GPS \u00eencorporat determin\u0103 automat fusul orar [&hellip;]<\/p>\n","protected":false},"featured_media":63749,"comment_status":"closed","ping_status":"open","template":"","meta":{"_acf_changed":false},"product_brand":[],"product_cat":[20,106,205,588],"product_tag":[],"class_list":{"0":"post-63748","1":"product","2":"type-product","3":"status-publish","4":"has-post-thumbnail","6":"product_cat-ceasuri-barbati","7":"product_cat-ceasuri-premium","8":"product_cat-limited-edition","9":"product_cat-seiko","10":"pa_brand-seiko","11":"pa_braslet-titan","12":"pa_corpus-43-mm","13":"pa_forma-rotund","14":"pa_funcii-calendar","15":"pa_funcii-cronograf","16":"pa_funcii-data","17":"pa_funcii-dual-time","18":"pa_funcii-gps","19":"pa_funcii-limited-edition","20":"pa_funcii-rezerva-de-energie","21":"pa_funcii-timp-mondial","22":"pa_funcii-ziua-saptamanii","23":"pa_garatia-24-luni","24":"pa_korpus-negru","25":"pa_kvarc-quartz","26":"pa_material-ceramica","27":"pa_material-titan","28":"pa_mehanizm-baterie-solara","29":"pa_remeshok-negru","30":"pa_steklo-cristal-safir","31":"pa_strana-japonia","32":"pa_voda-10-atm","34":"first","35":"instock","36":"purchasable","37":"product-type-simple"},"acf":[],"_links":{"self":[{"href":"https:\/\/ceasuri.md\/ru\/wp-json\/wp\/v2\/product\/63748","targetHints":{"allow":["GET"]}}],"collection":[{"href":"https:\/\/ceasuri.md\/ru\/wp-json\/wp\/v2\/product"}],"about":[{"href":"https:\/\/ceasuri.md\/ru\/wp-json\/wp\/v2\/types\/product"}],"replies":[{"embeddable":true,"href":"https:\/\/ceasuri.md\/ru\/wp-json\/wp\/v2\/comments?post=63748"}],"wp:featuredmedia":[{"embeddable":true,"href":"https:\/\/ceasuri.md\/ru\/wp-json\/wp\/v2\/media\/63749"}],"wp:attachment":[{"href":"https:\/\/ceasuri.md\/ru\/wp-json\/wp\/v2\/media?parent=63748"}],"wp:term":[{"taxonomy":"product_brand","embeddable":true,"href":"https:\/\/ceasuri.md\/ru\/wp-json\/wp\/v2\/product_brand?post=63748"},{"taxonomy":"product_cat","embeddable":true,"href":"https:\/\/ceasuri.md\/ru\/wp-json\/wp\/v2\/product_cat?post=63748"},{"taxonomy":"product_tag","embeddable":true,"href":"https:\/\/ceasuri.md\/ru\/wp-json\/wp\/v2\/product_tag?post=63748"}],"curies":[{"name":"wp","href":"https:\/\/api.w.org\/{rel}","templated":true}]}}