{"id":63741,"date":"2026-04-03T01:46:41","date_gmt":"2026-04-02T22:46:41","guid":{"rendered":"http:\/\/new.ceasuri.md\/shop\/uncategorized\/seiko-astron-gps-solar-le-2026-ssj039j1\/"},"modified":"2026-04-20T02:01:18","modified_gmt":"2026-04-19T23:01:18","slug":"seiko-astron-gps-solar-le-2026-ssj039j1","status":"publish","type":"product","link":"https:\/\/ceasuri.md\/ru\/shop\/branduri\/seiko\/seiko-astron-gps-solar-le-2026-ssj039j1\/","title":{"rendered":"\u0427\u0430\u0441\u044b SEIKO ASTRON GPS Solar LE 2026 SSJ039J1"},"content":{"rendered":"<p>Model limitat din legendara colec\u021bie Astron, care combin\u0103 tehnologii de v\u00e2rf \u0219i stilul japonez impecabil.<\/p>\n<p>Seiko Astron este un simbol al inova\u021biei, preciziei \u0219i abord\u0103rii moderne a m\u0103sur\u0103rii timpului.<\/p>\n<p>Cadranul acestui ceas este decorat cu un nou model spiral \u00een relief, care se extinde din centru \u0219i transmite energia stelelor plutitoare.<\/p>\n<p>Carcasa \u0219i br\u0103\u021bara complet negre, combinate cu cadranul albastru cu sclipici, amintesc de galaxiile spirale care apar din \u00eentunericul cosmic.<\/p>\n<p>Ceasul este echipat cu un modul GPS inovator, care sincronizeaz\u0103 automat ora exact\u0103 \u00een orice punct al lumii, determin\u00e2nd fusul orar cu o singur\u0103 ap\u0103sare de buton.<\/p>\n<p>Sistemul Solar asigur\u0103 alimentarea cu energie din lumin\u0103, elimin\u00e2nd necesitatea \u00eenlocuirii bateriei.<\/p>\n<p>Carcasa \u0219i br\u0103\u021bara din titan subliniaz\u0103 caracterul de prestigiu al modelului, iar sticla de safir cu strat antireflex garanteaz\u0103 o rezisten\u021b\u0103 ridicat\u0103 la zg\u00e2rieturi \u0219i o lizibilitate excelent\u0103 a cadranului.<\/p>\n<p>Modelul este produs \u00eentr-o serie limitat\u0103, ceea ce \u00eel face deosebit de atractiv pentru colec\u021bionari \u0219i iubitorii ceasurilor japoneze premium Seiko. Modelul N 0120 este disponibil \u00eentr-o edi\u021bie limitat\u0103 de 1500 de exemplare.<\/p>\n<p>Combina\u021bia armonioas\u0103 dintre tehnologie, fiabilitate \u0219i design elegant face ca aceste ceasuri s\u0103 fie alegerea ideal\u0103 pentru \u00eent\u00e2lniri de afaceri, c\u0103l\u0103torii \u0219i uzul zilnic.<\/p>","protected":false},"excerpt":{"rendered":"<p>Model limitat din legendara colec\u021bie Astron, care combin\u0103 tehnologii de v\u00e2rf \u0219i stilul japonez impecabil. Seiko Astron este un simbol al inova\u021biei, preciziei \u0219i abord\u0103rii moderne a m\u0103sur\u0103rii timpului. Cadranul acestui ceas este decorat cu un nou model spiral \u00een relief, care se extinde din centru \u0219i transmite energia stelelor plutitoare. Carcasa \u0219i br\u0103\u021bara complet [&hellip;]<\/p>\n","protected":false},"featured_media":63742,"comment_status":"closed","ping_status":"open","template":"","meta":{"_acf_changed":false},"product_brand":[],"product_cat":[20,106,205,588],"product_tag":[],"class_list":{"0":"post-63741","1":"product","2":"type-product","3":"status-publish","4":"has-post-thumbnail","6":"product_cat-ceasuri-barbati","7":"product_cat-ceasuri-premium","8":"product_cat-limited-edition","9":"product_cat-seiko","10":"pa_brand-seiko","11":"pa_braslet-titan","12":"pa_corpus-41-mm","13":"pa_forma-octogonala","14":"pa_funcii-calendar","15":"pa_funcii-data","16":"pa_funcii-gps","17":"pa_funcii-limited-edition","18":"pa_funcii-rezerva-de-energie","19":"pa_garatia-24-luni","20":"pa_korpus-negru","21":"pa_kvarc-quartz","22":"pa_material-titan","23":"pa_mehanizm-baterie-solara","24":"pa_remeshok-negru","25":"pa_steklo-cristal-safir","26":"pa_strana-japonia","27":"pa_voda-10-atm","29":"first","30":"instock","31":"purchasable","32":"product-type-simple"},"acf":[],"_links":{"self":[{"href":"https:\/\/ceasuri.md\/ru\/wp-json\/wp\/v2\/product\/63741","targetHints":{"allow":["GET"]}}],"collection":[{"href":"https:\/\/ceasuri.md\/ru\/wp-json\/wp\/v2\/product"}],"about":[{"href":"https:\/\/ceasuri.md\/ru\/wp-json\/wp\/v2\/types\/product"}],"replies":[{"embeddable":true,"href":"https:\/\/ceasuri.md\/ru\/wp-json\/wp\/v2\/comments?post=63741"}],"wp:featuredmedia":[{"embeddable":true,"href":"https:\/\/ceasuri.md\/ru\/wp-json\/wp\/v2\/media\/63742"}],"wp:attachment":[{"href":"https:\/\/ceasuri.md\/ru\/wp-json\/wp\/v2\/media?parent=63741"}],"wp:term":[{"taxonomy":"product_brand","embeddable":true,"href":"https:\/\/ceasuri.md\/ru\/wp-json\/wp\/v2\/product_brand?post=63741"},{"taxonomy":"product_cat","embeddable":true,"href":"https:\/\/ceasuri.md\/ru\/wp-json\/wp\/v2\/product_cat?post=63741"},{"taxonomy":"product_tag","embeddable":true,"href":"https:\/\/ceasuri.md\/ru\/wp-json\/wp\/v2\/product_tag?post=63741"}],"curies":[{"name":"wp","href":"https:\/\/api.w.org\/{rel}","templated":true}]}}