{"id":63735,"date":"2026-04-03T01:46:41","date_gmt":"2026-04-02T22:46:41","guid":{"rendered":"http:\/\/new.ceasuri.md\/shop\/uncategorized\/seiko-5-sports-field-series-ssk023k1\/"},"modified":"2026-04-20T02:01:19","modified_gmt":"2026-04-19T23:01:19","slug":"seiko-5-sports-field-series-ssk023k1","status":"publish","type":"product","link":"https:\/\/ceasuri.md\/ru\/shop\/branduri\/seiko\/seiko-5-sports-field-series-ssk023k1\/","title":{"rendered":"\u0427\u0430\u0441\u044b SEIKO 5 SPORTS Field series SSK023K1"},"content":{"rendered":"<p>Descoper\u0103 colec\u021bia Seiko 5 Sport cu noile ceasuri care \u00eembin\u0103 m\u0103iestria tradi\u021bional\u0103 \u00een fabricarea ceasurilor cu tehnologia modern\u0103.<\/p>\n<p>arcasa rezistent\u0103 din o\u021bel inoxidabil confer\u0103 ceasurilor un aspect spectaculos \u0219i elegant \u00een acela\u0219i timp.<\/p>\n<p>Rezisten\u021ba la ap\u0103 p\u00e2n\u0103 la 10 ATM face ca acest ceas s\u0103 fie un companion de \u00eencredere \u00een aventurile de zi cu zi.<\/p>\n<p>Capacul transparent din spate permite s\u0103 arunca\u021bi o privire \u00een interiorul ceasului \u0219i s\u0103 vede\u021bi mecanismul complex.<\/p>\n<p>Cadranul negru cu tehnologia LumiBrite pe ace \u0219i indici asigur\u0103 o lizibilitate optim\u0103 \u00een orice condi\u021bii de iluminare. Acul GMT suplimentar permite urm\u0103rirea unui al doilea fus orar, ceea ce este ideal pentru c\u0103l\u0103tori \u0219i oameni de afaceri.<\/p>\n<p>Bezelul \u0219i sticla mineral\u0103 c\u0103litat\u0103 asigur\u0103 o protec\u021bie suplimentar\u0103 \u0219i rezisten\u021b\u0103 la zg\u00e2rieturi.<\/p>\n<p>Br\u0103\u021bara din o\u021bel inoxidabil cu \u00eenchiz\u0103toare de siguran\u021b\u0103 pliabil\u0103 asigur\u0103 o fixare confortabil\u0103 \u0219i sigur\u0103 pe \u00eencheietura m\u00e2inii.<\/p>\n<p>Fiecare detaliu al ceasului este atent g\u00e2ndit pentru a combina estetica \u0219i func\u021bionalitatea.<\/p>","protected":false},"excerpt":{"rendered":"<p>Descoper\u0103 colec\u021bia Seiko 5 Sport cu noile ceasuri care \u00eembin\u0103 m\u0103iestria tradi\u021bional\u0103 \u00een fabricarea ceasurilor cu tehnologia modern\u0103. arcasa rezistent\u0103 din o\u021bel inoxidabil confer\u0103 ceasurilor un aspect spectaculos \u0219i elegant \u00een acela\u0219i timp. Rezisten\u021ba la ap\u0103 p\u00e2n\u0103 la 10 ATM face ca acest ceas s\u0103 fie un companion de \u00eencredere \u00een aventurile de zi cu [&hellip;]<\/p>\n","protected":false},"featured_media":63736,"comment_status":"closed","ping_status":"open","template":"","meta":{"_acf_changed":false},"product_brand":[],"product_cat":[20,588],"product_tag":[],"class_list":{"0":"post-63735","1":"product","2":"type-product","3":"status-publish","4":"has-post-thumbnail","6":"product_cat-ceasuri-barbati","7":"product_cat-seiko","8":"pa_brand-seiko","9":"pa_braslet-otel-inoxidabil","10":"pa_corpus-39-mm","11":"pa_forma-rotund","12":"pa_funcii-data","13":"pa_funcii-gmt","14":"pa_garatia-24-luni","15":"pa_korpus-argintiu","16":"pa_material-otel-inoxidabil","17":"pa_mehanizm-mecanic","18":"pa_mehanizm-mecanism-automatic","19":"pa_remeshok-argintiu","20":"pa_steklo-hardlex-crystal","21":"pa_strana-japonia","22":"pa_voda-10-atm","24":"first","25":"instock","26":"purchasable","27":"product-type-simple"},"acf":[],"_links":{"self":[{"href":"https:\/\/ceasuri.md\/ru\/wp-json\/wp\/v2\/product\/63735","targetHints":{"allow":["GET"]}}],"collection":[{"href":"https:\/\/ceasuri.md\/ru\/wp-json\/wp\/v2\/product"}],"about":[{"href":"https:\/\/ceasuri.md\/ru\/wp-json\/wp\/v2\/types\/product"}],"replies":[{"embeddable":true,"href":"https:\/\/ceasuri.md\/ru\/wp-json\/wp\/v2\/comments?post=63735"}],"wp:featuredmedia":[{"embeddable":true,"href":"https:\/\/ceasuri.md\/ru\/wp-json\/wp\/v2\/media\/63736"}],"wp:attachment":[{"href":"https:\/\/ceasuri.md\/ru\/wp-json\/wp\/v2\/media?parent=63735"}],"wp:term":[{"taxonomy":"product_brand","embeddable":true,"href":"https:\/\/ceasuri.md\/ru\/wp-json\/wp\/v2\/product_brand?post=63735"},{"taxonomy":"product_cat","embeddable":true,"href":"https:\/\/ceasuri.md\/ru\/wp-json\/wp\/v2\/product_cat?post=63735"},{"taxonomy":"product_tag","embeddable":true,"href":"https:\/\/ceasuri.md\/ru\/wp-json\/wp\/v2\/product_tag?post=63735"}],"curies":[{"name":"wp","href":"https:\/\/api.w.org\/{rel}","templated":true}]}}