{"id":63728,"date":"2026-04-03T01:46:41","date_gmt":"2026-04-02T22:46:41","guid":{"rendered":"http:\/\/new.ceasuri.md\/shop\/uncategorized\/seiko-5-sports-field-series-ssk025k1\/"},"modified":"2026-04-20T02:01:20","modified_gmt":"2026-04-19T23:01:20","slug":"seiko-5-sports-field-series-ssk025k1","status":"publish","type":"product","link":"https:\/\/ceasuri.md\/ru\/shop\/branduri\/seiko\/seiko-5-sports-field-series-ssk025k1\/","title":{"rendered":"\u0427\u0430\u0441\u044b SEIKO 5 SPORTS Field series SSK025K1"},"content":{"rendered":"<p>Ceas mecanic fiabil \u00een stil Field, creat pentru o via\u021b\u0103 activ\u0103 \u00een ora\u0219 \u0219i \u00een afara acestuia.<\/p>\n<p>Modelul combin\u0103 designul utilitar \u0219i func\u021biile moderne, p\u0103str\u00e2nd caracterul recognoscibil al liniei Seiko 5 Sports.<\/p>\n<p>Carcasa din o\u021bel inoxidabil cu acoperire neagr\u0103 se remarc\u0103 prin rezisten\u021b\u0103 \u0219i confort la purtare.<\/p>\n<p>Cadranul contrastant, cu indici arabi clari \u0219i indicatoare luminescente, asigur\u0103 o lizibilitate excelent\u0103 \u00een orice condi\u021bii.<\/p>\n<p>Ceasul este echipat cu un mecanism automat cu posibilitate de \u00eenf\u0103\u0219urare manual\u0103 \u0219i func\u021bie GMT, care permite urm\u0103rirea unui al doilea fus orar \u2014 alegerea ideal\u0103 pentru c\u0103l\u0103torii \u0219i deplas\u0103ri de afaceri.<\/p>\n<p>Sticla rezistent\u0103 Hardlex protejeaz\u0103 cadranul de zg\u00e2rieturi, iar capacul transparent din spate permite observarea func\u021bion\u0103rii mecanismului.<\/p>\n<p>Rezisten\u021ba la ap\u0103 face ca acest model s\u0103 fie practic pentru purtarea zilnic\u0103.<\/p>\n<p>SEIKO 5 SPORTS Field este o armonie \u00eentre func\u021bionalitate, fiabilitate \u0219i stil brutal pentru cei care apreciaz\u0103 calitatea \u0219i caracterul \u00een fiecare detaliu.<\/p>","protected":false},"excerpt":{"rendered":"<p>Ceas mecanic fiabil \u00een stil Field, creat pentru o via\u021b\u0103 activ\u0103 \u00een ora\u0219 \u0219i \u00een afara acestuia. Modelul combin\u0103 designul utilitar \u0219i func\u021biile moderne, p\u0103str\u00e2nd caracterul recognoscibil al liniei Seiko 5 Sports. Carcasa din o\u021bel inoxidabil cu acoperire neagr\u0103 se remarc\u0103 prin rezisten\u021b\u0103 \u0219i confort la purtare. Cadranul contrastant, cu indici arabi clari \u0219i indicatoare [&hellip;]<\/p>\n","protected":false},"featured_media":63729,"comment_status":"closed","ping_status":"open","template":"","meta":{"_acf_changed":false},"product_brand":[],"product_cat":[20,588],"product_tag":[],"class_list":{"0":"post-63728","1":"product","2":"type-product","3":"status-publish","4":"has-post-thumbnail","6":"product_cat-ceasuri-barbati","7":"product_cat-seiko","8":"pa_brand-seiko","9":"pa_braslet-piele","10":"pa_corpus-39-mm","11":"pa_forma-rotund","12":"pa_funcii-data","13":"pa_funcii-gmt","14":"pa_garatia-24-luni","15":"pa_korpus-negru","16":"pa_material-otel-inoxidabil","17":"pa_mehanizm-mecanic","18":"pa_mehanizm-mecanism-automatic","19":"pa_remeshok-negru","20":"pa_steklo-hardlex-crystal","21":"pa_strana-japonia","22":"pa_voda-10-atm","24":"first","25":"instock","26":"purchasable","27":"product-type-simple"},"acf":[],"_links":{"self":[{"href":"https:\/\/ceasuri.md\/ru\/wp-json\/wp\/v2\/product\/63728","targetHints":{"allow":["GET"]}}],"collection":[{"href":"https:\/\/ceasuri.md\/ru\/wp-json\/wp\/v2\/product"}],"about":[{"href":"https:\/\/ceasuri.md\/ru\/wp-json\/wp\/v2\/types\/product"}],"replies":[{"embeddable":true,"href":"https:\/\/ceasuri.md\/ru\/wp-json\/wp\/v2\/comments?post=63728"}],"wp:featuredmedia":[{"embeddable":true,"href":"https:\/\/ceasuri.md\/ru\/wp-json\/wp\/v2\/media\/63729"}],"wp:attachment":[{"href":"https:\/\/ceasuri.md\/ru\/wp-json\/wp\/v2\/media?parent=63728"}],"wp:term":[{"taxonomy":"product_brand","embeddable":true,"href":"https:\/\/ceasuri.md\/ru\/wp-json\/wp\/v2\/product_brand?post=63728"},{"taxonomy":"product_cat","embeddable":true,"href":"https:\/\/ceasuri.md\/ru\/wp-json\/wp\/v2\/product_cat?post=63728"},{"taxonomy":"product_tag","embeddable":true,"href":"https:\/\/ceasuri.md\/ru\/wp-json\/wp\/v2\/product_tag?post=63728"}],"curies":[{"name":"wp","href":"https:\/\/api.w.org\/{rel}","templated":true}]}}