{"id":63723,"date":"2026-04-03T01:46:07","date_gmt":"2026-04-02T22:46:07","guid":{"rendered":"http:\/\/new.ceasuri.md\/shop\/uncategorized\/seiko-classic-sur307p1\/"},"modified":"2026-04-20T02:01:20","modified_gmt":"2026-04-19T23:01:20","slug":"seiko-classic-sur307p1","status":"publish","type":"product","link":"https:\/\/ceasuri.md\/ru\/shop\/branduri\/seiko\/seiko-classic-sur307p1\/","title":{"rendered":"Ceas SEIKO CLASSIC SUR307P1"},"content":{"rendered":"<p>Acest ceas impresioneaz\u0103 prin simplitatea sa elegant\u0103.<\/p>\n<p>Calitatea superioar\u0103 se reflect\u0103 \u00een utilizarea sticlei de safir.<\/p>\n<p>Carcasa \u0219i br\u0103\u021bara sunt din o\u021bel inoxidabil cu suprafa\u021b\u0103 mat\u0103 \u0219i lustruit\u0103.<\/p>\n<p>La \u00eencheietura m\u00e2inii, ceasul arat\u0103 elegant \u0219i v\u0103 subliniaz\u0103 stilul chiar \u0219i la evenimentele solemne.<\/p>","protected":false},"excerpt":{"rendered":"<p>Acest ceas impresioneaz\u0103 prin simplitatea sa elegant\u0103. Calitatea superioar\u0103 se reflect\u0103 \u00een utilizarea sticlei de safir. Carcasa \u0219i br\u0103\u021bara sunt din o\u021bel inoxidabil cu suprafa\u021b\u0103 mat\u0103 \u0219i lustruit\u0103. La \u00eencheietura m\u00e2inii, ceasul arat\u0103 elegant \u0219i v\u0103 subliniaz\u0103 stilul chiar \u0219i la evenimentele solemne.<\/p>","protected":false},"featured_media":63724,"comment_status":"closed","ping_status":"open","template":"","meta":{"_acf_changed":false},"product_brand":[],"product_cat":[20,588],"product_tag":[],"class_list":{"0":"post-63723","1":"product","2":"type-product","3":"status-publish","4":"has-post-thumbnail","6":"product_cat-ceasuri-barbati","7":"product_cat-seiko","8":"pa_brand-seiko","9":"pa_braslet-otel-inoxidabil","10":"pa_corpus-40-mm","11":"pa_forma-rotund","12":"pa_funcii-data","13":"pa_garatia-24-luni","14":"pa_korpus-argintiu","15":"pa_kvarc-quartz","16":"pa_material-otel-inoxidabil","17":"pa_mehanizm-quartz","18":"pa_remeshok-argintiu","19":"pa_steklo-cristal-safir","20":"pa_strana-japonia","21":"pa_voda-10-atm","23":"first","24":"instock","25":"purchasable","26":"product-type-simple"},"acf":[],"_links":{"self":[{"href":"https:\/\/ceasuri.md\/ru\/wp-json\/wp\/v2\/product\/63723","targetHints":{"allow":["GET"]}}],"collection":[{"href":"https:\/\/ceasuri.md\/ru\/wp-json\/wp\/v2\/product"}],"about":[{"href":"https:\/\/ceasuri.md\/ru\/wp-json\/wp\/v2\/types\/product"}],"replies":[{"embeddable":true,"href":"https:\/\/ceasuri.md\/ru\/wp-json\/wp\/v2\/comments?post=63723"}],"wp:featuredmedia":[{"embeddable":true,"href":"https:\/\/ceasuri.md\/ru\/wp-json\/wp\/v2\/media\/63724"}],"wp:attachment":[{"href":"https:\/\/ceasuri.md\/ru\/wp-json\/wp\/v2\/media?parent=63723"}],"wp:term":[{"taxonomy":"product_brand","embeddable":true,"href":"https:\/\/ceasuri.md\/ru\/wp-json\/wp\/v2\/product_brand?post=63723"},{"taxonomy":"product_cat","embeddable":true,"href":"https:\/\/ceasuri.md\/ru\/wp-json\/wp\/v2\/product_cat?post=63723"},{"taxonomy":"product_tag","embeddable":true,"href":"https:\/\/ceasuri.md\/ru\/wp-json\/wp\/v2\/product_tag?post=63723"}],"curies":[{"name":"wp","href":"https:\/\/api.w.org\/{rel}","templated":true}]}}