{"id":63718,"date":"2026-04-03T01:46:07","date_gmt":"2026-04-02T22:46:07","guid":{"rendered":"http:\/\/new.ceasuri.md\/shop\/uncategorized\/seiko-classic-sur466p1\/"},"modified":"2026-04-20T02:01:21","modified_gmt":"2026-04-19T23:01:21","slug":"seiko-classic-sur466p1","status":"publish","type":"product","link":"https:\/\/ceasuri.md\/ru\/shop\/branduri\/seiko\/seiko-classic-sur466p1\/","title":{"rendered":"Ceas SEIKO CLASSIC SUR466P1"},"content":{"rendered":"<p>Acest ceas, care completeaz\u0103 perfect \u021binuta ta, se remarc\u0103 prin formele curate ale carcasei \u0219i cadranul alb.<\/p>\n<p>Modelul din o\u021bel inoxidabil cu lunet\u0103 aurit\u0103 \u0219i unele zale ale br\u0103\u021b\u0103rii \u00eei confer\u0103 un aspect rafinat, dar nu prea ostentativ.<\/p>\n<p>Elegant, dar \u00een acela\u0219i timp rezistent, ceasul este impermeabil p\u00e2n\u0103 la 10 bari \u0219i este echipat cu sticl\u0103 de safir rezistent\u0103 la zg\u00e2rieturi.<\/p>","protected":false},"excerpt":{"rendered":"<p>Acest ceas, care completeaz\u0103 perfect \u021binuta ta, se remarc\u0103 prin formele curate ale carcasei \u0219i cadranul alb. Modelul din o\u021bel inoxidabil cu lunet\u0103 aurit\u0103 \u0219i unele zale ale br\u0103\u021b\u0103rii \u00eei confer\u0103 un aspect rafinat, dar nu prea ostentativ. Elegant, dar \u00een acela\u0219i timp rezistent, ceasul este impermeabil p\u00e2n\u0103 la 10 bari \u0219i este echipat cu [&hellip;]<\/p>\n","protected":false},"featured_media":63719,"comment_status":"closed","ping_status":"open","template":"","meta":{"_acf_changed":false},"product_brand":[],"product_cat":[25,588],"product_tag":[],"class_list":{"0":"post-63718","1":"product","2":"type-product","3":"status-publish","4":"has-post-thumbnail","6":"product_cat-ceasuri-dama","7":"product_cat-seiko","8":"pa_brand-seiko","9":"pa_braslet-otel-inoxidabil","10":"pa_corpus-30-mm","11":"pa_forma-rotund","12":"pa_funcii-data","13":"pa_garatia-24-luni","14":"pa_korpus-bicolor","15":"pa_kvarc-quartz","16":"pa_material-otel-inoxidabil","17":"pa_mehanizm-quartz","18":"pa_remeshok-bicolor","19":"pa_steklo-cristal-safir","20":"pa_strana-japonia","21":"pa_voda-10-atm","23":"first","24":"instock","25":"purchasable","26":"product-type-simple"},"acf":[],"_links":{"self":[{"href":"https:\/\/ceasuri.md\/ru\/wp-json\/wp\/v2\/product\/63718","targetHints":{"allow":["GET"]}}],"collection":[{"href":"https:\/\/ceasuri.md\/ru\/wp-json\/wp\/v2\/product"}],"about":[{"href":"https:\/\/ceasuri.md\/ru\/wp-json\/wp\/v2\/types\/product"}],"replies":[{"embeddable":true,"href":"https:\/\/ceasuri.md\/ru\/wp-json\/wp\/v2\/comments?post=63718"}],"wp:featuredmedia":[{"embeddable":true,"href":"https:\/\/ceasuri.md\/ru\/wp-json\/wp\/v2\/media\/63719"}],"wp:attachment":[{"href":"https:\/\/ceasuri.md\/ru\/wp-json\/wp\/v2\/media?parent=63718"}],"wp:term":[{"taxonomy":"product_brand","embeddable":true,"href":"https:\/\/ceasuri.md\/ru\/wp-json\/wp\/v2\/product_brand?post=63718"},{"taxonomy":"product_cat","embeddable":true,"href":"https:\/\/ceasuri.md\/ru\/wp-json\/wp\/v2\/product_cat?post=63718"},{"taxonomy":"product_tag","embeddable":true,"href":"https:\/\/ceasuri.md\/ru\/wp-json\/wp\/v2\/product_tag?post=63718"}],"curies":[{"name":"wp","href":"https:\/\/api.w.org\/{rel}","templated":true}]}}